{"id":139,"date":"2024-05-31T11:23:54","date_gmt":"2024-05-31T11:23:54","guid":{"rendered":"https:\/\/garaipince.hu\/?page_id=139"},"modified":"2024-08-30T06:03:14","modified_gmt":"2024-08-30T06:03:14","slug":"boraink","status":"publish","type":"page","link":"https:\/\/garaipince.hu\/en\/boraink\/","title":{"rendered":"WINES"},"content":{"rendered":"<p>[et_pb_section fb_built=&#8221;1&#8243; _builder_version=&#8221;4.23&#8243; _module_preset=&#8221;default&#8221; global_colors_info=&#8221;{}&#8221;][et_pb_row _builder_version=&#8221;4.23&#8243; _module_preset=&#8221;default&#8221; global_colors_info=&#8221;{}&#8221;][et_pb_column type=&#8221;4_4&#8243; _builder_version=&#8221;4.23&#8243; _module_preset=&#8221;default&#8221; global_colors_info=&#8221;{}&#8221;][et_pb_heading title=&#8221;@ET-DC@eyJkeW5hbWljIjp0cnVlLCJjb250ZW50IjoicG9zdF90aXRsZSIsInNldHRpbmdzIjp7ImJlZm9yZSI6IiIsImFmdGVyIjoiIn19@&#8221; _builder_version=&#8221;4.23&#8243; _dynamic_attributes=&#8221;title&#8221; _module_preset=&#8221;default&#8221; title_text_align=&#8221;center&#8221; border_width_bottom=&#8221;1px&#8221; border_color_bottom=&#8221;#C0C0C0&#8243; global_colors_info=&#8221;{}&#8221;][\/et_pb_heading][\/et_pb_column][\/et_pb_row][et_pb_row column_structure=&#8221;1_3,1_3,1_3&#8243; _builder_version=&#8221;4.23&#8243; _module_preset=&#8221;default&#8221; global_colors_info=&#8221;{}&#8221;][et_pb_column type=&#8221;1_3&#8243; _builder_version=&#8221;4.23&#8243; _module_preset=&#8221;default&#8221; global_colors_info=&#8221;{}&#8221;][et_pb_blurb title=&#8221;V\u00d6R\u00d6SBOROK&#8221; image=&#8221;https:\/\/garaipince.hu\/wp-content\/uploads\/2024\/05\/vorosek.png&#8221; _builder_version=&#8221;4.27.0&#8243; _module_preset=&#8221;default&#8221; header_text_align=&#8221;center&#8221; hover_enabled=&#8221;0&#8243; global_colors_info=&#8221;{}&#8221; sticky_enabled=&#8221;0&#8243;]<\/p>\n<p style=\"text-align: center;\">A szeksz\u00e1rdi borvid\u00e9k tradicion\u00e1lis fajt\u00e1i mellett kedvedre  v\u00e1logathatsz a s\u0171r\u0171, koncentr\u00e1lt vil\u00e1gfajt\u00e1k k\u00f6z\u00fcl is.<\/p>\n<p style=\"text-align: center;\"><a href=\"garaipince.hu\/vorosborok\">B\u0150VEBBEN<\/a><\/p>\n<p>[\/et_pb_blurb][\/et_pb_column][et_pb_column type=&#8221;1_3&#8243; _builder_version=&#8221;4.23&#8243; _module_preset=&#8221;default&#8221; global_colors_info=&#8221;{}&#8221;][et_pb_blurb title=&#8221;FEH\u00c9RBOROK&#8221; image=&#8221;https:\/\/garaipince.hu\/wp-content\/uploads\/2024\/05\/feherek.png&#8221; _builder_version=&#8221;4.27.0&#8243; _module_preset=&#8221;default&#8221; header_text_align=&#8221;center&#8221; hover_enabled=&#8221;0&#8243; global_colors_info=&#8221;{}&#8221; sticky_enabled=&#8221;0&#8243;]<\/p>\n<p style=\"text-align: center;\">Fedezd fel a frissess\u00e9g \u00e9s az elegancia vil\u00e1g\u00e1t a feh\u00e9rborainkban. K\u00edn\u00e1latunkban megtal\u00e1lhat\u00f3ak a k\u00f6nnyed, gy\u00fcm\u00f6lcs\u00f6s \u00e9s a m\u00e9lyebb text\u00far\u00e1j\u00fa borok is.<\/p>\n<p style=\"text-align: center;\"><a href=\"garaipince.hu\/feherborok\">B\u0150VEBBEN<\/a><\/p>\n<p>[\/et_pb_blurb][\/et_pb_column][et_pb_column type=&#8221;1_3&#8243; _builder_version=&#8221;4.23&#8243; _module_preset=&#8221;default&#8221; global_colors_info=&#8221;{}&#8221;][et_pb_blurb title=&#8221;ROS\u00c9 BOROK&#8221; image=&#8221;https:\/\/garaipince.hu\/wp-content\/uploads\/2024\/08\/rosek2.png&#8221; _builder_version=&#8221;4.27.0&#8243; _module_preset=&#8221;default&#8221; header_text_align=&#8221;center&#8221; global_colors_info=&#8221;{}&#8221;]<\/p>\n<p style=\"text-align: center;\">Engedd, hogy elb\u0171v\u00f6lj\u00f6n a ros\u00e9 borok finom \u00e9s \u00fcde karaktere. Frissess\u00e9g\u00fck \u00e9s eleg\u00e1ns \u00edzvil\u00e1guk t\u00f6k\u00e9letesen harmoniz\u00e1l a ny\u00e1ri pillanatokkal \u00e9s k\u00f6nnyed \u00e9telekkel.<\/p>\n<p style=\"text-align: center;\"><a href=\"garaipince.hu\/rose\">B\u0150VEBBEN<\/a><\/p>\n<p>[\/et_pb_blurb][\/et_pb_column][\/et_pb_row][et_pb_row column_structure=&#8221;1_2,1_2&#8243; _builder_version=&#8221;4.27.0&#8243; _module_preset=&#8221;default&#8221; border_width_top=&#8221;1px&#8221; border_color_top=&#8221;#C0C0C0&#8243; border_width_bottom=&#8221;1px&#8221; border_color_bottom=&#8221;#C0C0C0&#8243; global_colors_info=&#8221;{}&#8221;][et_pb_column type=&#8221;1_2&#8243; _builder_version=&#8221;4.23&#8243; _module_preset=&#8221;default&#8221; global_colors_info=&#8221;{}&#8221;][et_pb_button button_url=&#8221;@ET-DC@eyJkeW5hbWljIjp0cnVlLCJjb250ZW50IjoicG9zdF9saW5rX3VybF9wYWdlIiwic2V0dGluZ3MiOnsicG9zdF9pZCI6IjExMTcifX0=@&#8221; button_text=&#8221;\u00c1RLIST\u00c1NK&#8221; button_alignment=&#8221;center&#8221; _builder_version=&#8221;4.27.0&#8243; _dynamic_attributes=&#8221;button_url&#8221; _module_preset=&#8221;default&#8221; global_colors_info=&#8221;{}&#8221;][\/et_pb_button][\/et_pb_column][et_pb_column type=&#8221;1_2&#8243; _builder_version=&#8221;4.23&#8243; _module_preset=&#8221;default&#8221; global_colors_info=&#8221;{}&#8221;][et_pb_button button_url=&#8221;http:\/\/garaipince.hu\/uzlet&#8221; button_text=&#8221;WEBSHOP&#8221; button_alignment=&#8221;center&#8221; _builder_version=&#8221;4.27.0&#8243; _module_preset=&#8221;default&#8221; global_colors_info=&#8221;{}&#8221;][\/et_pb_button][\/et_pb_column][\/et_pb_row][et_pb_row _builder_version=&#8221;4.27.0&#8243; _module_preset=&#8221;default&#8221; global_colors_info=&#8221;{}&#8221;][et_pb_column type=&#8221;4_4&#8243; _builder_version=&#8221;4.23&#8243; _module_preset=&#8221;default&#8221; global_colors_info=&#8221;{}&#8221;][et_pb_text _builder_version=&#8221;4.23&#8243; _module_preset=&#8221;default&#8221; text_font=&#8221;|300|||||||&#8221; text_font_size=&#8221;21px&#8221; text_orientation=&#8221;center&#8221; global_colors_info=&#8221;{}&#8221;]<\/p>\n<p>Borainkat nem csak pinc\u00e9szet\u00fcnkn\u00e9l v\u00e1s\u00e1rolhatod meg.<br \/>A k\u00f6vetkez\u0151 helyeken is megtal\u00e1lhat\u00f3ak.<\/p>\n<p>[\/et_pb_text][\/et_pb_column][\/et_pb_row][et_pb_row column_structure=&#8221;1_2,1_2&#8243; _builder_version=&#8221;4.23&#8243; _module_preset=&#8221;default&#8221; global_colors_info=&#8221;{}&#8221;][et_pb_column type=&#8221;1_2&#8243; _builder_version=&#8221;4.23&#8243; _module_preset=&#8221;default&#8221; global_colors_info=&#8221;{}&#8221;][et_pb_image src=&#8221;https:\/\/garaipince.hu\/wp-content\/uploads\/2024\/05\/27.webp&#8221; title_text=&#8221;27&#8243; _builder_version=&#8221;4.23&#8243; _module_preset=&#8221;default&#8221; global_colors_info=&#8221;{}&#8221;][\/et_pb_image][\/et_pb_column][et_pb_column type=&#8221;1_2&#8243; _builder_version=&#8221;4.23&#8243; _module_preset=&#8221;default&#8221; global_colors_info=&#8221;{}&#8221;][et_pb_text _builder_version=&#8221;4.27.0&#8243; _module_preset=&#8221;default&#8221; text_orientation=&#8221;justified&#8221; global_colors_info=&#8221;{}&#8221;]<\/p>\n<p>Drink Shop, Bonyh\u00e1d<\/p>\n<p>CBA \u00fczlet Mecsekn\u00e1dasd, Kossuth u. 12.<\/p>\n<p>Garay \u00c9lm\u00e9nypince, Szeksz\u00e1rd, Garay t\u00e9r 19.<\/p>\n<p>Szeksz\u00e1rdi Borok Szak\u00fczlete, P\u00e9cs, Nagy Jen\u0151 u. 2.<\/p>\n<p>BorHord\u00f3 Borkeresked\u00e9s, P\u00e9cs, M\u00e1rt\u00edrok \u00fatja 19.<\/p>\n<p>Noresa Panzi\u00f3, Sz\u00e1lka<\/p>\n<p>Pannon Borbolt, www.pannonborbolt.hu<\/p>\n<p><span class=\"wnd-font-size-90\"><span class=\"wnd-font-size-110\">B\u00e1tasz\u00e9ki Turisztikai \u00e9s Inform\u00e1ci\u00f3s Pont\u00a0<\/span><br \/><\/span><\/p>\n<p>Talizm\u00e1n Vend\u00e9gl\u0151, B\u00e1tasz\u00e9k<\/p>\n<p>Falu-Delik\u00e1t, Budapest, Szent Istv\u00e1n krt. 23.<\/p>\n<p>Mandula ABC, 1136 Bp,\u00a0 Heged\u0171s Gy. u. 43.<\/p>\n<p><span class=\"wnd-font-size-90\">A BOR\/The WINE, 1031 Budapest, N\u00e1n\u00e1si \u00fat 47-49.<\/span><\/p>\n<p>M\u00e9nesi Borb\u00e1r, 1118 Bp, M\u00e9nesi \u00fat 1.<\/p>\n<p>Schlossberg Vend\u00e9gl\u0151, Mecsekn\u00e1dasd<\/p>\n<p>[\/et_pb_text][\/et_pb_column][\/et_pb_row][\/et_pb_section]<\/p>\n","protected":false},"excerpt":{"rendered":"<p>A szeksz\u00e1rdi borvid\u00e9k tradicion\u00e1lis fajt\u00e1i mellett kedvedre v\u00e1logathatsz a s\u0171r\u0171, koncentr\u00e1lt vil\u00e1gfajt\u00e1k k\u00f6z\u00fcl is. B\u0150VEBBENFedezd fel a frissess\u00e9g \u00e9s az elegancia vil\u00e1g\u00e1t a feh\u00e9rborainkban. K\u00edn\u00e1latunkban megtal\u00e1lhat\u00f3ak a k\u00f6nnyed, gy\u00fcm\u00f6lcs\u00f6s \u00e9s a m\u00e9lyebb text\u00far\u00e1j\u00fa borok is. B\u0150VEBBENEngedd, hogy elb\u0171v\u00f6lj\u00f6n a ros\u00e9 borok finom \u00e9s \u00fcde karaktere. Frissess\u00e9g\u00fck \u00e9s eleg\u00e1ns \u00edzvil\u00e1guk t\u00f6k\u00e9letesen harmoniz\u00e1l a ny\u00e1ri pillanatokkal \u00e9s [&hellip;]<\/p>\n","protected":false},"author":1,"featured_media":0,"parent":0,"menu_order":0,"comment_status":"closed","ping_status":"closed","template":"","meta":{"_et_pb_use_builder":"on","_et_pb_old_content":"","_et_gb_content_width":"","footnotes":""},"class_list":["post-139","page","type-page","status-publish","hentry"],"yoast_head":"<!-- This site is optimized with the Yoast SEO plugin v27.4 - https:\/\/yoast.com\/product\/yoast-seo-wordpress\/ -->\n<title>BORAINK - Garai Pince<\/title>\n<meta name=\"robots\" content=\"index, follow, max-snippet:-1, max-image-preview:large, max-video-preview:-1\" \/>\n<link rel=\"canonical\" href=\"https:\/\/garaipince.hu\/en\/boraink\/\" \/>\n<meta property=\"og:locale\" content=\"en_GB\" \/>\n<meta property=\"og:type\" content=\"article\" \/>\n<meta property=\"og:title\" content=\"BORAINK - Garai Pince\" \/>\n<meta property=\"og:description\" content=\"A szeksz\u00e1rdi borvid\u00e9k tradicion\u00e1lis fajt\u00e1i mellett kedvedre v\u00e1logathatsz a s\u0171r\u0171, koncentr\u00e1lt vil\u00e1gfajt\u00e1k k\u00f6z\u00fcl is. B\u0150VEBBENFedezd fel a frissess\u00e9g \u00e9s az elegancia vil\u00e1g\u00e1t a feh\u00e9rborainkban. K\u00edn\u00e1latunkban megtal\u00e1lhat\u00f3ak a k\u00f6nnyed, gy\u00fcm\u00f6lcs\u00f6s \u00e9s a m\u00e9lyebb text\u00far\u00e1j\u00fa borok is. B\u0150VEBBENEngedd, hogy elb\u0171v\u00f6lj\u00f6n a ros\u00e9 borok finom \u00e9s \u00fcde karaktere. Frissess\u00e9g\u00fck \u00e9s eleg\u00e1ns \u00edzvil\u00e1guk t\u00f6k\u00e9letesen harmoniz\u00e1l a ny\u00e1ri pillanatokkal \u00e9s [&hellip;]\" \/>\n<meta property=\"og:url\" content=\"https:\/\/garaipince.hu\/en\/boraink\/\" \/>\n<meta property=\"og:site_name\" content=\"Garai Pince\" \/>\n<meta property=\"article:publisher\" content=\"https:\/\/www.facebook.com\/GaraiPince\" \/>\n<meta property=\"article:modified_time\" content=\"2024-08-30T06:03:14+00:00\" \/>\n<meta name=\"twitter:card\" content=\"summary_large_image\" \/>\n<meta name=\"twitter:label1\" content=\"Estimated reading time\" \/>\n\t<meta name=\"twitter:data1\" content=\"2 minutes\" \/>\n<script type=\"application\/ld+json\" class=\"yoast-schema-graph\">{\"@context\":\"https:\\\/\\\/schema.org\",\"@graph\":[{\"@type\":\"WebPage\",\"@id\":\"https:\\\/\\\/garaipince.hu\\\/boraink\\\/\",\"url\":\"https:\\\/\\\/garaipince.hu\\\/boraink\\\/\",\"name\":\"BORAINK - Garai Pince\",\"isPartOf\":{\"@id\":\"https:\\\/\\\/garaipince.hu\\\/#website\"},\"datePublished\":\"2024-05-31T11:23:54+00:00\",\"dateModified\":\"2024-08-30T06:03:14+00:00\",\"breadcrumb\":{\"@id\":\"https:\\\/\\\/garaipince.hu\\\/boraink\\\/#breadcrumb\"},\"inLanguage\":\"en-GB\",\"potentialAction\":[{\"@type\":\"ReadAction\",\"target\":[\"https:\\\/\\\/garaipince.hu\\\/boraink\\\/\"]}]},{\"@type\":\"BreadcrumbList\",\"@id\":\"https:\\\/\\\/garaipince.hu\\\/boraink\\\/#breadcrumb\",\"itemListElement\":[{\"@type\":\"ListItem\",\"position\":1,\"name\":\"Kezd\u0151lap\",\"item\":\"https:\\\/\\\/garaipince.hu\\\/\"},{\"@type\":\"ListItem\",\"position\":2,\"name\":\"BORAINK\"}]},{\"@type\":\"WebSite\",\"@id\":\"https:\\\/\\\/garaipince.hu\\\/#website\",\"url\":\"https:\\\/\\\/garaipince.hu\\\/\",\"name\":\"Garai Pinc\u00e9szet\",\"description\":\"Ny\u00e9kihegy - Szeksz\u00e1rdi borvid\u00e9k\",\"publisher\":{\"@id\":\"https:\\\/\\\/garaipince.hu\\\/#organization\"},\"potentialAction\":[{\"@type\":\"SearchAction\",\"target\":{\"@type\":\"EntryPoint\",\"urlTemplate\":\"https:\\\/\\\/garaipince.hu\\\/?s={search_term_string}\"},\"query-input\":{\"@type\":\"PropertyValueSpecification\",\"valueRequired\":true,\"valueName\":\"search_term_string\"}}],\"inLanguage\":\"en-GB\"},{\"@type\":\"Organization\",\"@id\":\"https:\\\/\\\/garaipince.hu\\\/#organization\",\"name\":\"Garai Pinc\u00e9szet\",\"url\":\"https:\\\/\\\/garaipince.hu\\\/\",\"logo\":{\"@type\":\"ImageObject\",\"inLanguage\":\"en-GB\",\"@id\":\"https:\\\/\\\/garaipince.hu\\\/#\\\/schema\\\/logo\\\/image\\\/\",\"url\":\"https:\\\/\\\/garaipince.hu\\\/wp-content\\\/uploads\\\/2024\\\/08\\\/TELJES_LOGO_FEKETE-BETU.png\",\"contentUrl\":\"https:\\\/\\\/garaipince.hu\\\/wp-content\\\/uploads\\\/2024\\\/08\\\/TELJES_LOGO_FEKETE-BETU.png\",\"width\":665,\"height\":1122,\"caption\":\"Garai Pinc\u00e9szet\"},\"image\":{\"@id\":\"https:\\\/\\\/garaipince.hu\\\/#\\\/schema\\\/logo\\\/image\\\/\"},\"sameAs\":[\"https:\\\/\\\/www.facebook.com\\\/GaraiPince\"]}]}<\/script>\n<!-- \/ Yoast SEO plugin. -->","yoast_head_json":{"title":"BORAINK - Garai Pince","robots":{"index":"index","follow":"follow","max-snippet":"max-snippet:-1","max-image-preview":"max-image-preview:large","max-video-preview":"max-video-preview:-1"},"canonical":"https:\/\/garaipince.hu\/en\/boraink\/","og_locale":"en_GB","og_type":"article","og_title":"BORAINK - Garai Pince","og_description":"A szeksz\u00e1rdi borvid\u00e9k tradicion\u00e1lis fajt\u00e1i mellett kedvedre v\u00e1logathatsz a s\u0171r\u0171, koncentr\u00e1lt vil\u00e1gfajt\u00e1k k\u00f6z\u00fcl is. B\u0150VEBBENFedezd fel a frissess\u00e9g \u00e9s az elegancia vil\u00e1g\u00e1t a feh\u00e9rborainkban. K\u00edn\u00e1latunkban megtal\u00e1lhat\u00f3ak a k\u00f6nnyed, gy\u00fcm\u00f6lcs\u00f6s \u00e9s a m\u00e9lyebb text\u00far\u00e1j\u00fa borok is. B\u0150VEBBENEngedd, hogy elb\u0171v\u00f6lj\u00f6n a ros\u00e9 borok finom \u00e9s \u00fcde karaktere. Frissess\u00e9g\u00fck \u00e9s eleg\u00e1ns \u00edzvil\u00e1guk t\u00f6k\u00e9letesen harmoniz\u00e1l a ny\u00e1ri pillanatokkal \u00e9s [&hellip;]","og_url":"https:\/\/garaipince.hu\/en\/boraink\/","og_site_name":"Garai Pince","article_publisher":"https:\/\/www.facebook.com\/GaraiPince","article_modified_time":"2024-08-30T06:03:14+00:00","twitter_card":"summary_large_image","twitter_misc":{"Estimated reading time":"2 minutes"},"schema":{"@context":"https:\/\/schema.org","@graph":[{"@type":"WebPage","@id":"https:\/\/garaipince.hu\/boraink\/","url":"https:\/\/garaipince.hu\/boraink\/","name":"BORAINK - Garai Pince","isPartOf":{"@id":"https:\/\/garaipince.hu\/#website"},"datePublished":"2024-05-31T11:23:54+00:00","dateModified":"2024-08-30T06:03:14+00:00","breadcrumb":{"@id":"https:\/\/garaipince.hu\/boraink\/#breadcrumb"},"inLanguage":"en-GB","potentialAction":[{"@type":"ReadAction","target":["https:\/\/garaipince.hu\/boraink\/"]}]},{"@type":"BreadcrumbList","@id":"https:\/\/garaipince.hu\/boraink\/#breadcrumb","itemListElement":[{"@type":"ListItem","position":1,"name":"Kezd\u0151lap","item":"https:\/\/garaipince.hu\/"},{"@type":"ListItem","position":2,"name":"BORAINK"}]},{"@type":"WebSite","@id":"https:\/\/garaipince.hu\/#website","url":"https:\/\/garaipince.hu\/","name":"Garai Pinc\u00e9szet","description":"Ny\u00e9kihegy - Szeksz\u00e1rdi borvid\u00e9k","publisher":{"@id":"https:\/\/garaipince.hu\/#organization"},"potentialAction":[{"@type":"SearchAction","target":{"@type":"EntryPoint","urlTemplate":"https:\/\/garaipince.hu\/?s={search_term_string}"},"query-input":{"@type":"PropertyValueSpecification","valueRequired":true,"valueName":"search_term_string"}}],"inLanguage":"en-GB"},{"@type":"Organization","@id":"https:\/\/garaipince.hu\/#organization","name":"Garai Pinc\u00e9szet","url":"https:\/\/garaipince.hu\/","logo":{"@type":"ImageObject","inLanguage":"en-GB","@id":"https:\/\/garaipince.hu\/#\/schema\/logo\/image\/","url":"https:\/\/garaipince.hu\/wp-content\/uploads\/2024\/08\/TELJES_LOGO_FEKETE-BETU.png","contentUrl":"https:\/\/garaipince.hu\/wp-content\/uploads\/2024\/08\/TELJES_LOGO_FEKETE-BETU.png","width":665,"height":1122,"caption":"Garai Pinc\u00e9szet"},"image":{"@id":"https:\/\/garaipince.hu\/#\/schema\/logo\/image\/"},"sameAs":["https:\/\/www.facebook.com\/GaraiPince"]}]}},"_links":{"self":[{"href":"https:\/\/garaipince.hu\/en\/wp-json\/wp\/v2\/pages\/139","targetHints":{"allow":["GET"]}}],"collection":[{"href":"https:\/\/garaipince.hu\/en\/wp-json\/wp\/v2\/pages"}],"about":[{"href":"https:\/\/garaipince.hu\/en\/wp-json\/wp\/v2\/types\/page"}],"author":[{"embeddable":true,"href":"https:\/\/garaipince.hu\/en\/wp-json\/wp\/v2\/users\/1"}],"replies":[{"embeddable":true,"href":"https:\/\/garaipince.hu\/en\/wp-json\/wp\/v2\/comments?post=139"}],"version-history":[{"count":13,"href":"https:\/\/garaipince.hu\/en\/wp-json\/wp\/v2\/pages\/139\/revisions"}],"predecessor-version":[{"id":1135,"href":"https:\/\/garaipince.hu\/en\/wp-json\/wp\/v2\/pages\/139\/revisions\/1135"}],"wp:attachment":[{"href":"https:\/\/garaipince.hu\/en\/wp-json\/wp\/v2\/media?parent=139"}],"curies":[{"name":"wp","href":"https:\/\/api.w.org\/{rel}","templated":true}]}}