{"id":170,"date":"2024-05-31T12:32:32","date_gmt":"2024-05-31T12:32:32","guid":{"rendered":"https:\/\/garaipince.hu\/?page_id=170"},"modified":"2025-04-07T18:40:27","modified_gmt":"2025-04-07T18:40:27","slug":"feherborok","status":"publish","type":"page","link":"https:\/\/garaipince.hu\/en\/feherborok\/","title":{"rendered":"WHITES"},"content":{"rendered":"<p>[et_pb_section fb_built=&#8221;1&#8243; _builder_version=&#8221;4.23&#8243; _module_preset=&#8221;default&#8221; global_colors_info=&#8221;{}&#8221;][et_pb_row _builder_version=&#8221;4.23&#8243; _module_preset=&#8221;default&#8221; global_colors_info=&#8221;{}&#8221;][et_pb_column type=&#8221;4_4&#8243; _builder_version=&#8221;4.23&#8243; _module_preset=&#8221;default&#8221; global_colors_info=&#8221;{}&#8221;][et_pb_heading title=&#8221;@ET-DC@eyJkeW5hbWljIjp0cnVlLCJjb250ZW50IjoicG9zdF90aXRsZSIsInNldHRpbmdzIjp7ImJlZm9yZSI6IiIsImFmdGVyIjoiIn19@&#8221; _builder_version=&#8221;4.23&#8243; _dynamic_attributes=&#8221;title&#8221; _module_preset=&#8221;default&#8221; title_text_align=&#8221;center&#8221; border_width_bottom=&#8221;1px&#8221; border_color_bottom=&#8221;#C0C0C0&#8243; global_colors_info=&#8221;{}&#8221;][\/et_pb_heading][\/et_pb_column][\/et_pb_row][et_pb_row _builder_version=&#8221;4.23&#8243; _module_preset=&#8221;default&#8221; global_colors_info=&#8221;{}&#8221;][et_pb_column type=&#8221;4_4&#8243; _builder_version=&#8221;4.23&#8243; _module_preset=&#8221;default&#8221; global_colors_info=&#8221;{}&#8221;][et_pb_text _builder_version=&#8221;4.27.4&#8243; _module_preset=&#8221;default&#8221; text_orientation=&#8221;justified&#8221; hover_enabled=&#8221;0&#8243; global_colors_info=&#8221;{}&#8221; sticky_enabled=&#8221;0&#8243;]<\/p>\n<p style=\"text-align: justify;\">B\u00e1r a szeksz\u00e1rdi borvid\u00e9k v\u00f6r\u00f6sborair\u00f3l h\u00edres, \u00e9rt\u00e9kes feh\u00e9r sz\u0151l\u0151 \u00fcltetv\u00e9nyek is megtal\u00e1lhat\u00f3ak itt. Az illatos, \u00fcde fajt\u00e1kon k\u00edv\u00fcl z\u00f6ldveltelini, olaszrizling \u00e9s chardonnay ker\u00fclt a Ny\u00e9ki &#8211; hegyr\u0151l a 2024 \u00e9vj\u00e1ratban a palackokba..<\/p>\n<p>[\/et_pb_text][\/et_pb_column][\/et_pb_row][et_pb_row _builder_version=&#8221;4.23&#8243; _module_preset=&#8221;default&#8221; global_colors_info=&#8221;{}&#8221;][et_pb_column type=&#8221;4_4&#8243; _builder_version=&#8221;4.23&#8243; _module_preset=&#8221;default&#8221; global_colors_info=&#8221;{}&#8221;][et_pb_divider _builder_version=&#8221;4.23&#8243; _module_preset=&#8221;default&#8221; global_colors_info=&#8221;{}&#8221;][\/et_pb_divider][\/et_pb_column][\/et_pb_row][et_pb_row _builder_version=&#8221;4.23&#8243; _module_preset=&#8221;default&#8221; global_colors_info=&#8221;{}&#8221;][et_pb_column type=&#8221;4_4&#8243; _builder_version=&#8221;4.23&#8243; _module_preset=&#8221;default&#8221; global_colors_info=&#8221;{}&#8221;][et_pb_blog fullwidth=&#8221;off&#8221; include_categories=&#8221;3&#8243; use_manual_excerpt=&#8221;off&#8221; show_more=&#8221;on&#8221; show_author=&#8221;off&#8221; show_date=&#8221;off&#8221; show_categories=&#8221;off&#8221; show_excerpt=&#8221;off&#8221; show_pagination=&#8221;off&#8221; use_overlay=&#8221;on&#8221; overlay_icon_color=&#8221;#E30613&#8243; hover_overlay_color=&#8221;rgba(192,192,192,0.41)&#8221; hover_icon=&#8221;&#x54;||divi||400&#8243; _builder_version=&#8221;4.27.0&#8243; _module_preset=&#8221;default&#8221; meta_text_align=&#8221;justify&#8221; read_more_font=&#8221;|||on|||||&#8221; text_orientation=&#8221;center&#8221; animation_style=&#8221;fade&#8221; custom_css_free_form=&#8221;||&#8221; border_width_all=&#8221;0px&#8221; box_shadow_style=&#8221;preset3&#8243; box_shadow_vertical=&#8221;18px&#8221; global_colors_info=&#8221;{}&#8221;][\/et_pb_blog][\/et_pb_column][\/et_pb_row][\/et_pb_section]<\/p>\n","protected":false},"excerpt":{"rendered":"<p>Although the Szeksz\u00e1rd wine region is famous for its red wines, valuable white grape\nvineyards can also be found here. Besides aromatic and fresh varieties, like Irsai Oliv\u00e9r and\nCserszegi F\u0171szeres, Gr\u00fcner Veltliner, Olaszrizling, and Chardonnay from Ny\u00e9ki Hill were\nbottled in the 2024 vintage.<\/p>","protected":false},"author":1,"featured_media":148,"parent":0,"menu_order":0,"comment_status":"closed","ping_status":"closed","template":"","meta":{"_et_pb_use_builder":"on","_et_pb_old_content":"","_et_gb_content_width":"","footnotes":""},"class_list":["post-170","page","type-page","status-publish","has-post-thumbnail","hentry"],"yoast_head":"<!-- This site is optimized with the Yoast SEO plugin v27.3 - https:\/\/yoast.com\/product\/yoast-seo-wordpress\/ -->\n<title>FEH\u00c9RBOROK - Garai Pince<\/title>\n<meta name=\"robots\" content=\"index, follow, max-snippet:-1, max-image-preview:large, max-video-preview:-1\" \/>\n<link rel=\"canonical\" href=\"https:\/\/garaipince.hu\/en\/feherborok\/\" \/>\n<meta property=\"og:locale\" content=\"en_GB\" \/>\n<meta property=\"og:type\" content=\"article\" \/>\n<meta property=\"og:title\" content=\"FEH\u00c9RBOROK - Garai Pince\" \/>\n<meta property=\"og:description\" content=\"B\u00e1r a szeksz\u00e1rdi borvid\u00e9k v\u00f6r\u00f6sborair\u00f3l h\u00edres, \u00e9rt\u00e9kes feh\u00e9r sz\u0151l\u0151 \u00fcltetv\u00e9nyek is megtal\u00e1lhat\u00f3ak itt. Az illatos, \u00fcde fajt\u00e1kon k\u00edv\u00fcl z\u00f6ldveltelini, olaszrizling \u00e9s chardonnay ker\u00fclt a Ny\u00e9ki - hegyr\u0151l a 2024 \u00e9vj\u00e1ratban a palackokba..\" \/>\n<meta property=\"og:url\" content=\"https:\/\/garaipince.hu\/en\/feherborok\/\" \/>\n<meta property=\"og:site_name\" content=\"Garai Pince\" \/>\n<meta property=\"article:publisher\" content=\"https:\/\/www.facebook.com\/GaraiPince\" \/>\n<meta property=\"article:modified_time\" content=\"2025-04-07T18:40:27+00:00\" \/>\n<meta property=\"og:image\" content=\"https:\/\/garaipince.hu\/wp-content\/uploads\/2024\/05\/feherek.png\" \/>\n\t<meta property=\"og:image:width\" content=\"1920\" \/>\n\t<meta property=\"og:image:height\" content=\"1279\" \/>\n\t<meta property=\"og:image:type\" content=\"image\/png\" \/>\n<meta name=\"twitter:card\" content=\"summary_large_image\" \/>\n<meta name=\"twitter:label1\" content=\"Estimated reading time\" \/>\n\t<meta name=\"twitter:data1\" content=\"3 minutes\" \/>\n<script type=\"application\/ld+json\" class=\"yoast-schema-graph\">{\"@context\":\"https:\\\/\\\/schema.org\",\"@graph\":[{\"@type\":\"WebPage\",\"@id\":\"https:\\\/\\\/garaipince.hu\\\/feherborok\\\/\",\"url\":\"https:\\\/\\\/garaipince.hu\\\/feherborok\\\/\",\"name\":\"FEH\u00c9RBOROK - Garai Pince\",\"isPartOf\":{\"@id\":\"https:\\\/\\\/garaipince.hu\\\/#website\"},\"primaryImageOfPage\":{\"@id\":\"https:\\\/\\\/garaipince.hu\\\/feherborok\\\/#primaryimage\"},\"image\":{\"@id\":\"https:\\\/\\\/garaipince.hu\\\/feherborok\\\/#primaryimage\"},\"thumbnailUrl\":\"https:\\\/\\\/garaipince.hu\\\/wp-content\\\/uploads\\\/2024\\\/05\\\/feherek.png\",\"datePublished\":\"2024-05-31T12:32:32+00:00\",\"dateModified\":\"2025-04-07T18:40:27+00:00\",\"breadcrumb\":{\"@id\":\"https:\\\/\\\/garaipince.hu\\\/feherborok\\\/#breadcrumb\"},\"inLanguage\":\"en-GB\",\"potentialAction\":[{\"@type\":\"ReadAction\",\"target\":[\"https:\\\/\\\/garaipince.hu\\\/feherborok\\\/\"]}]},{\"@type\":\"ImageObject\",\"inLanguage\":\"en-GB\",\"@id\":\"https:\\\/\\\/garaipince.hu\\\/feherborok\\\/#primaryimage\",\"url\":\"https:\\\/\\\/garaipince.hu\\\/wp-content\\\/uploads\\\/2024\\\/05\\\/feherek.png\",\"contentUrl\":\"https:\\\/\\\/garaipince.hu\\\/wp-content\\\/uploads\\\/2024\\\/05\\\/feherek.png\",\"width\":1920,\"height\":1279},{\"@type\":\"BreadcrumbList\",\"@id\":\"https:\\\/\\\/garaipince.hu\\\/feherborok\\\/#breadcrumb\",\"itemListElement\":[{\"@type\":\"ListItem\",\"position\":1,\"name\":\"Kezd\u0151lap\",\"item\":\"https:\\\/\\\/garaipince.hu\\\/\"},{\"@type\":\"ListItem\",\"position\":2,\"name\":\"FEH\u00c9RBOROK\"}]},{\"@type\":\"WebSite\",\"@id\":\"https:\\\/\\\/garaipince.hu\\\/#website\",\"url\":\"https:\\\/\\\/garaipince.hu\\\/\",\"name\":\"Garai Pinc\u00e9szet\",\"description\":\"Ny\u00e9kihegy - Szeksz\u00e1rdi borvid\u00e9k\",\"publisher\":{\"@id\":\"https:\\\/\\\/garaipince.hu\\\/#organization\"},\"potentialAction\":[{\"@type\":\"SearchAction\",\"target\":{\"@type\":\"EntryPoint\",\"urlTemplate\":\"https:\\\/\\\/garaipince.hu\\\/?s={search_term_string}\"},\"query-input\":{\"@type\":\"PropertyValueSpecification\",\"valueRequired\":true,\"valueName\":\"search_term_string\"}}],\"inLanguage\":\"en-GB\"},{\"@type\":\"Organization\",\"@id\":\"https:\\\/\\\/garaipince.hu\\\/#organization\",\"name\":\"Garai Pinc\u00e9szet\",\"url\":\"https:\\\/\\\/garaipince.hu\\\/\",\"logo\":{\"@type\":\"ImageObject\",\"inLanguage\":\"en-GB\",\"@id\":\"https:\\\/\\\/garaipince.hu\\\/#\\\/schema\\\/logo\\\/image\\\/\",\"url\":\"https:\\\/\\\/garaipince.hu\\\/wp-content\\\/uploads\\\/2024\\\/08\\\/TELJES_LOGO_FEKETE-BETU.png\",\"contentUrl\":\"https:\\\/\\\/garaipince.hu\\\/wp-content\\\/uploads\\\/2024\\\/08\\\/TELJES_LOGO_FEKETE-BETU.png\",\"width\":665,\"height\":1122,\"caption\":\"Garai Pinc\u00e9szet\"},\"image\":{\"@id\":\"https:\\\/\\\/garaipince.hu\\\/#\\\/schema\\\/logo\\\/image\\\/\"},\"sameAs\":[\"https:\\\/\\\/www.facebook.com\\\/GaraiPince\"]}]}<\/script>\n<!-- \/ Yoast SEO plugin. -->","yoast_head_json":{"title":"FEH\u00c9RBOROK - Garai Pince","robots":{"index":"index","follow":"follow","max-snippet":"max-snippet:-1","max-image-preview":"max-image-preview:large","max-video-preview":"max-video-preview:-1"},"canonical":"https:\/\/garaipince.hu\/en\/feherborok\/","og_locale":"en_GB","og_type":"article","og_title":"FEH\u00c9RBOROK - Garai Pince","og_description":"B\u00e1r a szeksz\u00e1rdi borvid\u00e9k v\u00f6r\u00f6sborair\u00f3l h\u00edres, \u00e9rt\u00e9kes feh\u00e9r sz\u0151l\u0151 \u00fcltetv\u00e9nyek is megtal\u00e1lhat\u00f3ak itt. Az illatos, \u00fcde fajt\u00e1kon k\u00edv\u00fcl z\u00f6ldveltelini, olaszrizling \u00e9s chardonnay ker\u00fclt a Ny\u00e9ki - hegyr\u0151l a 2024 \u00e9vj\u00e1ratban a palackokba..","og_url":"https:\/\/garaipince.hu\/en\/feherborok\/","og_site_name":"Garai Pince","article_publisher":"https:\/\/www.facebook.com\/GaraiPince","article_modified_time":"2025-04-07T18:40:27+00:00","og_image":[{"width":1920,"height":1279,"url":"https:\/\/garaipince.hu\/wp-content\/uploads\/2024\/05\/feherek.png","type":"image\/png"}],"twitter_card":"summary_large_image","twitter_misc":{"Estimated reading time":"3 minutes"},"schema":{"@context":"https:\/\/schema.org","@graph":[{"@type":"WebPage","@id":"https:\/\/garaipince.hu\/feherborok\/","url":"https:\/\/garaipince.hu\/feherborok\/","name":"FEH\u00c9RBOROK - Garai Pince","isPartOf":{"@id":"https:\/\/garaipince.hu\/#website"},"primaryImageOfPage":{"@id":"https:\/\/garaipince.hu\/feherborok\/#primaryimage"},"image":{"@id":"https:\/\/garaipince.hu\/feherborok\/#primaryimage"},"thumbnailUrl":"https:\/\/garaipince.hu\/wp-content\/uploads\/2024\/05\/feherek.png","datePublished":"2024-05-31T12:32:32+00:00","dateModified":"2025-04-07T18:40:27+00:00","breadcrumb":{"@id":"https:\/\/garaipince.hu\/feherborok\/#breadcrumb"},"inLanguage":"en-GB","potentialAction":[{"@type":"ReadAction","target":["https:\/\/garaipince.hu\/feherborok\/"]}]},{"@type":"ImageObject","inLanguage":"en-GB","@id":"https:\/\/garaipince.hu\/feherborok\/#primaryimage","url":"https:\/\/garaipince.hu\/wp-content\/uploads\/2024\/05\/feherek.png","contentUrl":"https:\/\/garaipince.hu\/wp-content\/uploads\/2024\/05\/feherek.png","width":1920,"height":1279},{"@type":"BreadcrumbList","@id":"https:\/\/garaipince.hu\/feherborok\/#breadcrumb","itemListElement":[{"@type":"ListItem","position":1,"name":"Kezd\u0151lap","item":"https:\/\/garaipince.hu\/"},{"@type":"ListItem","position":2,"name":"FEH\u00c9RBOROK"}]},{"@type":"WebSite","@id":"https:\/\/garaipince.hu\/#website","url":"https:\/\/garaipince.hu\/","name":"Garai Pinc\u00e9szet","description":"Ny\u00e9kihegy - Szeksz\u00e1rdi borvid\u00e9k","publisher":{"@id":"https:\/\/garaipince.hu\/#organization"},"potentialAction":[{"@type":"SearchAction","target":{"@type":"EntryPoint","urlTemplate":"https:\/\/garaipince.hu\/?s={search_term_string}"},"query-input":{"@type":"PropertyValueSpecification","valueRequired":true,"valueName":"search_term_string"}}],"inLanguage":"en-GB"},{"@type":"Organization","@id":"https:\/\/garaipince.hu\/#organization","name":"Garai Pinc\u00e9szet","url":"https:\/\/garaipince.hu\/","logo":{"@type":"ImageObject","inLanguage":"en-GB","@id":"https:\/\/garaipince.hu\/#\/schema\/logo\/image\/","url":"https:\/\/garaipince.hu\/wp-content\/uploads\/2024\/08\/TELJES_LOGO_FEKETE-BETU.png","contentUrl":"https:\/\/garaipince.hu\/wp-content\/uploads\/2024\/08\/TELJES_LOGO_FEKETE-BETU.png","width":665,"height":1122,"caption":"Garai Pinc\u00e9szet"},"image":{"@id":"https:\/\/garaipince.hu\/#\/schema\/logo\/image\/"},"sameAs":["https:\/\/www.facebook.com\/GaraiPince"]}]}},"_links":{"self":[{"href":"https:\/\/garaipince.hu\/en\/wp-json\/wp\/v2\/pages\/170","targetHints":{"allow":["GET"]}}],"collection":[{"href":"https:\/\/garaipince.hu\/en\/wp-json\/wp\/v2\/pages"}],"about":[{"href":"https:\/\/garaipince.hu\/en\/wp-json\/wp\/v2\/types\/page"}],"author":[{"embeddable":true,"href":"https:\/\/garaipince.hu\/en\/wp-json\/wp\/v2\/users\/1"}],"replies":[{"embeddable":true,"href":"https:\/\/garaipince.hu\/en\/wp-json\/wp\/v2\/comments?post=170"}],"version-history":[{"count":10,"href":"https:\/\/garaipince.hu\/en\/wp-json\/wp\/v2\/pages\/170\/revisions"}],"predecessor-version":[{"id":1887,"href":"https:\/\/garaipince.hu\/en\/wp-json\/wp\/v2\/pages\/170\/revisions\/1887"}],"wp:featuredmedia":[{"embeddable":true,"href":"https:\/\/garaipince.hu\/en\/wp-json\/wp\/v2\/media\/148"}],"wp:attachment":[{"href":"https:\/\/garaipince.hu\/en\/wp-json\/wp\/v2\/media?parent=170"}],"curies":[{"name":"wp","href":"https:\/\/api.w.org\/{rel}","templated":true}]}}