{"id":72,"date":"2024-05-30T12:53:07","date_gmt":"2024-05-30T12:53:07","guid":{"rendered":"https:\/\/garaipince.hu\/?page_id=72"},"modified":"2024-05-30T12:57:08","modified_gmt":"2024-05-30T12:57:08","slug":"tauninger-sorozat","status":"publish","type":"page","link":"https:\/\/garaipince.hu\/en\/tauninger-sorozat\/","title":{"rendered":"T\u00e4uninger labels"},"content":{"rendered":"<p>[et_pb_section fb_built=&#8221;1&#8243; _builder_version=&#8221;4.23&#8243; _module_preset=&#8221;default&#8221; global_colors_info=&#8221;{}&#8221;][et_pb_row _builder_version=&#8221;4.23&#8243; _module_preset=&#8221;default&#8221; global_colors_info=&#8221;{}&#8221;][et_pb_column type=&#8221;4_4&#8243; _builder_version=&#8221;4.23&#8243; _module_preset=&#8221;default&#8221; global_colors_info=&#8221;{}&#8221;][et_pb_heading title=&#8221;@ET-DC@eyJkeW5hbWljIjp0cnVlLCJjb250ZW50IjoicG9zdF90aXRsZSIsInNldHRpbmdzIjp7ImJlZm9yZSI6IiIsImFmdGVyIjoiIn19@&#8221; _builder_version=&#8221;4.23&#8243; _dynamic_attributes=&#8221;title&#8221; _module_preset=&#8221;default&#8221; title_text_align=&#8221;center&#8221; border_width_bottom=&#8221;1px&#8221; border_color_bottom=&#8221;#C0C0C0&#8243; global_colors_info=&#8221;{}&#8221;][\/et_pb_heading][\/et_pb_column][\/et_pb_row][et_pb_row _builder_version=&#8221;4.23&#8243; _module_preset=&#8221;default&#8221; global_colors_info=&#8221;{}&#8221;][et_pb_column type=&#8221;4_4&#8243; _builder_version=&#8221;4.23&#8243; _module_preset=&#8221;default&#8221; global_colors_info=&#8221;{}&#8221;][et_pb_text _builder_version=&#8221;4.23&#8243; _module_preset=&#8221;default&#8221; text_orientation=&#8221;justified&#8221; hover_enabled=&#8221;0&#8243; global_colors_info=&#8221;{}&#8221; sticky_enabled=&#8221;0&#8243; header_2_text_color=&#8221;#272727&#8243; header_2_font=&#8221;||||||||&#8221; text_font_size=&#8221;19px&#8221; text_font=&#8221;|300|||||||&#8221; text_line_height=&#8221;1.8em&#8221;]<\/p>\n<p>Pinc\u00e9nk b\u00fcszkes\u00e9ge a nagypap\u00e1r\u00f3l elnevezett T\u00e4uninger sorozatunk, mely csak a legjobb \u00e9vj\u00e1ratokban k\u00e9sz\u00fcl. Cabernet sauvignon, cabernet franc \u00e9s syrah, ezek a kedvelt fajt\u00e1k adj\u00e1k a sorozat \u00f6sszetev\u0151it, melyek \u00f6n\u00e1ll\u00f3an vagy h\u00e1zas\u00edtva ker\u00fclnek a palackba. Az els\u0151 T\u00e4uninger cuv\u00e9e borunk 2009-ben k\u00e9sz\u00fclt.<\/p>\n<p>[\/et_pb_text][\/et_pb_column][\/et_pb_row][et_pb_row _builder_version=&#8221;4.23&#8243; _module_preset=&#8221;default&#8221; global_colors_info=&#8221;{}&#8221;][et_pb_column type=&#8221;4_4&#8243; _builder_version=&#8221;4.23&#8243; _module_preset=&#8221;default&#8221; global_colors_info=&#8221;{}&#8221;][et_pb_divider _builder_version=&#8221;4.23&#8243; _module_preset=&#8221;default&#8221; global_colors_info=&#8221;{}&#8221;][\/et_pb_divider][\/et_pb_column][\/et_pb_row][et_pb_row _builder_version=&#8221;4.23&#8243; _module_preset=&#8221;default&#8221; global_colors_info=&#8221;{}&#8221;][et_pb_column type=&#8221;4_4&#8243; _builder_version=&#8221;4.23&#8243; _module_preset=&#8221;default&#8221; global_colors_info=&#8221;{}&#8221;][et_pb_blog fullwidth=&#8221;off&#8221; include_categories=&#8221;8&#8243; show_more=&#8221;on&#8221; show_author=&#8221;off&#8221; show_date=&#8221;off&#8221; show_categories=&#8221;off&#8221; show_pagination=&#8221;off&#8221; use_overlay=&#8221;on&#8221; overlay_icon_color=&#8221;#E30613&#8243; hover_overlay_color=&#8221;rgba(192,192,192,0.41)&#8221; hover_icon=&#8221;&#x54;||divi||400&#8243; _builder_version=&#8221;4.23&#8243; _module_preset=&#8221;default&#8221; meta_text_align=&#8221;justify&#8221; read_more_font=&#8221;|||on|||||&#8221; text_orientation=&#8221;center&#8221; animation_style=&#8221;fade&#8221; hover_enabled=&#8221;0&#8243; box_shadow_style=&#8221;preset3&#8243; global_colors_info=&#8221;{}&#8221; sticky_enabled=&#8221;0&#8243;][\/et_pb_blog][\/et_pb_column][\/et_pb_row][\/et_pb_section]<\/p>\n","protected":false},"excerpt":{"rendered":"<p>The pride of our winery is the T\u00e4uninger series, named in honor of Zolt\u00e1n\u2019s grandfather,\nwho played an important role in his wine journey. Produced only in the most exceptional\nvintages this series represents the pinnacle of our winemaking philosophy.\nCabernet Sauvignon, Cabernet Franc, and Syrah \u2013 our most cherished grape varieties \u2013 form\nthe foundation of this collection. They are bottled either as single-varietal wines or blended\ninto distinctive cuv\u00e9es that express the character of each exceptional year.\nOur very first T\u00e4uninger Cuv\u00e9e was crafted in 2009, marking the beginning of a tradition that\ncontinues to celebrate both our family heritage and our passion for creating memorable,\nterroir-driven wines. T\u00e4uninger is more than a name; it is a symbol of our Swabian heritage,\nour commitment to community, and our belief in the artistry of true craftsmanship.\n<br>\n<br>\n\nT\u00e4uninger vintages so far: 2009, 2012, 2019, 2020, 2021\n<br>\n<br>\nT\u00e4uninger vintages not yet available on the market: 2022<\/p>","protected":false},"author":1,"featured_media":0,"parent":0,"menu_order":0,"comment_status":"closed","ping_status":"closed","template":"","meta":{"_et_pb_use_builder":"on","_et_pb_old_content":"","_et_gb_content_width":"","footnotes":""},"class_list":["post-72","page","type-page","status-publish","hentry"],"yoast_head":"<!-- This site is optimized with the Yoast SEO plugin v27.3 - https:\/\/yoast.com\/product\/yoast-seo-wordpress\/ -->\n<title>T\u00e4uninger sorozat - Garai Pince<\/title>\n<meta name=\"robots\" content=\"index, follow, max-snippet:-1, max-image-preview:large, max-video-preview:-1\" \/>\n<link rel=\"canonical\" href=\"https:\/\/garaipince.hu\/en\/tauninger-sorozat\/\" \/>\n<meta property=\"og:locale\" content=\"en_GB\" \/>\n<meta property=\"og:type\" content=\"article\" \/>\n<meta property=\"og:title\" content=\"T\u00e4uninger sorozat - Garai Pince\" \/>\n<meta property=\"og:description\" content=\"Pinc\u00e9nk b\u00fcszkes\u00e9ge a nagypap\u00e1r\u00f3l elnevezett T\u00e4uninger sorozatunk, mely csak a legjobb \u00e9vj\u00e1ratokban k\u00e9sz\u00fcl. Cabernet sauvignon, cabernet franc \u00e9s syrah, ezek a kedvelt fajt\u00e1k adj\u00e1k a sorozat \u00f6sszetev\u0151it, melyek \u00f6n\u00e1ll\u00f3an vagy h\u00e1zas\u00edtva ker\u00fclnek a palackba. Az els\u0151 T\u00e4uninger cuv\u00e9e borunk 2009-ben k\u00e9sz\u00fclt.\" \/>\n<meta property=\"og:url\" content=\"https:\/\/garaipince.hu\/en\/tauninger-sorozat\/\" \/>\n<meta property=\"og:site_name\" content=\"Garai Pince\" \/>\n<meta property=\"article:publisher\" content=\"https:\/\/www.facebook.com\/GaraiPince\" \/>\n<meta property=\"article:modified_time\" content=\"2024-05-30T12:57:08+00:00\" \/>\n<meta name=\"twitter:card\" content=\"summary_large_image\" \/>\n<meta name=\"twitter:label1\" content=\"Estimated reading time\" \/>\n\t<meta name=\"twitter:data1\" content=\"2 minutes\" \/>\n<script type=\"application\/ld+json\" class=\"yoast-schema-graph\">{\"@context\":\"https:\\\/\\\/schema.org\",\"@graph\":[{\"@type\":\"WebPage\",\"@id\":\"https:\\\/\\\/garaipince.hu\\\/tauninger-sorozat\\\/\",\"url\":\"https:\\\/\\\/garaipince.hu\\\/tauninger-sorozat\\\/\",\"name\":\"T\u00e4uninger sorozat - Garai Pince\",\"isPartOf\":{\"@id\":\"https:\\\/\\\/garaipince.hu\\\/#website\"},\"datePublished\":\"2024-05-30T12:53:07+00:00\",\"dateModified\":\"2024-05-30T12:57:08+00:00\",\"breadcrumb\":{\"@id\":\"https:\\\/\\\/garaipince.hu\\\/tauninger-sorozat\\\/#breadcrumb\"},\"inLanguage\":\"en-GB\",\"potentialAction\":[{\"@type\":\"ReadAction\",\"target\":[\"https:\\\/\\\/garaipince.hu\\\/tauninger-sorozat\\\/\"]}]},{\"@type\":\"BreadcrumbList\",\"@id\":\"https:\\\/\\\/garaipince.hu\\\/tauninger-sorozat\\\/#breadcrumb\",\"itemListElement\":[{\"@type\":\"ListItem\",\"position\":1,\"name\":\"Kezd\u0151lap\",\"item\":\"https:\\\/\\\/garaipince.hu\\\/\"},{\"@type\":\"ListItem\",\"position\":2,\"name\":\"T\u00e4uninger sorozat\"}]},{\"@type\":\"WebSite\",\"@id\":\"https:\\\/\\\/garaipince.hu\\\/#website\",\"url\":\"https:\\\/\\\/garaipince.hu\\\/\",\"name\":\"Garai Pinc\u00e9szet\",\"description\":\"Ny\u00e9kihegy - Szeksz\u00e1rdi borvid\u00e9k\",\"publisher\":{\"@id\":\"https:\\\/\\\/garaipince.hu\\\/#organization\"},\"potentialAction\":[{\"@type\":\"SearchAction\",\"target\":{\"@type\":\"EntryPoint\",\"urlTemplate\":\"https:\\\/\\\/garaipince.hu\\\/?s={search_term_string}\"},\"query-input\":{\"@type\":\"PropertyValueSpecification\",\"valueRequired\":true,\"valueName\":\"search_term_string\"}}],\"inLanguage\":\"en-GB\"},{\"@type\":\"Organization\",\"@id\":\"https:\\\/\\\/garaipince.hu\\\/#organization\",\"name\":\"Garai Pinc\u00e9szet\",\"url\":\"https:\\\/\\\/garaipince.hu\\\/\",\"logo\":{\"@type\":\"ImageObject\",\"inLanguage\":\"en-GB\",\"@id\":\"https:\\\/\\\/garaipince.hu\\\/#\\\/schema\\\/logo\\\/image\\\/\",\"url\":\"https:\\\/\\\/garaipince.hu\\\/wp-content\\\/uploads\\\/2024\\\/08\\\/TELJES_LOGO_FEKETE-BETU.png\",\"contentUrl\":\"https:\\\/\\\/garaipince.hu\\\/wp-content\\\/uploads\\\/2024\\\/08\\\/TELJES_LOGO_FEKETE-BETU.png\",\"width\":665,\"height\":1122,\"caption\":\"Garai Pinc\u00e9szet\"},\"image\":{\"@id\":\"https:\\\/\\\/garaipince.hu\\\/#\\\/schema\\\/logo\\\/image\\\/\"},\"sameAs\":[\"https:\\\/\\\/www.facebook.com\\\/GaraiPince\"]}]}<\/script>\n<!-- \/ Yoast SEO plugin. -->","yoast_head_json":{"title":"T\u00e4uninger sorozat - Garai Pince","robots":{"index":"index","follow":"follow","max-snippet":"max-snippet:-1","max-image-preview":"max-image-preview:large","max-video-preview":"max-video-preview:-1"},"canonical":"https:\/\/garaipince.hu\/en\/tauninger-sorozat\/","og_locale":"en_GB","og_type":"article","og_title":"T\u00e4uninger sorozat - Garai Pince","og_description":"Pinc\u00e9nk b\u00fcszkes\u00e9ge a nagypap\u00e1r\u00f3l elnevezett T\u00e4uninger sorozatunk, mely csak a legjobb \u00e9vj\u00e1ratokban k\u00e9sz\u00fcl. Cabernet sauvignon, cabernet franc \u00e9s syrah, ezek a kedvelt fajt\u00e1k adj\u00e1k a sorozat \u00f6sszetev\u0151it, melyek \u00f6n\u00e1ll\u00f3an vagy h\u00e1zas\u00edtva ker\u00fclnek a palackba. Az els\u0151 T\u00e4uninger cuv\u00e9e borunk 2009-ben k\u00e9sz\u00fclt.","og_url":"https:\/\/garaipince.hu\/en\/tauninger-sorozat\/","og_site_name":"Garai Pince","article_publisher":"https:\/\/www.facebook.com\/GaraiPince","article_modified_time":"2024-05-30T12:57:08+00:00","twitter_card":"summary_large_image","twitter_misc":{"Estimated reading time":"2 minutes"},"schema":{"@context":"https:\/\/schema.org","@graph":[{"@type":"WebPage","@id":"https:\/\/garaipince.hu\/tauninger-sorozat\/","url":"https:\/\/garaipince.hu\/tauninger-sorozat\/","name":"T\u00e4uninger sorozat - Garai Pince","isPartOf":{"@id":"https:\/\/garaipince.hu\/#website"},"datePublished":"2024-05-30T12:53:07+00:00","dateModified":"2024-05-30T12:57:08+00:00","breadcrumb":{"@id":"https:\/\/garaipince.hu\/tauninger-sorozat\/#breadcrumb"},"inLanguage":"en-GB","potentialAction":[{"@type":"ReadAction","target":["https:\/\/garaipince.hu\/tauninger-sorozat\/"]}]},{"@type":"BreadcrumbList","@id":"https:\/\/garaipince.hu\/tauninger-sorozat\/#breadcrumb","itemListElement":[{"@type":"ListItem","position":1,"name":"Kezd\u0151lap","item":"https:\/\/garaipince.hu\/"},{"@type":"ListItem","position":2,"name":"T\u00e4uninger sorozat"}]},{"@type":"WebSite","@id":"https:\/\/garaipince.hu\/#website","url":"https:\/\/garaipince.hu\/","name":"Garai Pinc\u00e9szet","description":"Ny\u00e9kihegy - Szeksz\u00e1rdi borvid\u00e9k","publisher":{"@id":"https:\/\/garaipince.hu\/#organization"},"potentialAction":[{"@type":"SearchAction","target":{"@type":"EntryPoint","urlTemplate":"https:\/\/garaipince.hu\/?s={search_term_string}"},"query-input":{"@type":"PropertyValueSpecification","valueRequired":true,"valueName":"search_term_string"}}],"inLanguage":"en-GB"},{"@type":"Organization","@id":"https:\/\/garaipince.hu\/#organization","name":"Garai Pinc\u00e9szet","url":"https:\/\/garaipince.hu\/","logo":{"@type":"ImageObject","inLanguage":"en-GB","@id":"https:\/\/garaipince.hu\/#\/schema\/logo\/image\/","url":"https:\/\/garaipince.hu\/wp-content\/uploads\/2024\/08\/TELJES_LOGO_FEKETE-BETU.png","contentUrl":"https:\/\/garaipince.hu\/wp-content\/uploads\/2024\/08\/TELJES_LOGO_FEKETE-BETU.png","width":665,"height":1122,"caption":"Garai Pinc\u00e9szet"},"image":{"@id":"https:\/\/garaipince.hu\/#\/schema\/logo\/image\/"},"sameAs":["https:\/\/www.facebook.com\/GaraiPince"]}]}},"_links":{"self":[{"href":"https:\/\/garaipince.hu\/en\/wp-json\/wp\/v2\/pages\/72","targetHints":{"allow":["GET"]}}],"collection":[{"href":"https:\/\/garaipince.hu\/en\/wp-json\/wp\/v2\/pages"}],"about":[{"href":"https:\/\/garaipince.hu\/en\/wp-json\/wp\/v2\/types\/page"}],"author":[{"embeddable":true,"href":"https:\/\/garaipince.hu\/en\/wp-json\/wp\/v2\/users\/1"}],"replies":[{"embeddable":true,"href":"https:\/\/garaipince.hu\/en\/wp-json\/wp\/v2\/comments?post=72"}],"version-history":[{"count":3,"href":"https:\/\/garaipince.hu\/en\/wp-json\/wp\/v2\/pages\/72\/revisions"}],"predecessor-version":[{"id":75,"href":"https:\/\/garaipince.hu\/en\/wp-json\/wp\/v2\/pages\/72\/revisions\/75"}],"wp:attachment":[{"href":"https:\/\/garaipince.hu\/en\/wp-json\/wp\/v2\/media?parent=72"}],"curies":[{"name":"wp","href":"https:\/\/api.w.org\/{rel}","templated":true}]}}