{"id":79,"date":"2024-05-30T13:04:43","date_gmt":"2024-05-30T13:04:43","guid":{"rendered":"https:\/\/garaipince.hu\/?page_id=79"},"modified":"2026-02-12T16:54:15","modified_gmt":"2026-02-12T16:54:15","slug":"kezdolap","status":"publish","type":"page","link":"https:\/\/garaipince.hu\/en\/","title":{"rendered":"Kezd\u0151lap"},"content":{"rendered":"<p>[et_pb_section fb_built=&#8221;1&#8243; _builder_version=&#8221;4.27.0&#8243; _module_preset=&#8221;default&#8221; background_enable_image=&#8221;off&#8221; global_colors_info=&#8221;{}&#8221;][\/et_pb_section][et_pb_section fb_built=&#8221;1&#8243; fullwidth=&#8221;on&#8221; _builder_version=&#8221;4.27.4&#8243; _module_preset=&#8221;default&#8221; min_height=&#8221;966px&#8221; custom_margin=&#8221;-194px|||||&#8221; global_colors_info=&#8221;{}&#8221;][et_pb_fullwidth_slider _builder_version=&#8221;4.27.4&#8243; _module_preset=&#8221;default&#8221; background_image=&#8221;https:\/\/garaipince.hu\/wp-content\/uploads\/2024\/09\/plakett.png&#8221; min_height=&#8221;1008px&#8221; custom_margin=&#8221;-63px||79px|||&#8221; global_colors_info=&#8221;{}&#8221;][et_pb_slide _builder_version=&#8221;4.27.4&#8243; _module_preset=&#8221;default&#8221; background_image=&#8221;https:\/\/garaipince.hu\/wp-content\/uploads\/2025\/03\/DSC07662-Edit-2-scaled.jpg&#8221; background_enable_image=&#8221;on&#8221; global_colors_info=&#8221;{}&#8221; sticky_transition=&#8221;on&#8221;][\/et_pb_slide][\/et_pb_fullwidth_slider][\/et_pb_section][et_pb_section fb_built=&#8221;1&#8243; disabled_on=&#8221;on|on|on&#8221; _builder_version=&#8221;4.27.0&#8243; _module_preset=&#8221;default&#8221; background_enable_image=&#8221;off&#8221; custom_margin=&#8221;0px||||false|false&#8221; custom_padding=&#8221;0px||||false|false&#8221; disabled=&#8221;on&#8221; global_colors_info=&#8221;{}&#8221;][et_pb_row column_structure=&#8221;1_4,3_4&#8243; _builder_version=&#8221;4.27.0&#8243; _module_preset=&#8221;default&#8221; background_enable_color=&#8221;off&#8221; global_colors_info=&#8221;{}&#8221;][et_pb_column type=&#8221;1_4&#8243; _builder_version=&#8221;4.23&#8243; _module_preset=&#8221;default&#8221; global_colors_info=&#8221;{}&#8221;][et_pb_image src=&#8221;https:\/\/garaipince.hu\/wp-content\/uploads\/2024\/05\/TELJES_LOGO_FEKETE-BETU.png&#8221; title_text=&#8221;TELJES_LOGO_FEKETE BETU&#8221; align=&#8221;center&#8221; _builder_version=&#8221;4.27.0&#8243; _module_preset=&#8221;default&#8221; width=&#8221;50%&#8221; global_colors_info=&#8221;{}&#8221;][\/et_pb_image][\/et_pb_column][et_pb_column type=&#8221;3_4&#8243; _builder_version=&#8221;4.23&#8243; _module_preset=&#8221;default&#8221; global_colors_info=&#8221;{}&#8221;][et_pb_text _builder_version=&#8221;4.27.0&#8243; _module_preset=&#8221;default&#8221; text_font_size=&#8221;17px&#8221; text_line_height=&#8221;1.8em&#8221; text_orientation=&#8221;justified&#8221; global_colors_info=&#8221;{}&#8221;]<\/p>\n<p><span>A Garai csal\u00e1d 2013-ban v\u00e1s\u00e1rolta a kezdetben 1,5 hekt\u00e1r ter\u00fcletet a Ny\u00e9ki-hegyen. A sz\u0151l\u0151ter\u00fclet r\u00e9szben r\u00e9gi telep\u00edt\u00e9s\u0171 k\u00e9kfrankosb\u00f3l, r\u00e9szben \u00faj telep\u00edt\u00e9s\u0171 cabernet sauvignonb\u00f3l \u00e1ll. A t\u00f6bb mint 10 \u00e9ves, sz\u00e1mos borversenyen kiv\u00e1l\u00f3 eredm\u00e9nyeket el\u00e9rt hobbibor\u00e1szkod\u00e1s ut\u00e1n v\u00e9gre lehet\u0151s\u00e9g ny\u00edlt arra, hogy a kedvelt szeksz\u00e1rdi borvid\u00e9ken, saj\u00e1t k\u00e9zzel m\u0171velt sz\u0151l\u0151ter\u00fcletr\u0151l k\u00e9sz\u00edthess\u00fcnk, saj\u00e1t k\u00e9sz\u00edt\u00e9s\u0171 borokat.<\/span><\/p>\n<p>[\/et_pb_text][\/et_pb_column][\/et_pb_row][\/et_pb_section][et_pb_section fb_built=&#8221;1&#8243; _builder_version=&#8221;4.23&#8243; _module_preset=&#8221;default&#8221; background_color=&#8221;RGBA(255,255,255,0)&#8221; background_enable_image=&#8221;off&#8221; background_size=&#8221;contain&#8221; background_position=&#8221;center_left&#8221; custom_margin=&#8221;0px||||false|false&#8221; custom_padding=&#8221;0px||||false|false&#8221; global_colors_info=&#8221;{}&#8221;][et_pb_row _builder_version=&#8221;4.23&#8243; _module_preset=&#8221;default&#8221; global_colors_info=&#8221;{}&#8221;][et_pb_column type=&#8221;4_4&#8243; _builder_version=&#8221;4.23&#8243; _module_preset=&#8221;default&#8221; global_colors_info=&#8221;{}&#8221;][et_pb_heading title=&#8221;BORAINK&#8221; _builder_version=&#8221;4.27.0&#8243; _module_preset=&#8221;default&#8221; title_text_align=&#8221;center&#8221; box_shadow_style=&#8221;preset3&#8243; global_colors_info=&#8221;{}&#8221;][\/et_pb_heading][\/et_pb_column][\/et_pb_row][et_pb_row column_structure=&#8221;1_3,1_3,1_3&#8243; _builder_version=&#8221;4.23&#8243; _module_preset=&#8221;default&#8221; global_colors_info=&#8221;{}&#8221;][et_pb_column type=&#8221;1_3&#8243; _builder_version=&#8221;4.23&#8243; _module_preset=&#8221;default&#8221; global_colors_info=&#8221;{}&#8221;][et_pb_blurb title=&#8221;V\u00d6R\u00d6SBOROK&#8221; image=&#8221;https:\/\/garaipince.hu\/wp-content\/uploads\/2024\/05\/vorosek.png&#8221; _builder_version=&#8221;4.27.0&#8243; _module_preset=&#8221;default&#8221; header_text_align=&#8221;center&#8221; global_colors_info=&#8221;{}&#8221;]<\/p>\n<p style=\"text-align: center;\"><span>Mer\u00fclj el a m\u00e9ly \u00e9s gazdag \u00edzek var\u00e1zslatos vil\u00e1g\u00e1ban v\u00f6r\u00f6sborainkkal. Pinc\u00e9szet\u00fcnk legfinomabb v\u00f6r\u00f6sborai a t\u00f6k\u00e9letes v\u00e1laszt\u00e1s egy k\u00fcl\u00f6nleges vacsor\u00e1hoz vagy egy meghitt est\u00e9hez.<\/span><\/p>\n<p>[\/et_pb_blurb][et_pb_text _builder_version=&#8221;4.27.0&#8243; _module_preset=&#8221;default&#8221; global_colors_info=&#8221;{}&#8221;]<\/p>\n<p style=\"text-align: center;\"><a href=\"https:\/\/garaipince.hu\/boraink\/garaipince.hu\/vorosborok\">B\u0150VEBBEN<\/a><\/p>\n<p>[\/et_pb_text][\/et_pb_column][et_pb_column type=&#8221;1_3&#8243; _builder_version=&#8221;4.23&#8243; _module_preset=&#8221;default&#8221; global_colors_info=&#8221;{}&#8221;][et_pb_blurb title=&#8221;FEH\u00c9RBOROK&#8221; image=&#8221;https:\/\/garaipince.hu\/wp-content\/uploads\/2024\/05\/feherek.png&#8221; _builder_version=&#8221;4.27.0&#8243; _module_preset=&#8221;default&#8221; header_text_align=&#8221;center&#8221; global_colors_info=&#8221;{}&#8221;]<\/p>\n<p style=\"text-align: center;\"><span>Fedezd fel a frissess\u00e9g \u00e9s az elegancia vil\u00e1g\u00e1t feh\u00e9rborainkkal. K\u00edn\u00e1latunkban megtal\u00e1lhat\u00f3ak a k\u00f6nnyed, gy\u00fcm\u00f6lcs\u00f6s \u00edzek, amelyek minden alkalmat k\u00fcl\u00f6nlegess\u00e9 tesznek.<br \/><\/span><\/p>\n<p>[\/et_pb_blurb][et_pb_text _builder_version=&#8221;4.27.0&#8243; _module_preset=&#8221;default&#8221; global_colors_info=&#8221;{}&#8221;]<\/p>\n<p style=\"text-align: center;\"><a href=\"https:\/\/garaipince.hu\/boraink\/garaipince.hu\/feherborok\">B\u0150VEBBEN<\/a><\/p>\n<p>[\/et_pb_text][\/et_pb_column][et_pb_column type=&#8221;1_3&#8243; _builder_version=&#8221;4.23&#8243; _module_preset=&#8221;default&#8221; global_colors_info=&#8221;{}&#8221;][et_pb_blurb title=&#8221;ROS\u00c9 BOROK&#8221; image=&#8221;https:\/\/garaipince.hu\/wp-content\/uploads\/2024\/08\/rosek2.png&#8221; _builder_version=&#8221;4.27.0&#8243; _module_preset=&#8221;default&#8221; header_text_align=&#8221;center&#8221; global_colors_info=&#8221;{}&#8221;]<\/p>\n<p style=\"text-align: center;\"><span>Engedd, hogy elb\u0171v\u00f6lj\u00f6n a ros\u00e9 borok finom \u00e9s \u00fcde karaktere. Frissess\u00e9g\u00fck \u00e9s eleg\u00e1ns \u00edzvil\u00e1guk t\u00f6k\u00e9letesen harmoniz\u00e1l a ny\u00e1ri pillanatokkal \u00e9s k\u00f6nnyed \u00e9telekkel.<\/span><\/p>\n<p>[\/et_pb_blurb][et_pb_text _builder_version=&#8221;4.27.0&#8243; _module_preset=&#8221;default&#8221; global_colors_info=&#8221;{}&#8221;]<\/p>\n<p style=\"text-align: center;\"><a href=\"https:\/\/garaipince.hu\/boraink\/garaipince.hu\/rose\">B\u0150VEBBEN<\/a><\/p>\n<p>[\/et_pb_text][\/et_pb_column][\/et_pb_row][et_pb_row _builder_version=&#8221;4.27.0&#8243; _module_preset=&#8221;default&#8221; border_width_bottom=&#8221;1px&#8221; border_color_bottom=&#8221;#C0C0C0&#8243; global_colors_info=&#8221;{}&#8221;][et_pb_column type=&#8221;4_4&#8243; _builder_version=&#8221;4.23&#8243; _module_preset=&#8221;default&#8221; global_colors_info=&#8221;{}&#8221;][et_pb_button button_url=&#8221;http:\/\/garaipince.hu\/uzlet&#8221; button_text=&#8221;WEBSHOP&#8221; button_alignment=&#8221;center&#8221; _builder_version=&#8221;4.27.0&#8243; _module_preset=&#8221;default&#8221; global_colors_info=&#8221;{}&#8221;][\/et_pb_button][\/et_pb_column][\/et_pb_row][\/et_pb_section][et_pb_section fb_built=&#8221;1&#8243; disabled_on=&#8221;off|off|off&#8221; _builder_version=&#8221;4.27.0&#8243; _module_preset=&#8221;default&#8221; background_color=&#8221;RGBA(255,255,255,0)&#8221; background_enable_image=&#8221;off&#8221; background_size=&#8221;contain&#8221; background_position=&#8221;center_left&#8221; custom_margin=&#8221;0px||||false|false&#8221; custom_padding=&#8221;0px||||false|false&#8221; global_module=&#8221;1664&#8243; saved_tabs=&#8221;all&#8221; global_colors_info=&#8221;{}&#8221;][et_pb_row _builder_version=&#8221;4.23&#8243; _module_preset=&#8221;default&#8221; global_colors_info=&#8221;{}&#8221;][et_pb_column type=&#8221;4_4&#8243; _builder_version=&#8221;4.23&#8243; _module_preset=&#8221;default&#8221; global_colors_info=&#8221;{}&#8221;][et_pb_heading title=&#8221;BORK\u00d3STOL\u00d3K&#8221; _builder_version=&#8221;4.23&#8243; _module_preset=&#8221;default&#8221; title_text_align=&#8221;center&#8221; box_shadow_style=&#8221;preset3&#8243; global_colors_info=&#8221;{}&#8221;][\/et_pb_heading][\/et_pb_column][\/et_pb_row][et_pb_row column_structure=&#8221;1_3,1_3,1_3&#8243; _builder_version=&#8221;4.23&#8243; _module_preset=&#8221;default&#8221; global_colors_info=&#8221;{}&#8221;][et_pb_column type=&#8221;1_3&#8243; _builder_version=&#8221;4.23&#8243; _module_preset=&#8221;default&#8221; global_colors_info=&#8221;{}&#8221;][et_pb_blurb title=&#8221;5 soros bork\u00f3stol\u00f3&#8221; image=&#8221;https:\/\/garaipince.hu\/wp-content\/uploads\/2024\/05\/16.webp&#8221; _builder_version=&#8221;4.27.5&#8243; _module_preset=&#8221;default&#8221; hover_enabled=&#8221;0&#8243; global_colors_info=&#8221;{}&#8221; sticky_enabled=&#8221;0&#8243;]<\/p>\n<p>5 t\u00e9tel k\u00f3stol\u00e1sa<br \/>pog\u00e1csa<\/p>\n<p><strong>8.000,- Ft\/ f\u0151<\/strong><\/p>\n<p>[\/et_pb_blurb][\/et_pb_column][et_pb_column type=&#8221;1_3&#8243; _builder_version=&#8221;4.23&#8243; _module_preset=&#8221;default&#8221; global_colors_info=&#8221;{}&#8221;][et_pb_blurb title=&#8221;10 soros bork\u00f3stol\u00f3&#8221; image=&#8221;https:\/\/garaipince.hu\/wp-content\/uploads\/2024\/05\/6.webp&#8221; _builder_version=&#8221;4.27.5&#8243; _module_preset=&#8221;default&#8221; hover_enabled=&#8221;0&#8243; global_colors_info=&#8221;{}&#8221; sticky_enabled=&#8221;0&#8243;]<\/p>\n<p>10 t\u00e9tel k\u00f3stol\u00e1sa<br \/>pog\u00e1csa, sajtt\u00e1l, h\u00e1zi f\u00fcst\u00f6lt falatok<br \/>sz\u00f3da<\/p>\n<p><strong>12.000,- Ft\/ f\u0151<\/strong><\/p>\n<p>[\/et_pb_blurb][\/et_pb_column][et_pb_column type=&#8221;1_3&#8243; _builder_version=&#8221;4.23&#8243; _module_preset=&#8221;default&#8221; global_colors_info=&#8221;{}&#8221;][et_pb_blurb title=&#8221;10 soros k\u00f3stol\u00f3 borvacsor\u00e1val&#8221; image=&#8221;https:\/\/garaipince.hu\/wp-content\/uploads\/2025\/01\/borkostolo_10_vacsoraval.jpg&#8221; _builder_version=&#8221;4.27.5&#8243; _module_preset=&#8221;default&#8221; hover_enabled=&#8221;0&#8243; global_colors_info=&#8221;{}&#8221; sticky_enabled=&#8221;0&#8243;]<\/p>\n<p>10 t\u00e9tel k\u00f3stol\u00e1sa<br \/><span>pog\u00e1csa, sajtok, h\u00e1zi falatok,<br \/>kemenc\u00e9s \u00e9telekb\u0151l 3 f\u00e9le v\u00e1laszthat\u00f3,<br \/>h\u00e1zi r\u00e9tes, sz\u00f3da, limon\u00e1d\u00e9<\/span><\/p>\n<p><strong>22.000,- Ft\/ f\u0151<\/strong><\/p>\n<p>[\/et_pb_blurb][\/et_pb_column][\/et_pb_row][et_pb_row _builder_version=&#8221;4.23&#8243; _module_preset=&#8221;default&#8221; global_colors_info=&#8221;{}&#8221;][et_pb_column type=&#8221;4_4&#8243; _builder_version=&#8221;4.23&#8243; _module_preset=&#8221;default&#8221; global_colors_info=&#8221;{}&#8221;][et_pb_text _builder_version=&#8221;4.23&#8243; _module_preset=&#8221;default&#8221; text_font=&#8221;|300||on|||||&#8221; text_font_size=&#8221;20px&#8221; text_orientation=&#8221;center&#8221; global_colors_info=&#8221;{}&#8221;]<\/p>\n<p>A bork\u00f3stol\u00f3khoz el\u0151re egyeztet\u00e9s sz\u00fcks\u00e9ges, el\u00e9rhet\u0151s\u00e9geink b\u00e1rmelyik\u00e9n!<\/p>\n<p>[\/et_pb_text][et_pb_button button_url=&#8221;@ET-DC@eyJkeW5hbWljIjp0cnVlLCJjb250ZW50IjoicG9zdF9saW5rX3VybF9wYWdlIiwic2V0dGluZ3MiOnsicG9zdF9pZCI6IjExNCJ9fQ==@&#8221; button_text=&#8221;EL\u00c9RHET\u0150S\u00c9GEINK&#8221; button_alignment=&#8221;center&#8221; _builder_version=&#8221;4.27.0&#8243; _dynamic_attributes=&#8221;button_url&#8221; _module_preset=&#8221;default&#8221; custom_button=&#8221;on&#8221; global_colors_info=&#8221;{}&#8221;][\/et_pb_button][\/et_pb_column][\/et_pb_row][\/et_pb_section]<\/p>\n","protected":false},"excerpt":{"rendered":"<p>A Garai csal\u00e1d 2013-ban v\u00e1s\u00e1rolta a kezdetben 1,5 hekt\u00e1r ter\u00fcletet a Ny\u00e9ki-hegyen. A sz\u0151l\u0151ter\u00fclet r\u00e9szben r\u00e9gi telep\u00edt\u00e9s\u0171 k\u00e9kfrankosb\u00f3l, r\u00e9szben \u00faj telep\u00edt\u00e9s\u0171 cabernet sauvignonb\u00f3l \u00e1ll. A t\u00f6bb mint 10 \u00e9ves, sz\u00e1mos borversenyen kiv\u00e1l\u00f3 eredm\u00e9nyeket el\u00e9rt hobbibor\u00e1szkod\u00e1s ut\u00e1n v\u00e9gre lehet\u0151s\u00e9g ny\u00edlt arra, hogy a kedvelt szeksz\u00e1rdi borvid\u00e9ken, saj\u00e1t k\u00e9zzel m\u0171velt sz\u0151l\u0151ter\u00fcletr\u0151l k\u00e9sz\u00edthess\u00fcnk, saj\u00e1t k\u00e9sz\u00edt\u00e9s\u0171 borokat.Mer\u00fclj el a [&hellip;]<\/p>\n","protected":false},"author":1,"featured_media":1523,"parent":0,"menu_order":0,"comment_status":"closed","ping_status":"closed","template":"","meta":{"_et_pb_use_builder":"on","_et_pb_old_content":"","_et_gb_content_width":"","footnotes":""},"class_list":["post-79","page","type-page","status-publish","has-post-thumbnail","hentry"],"yoast_head":"<!-- This site is optimized with the Yoast SEO plugin v27.3 - https:\/\/yoast.com\/product\/yoast-seo-wordpress\/ -->\n<title>Kezd\u0151lap - Garai Pince<\/title>\n<meta name=\"robots\" content=\"index, follow, max-snippet:-1, max-image-preview:large, max-video-preview:-1\" \/>\n<link rel=\"canonical\" href=\"https:\/\/garaipince.hu\/en\/\" \/>\n<meta property=\"og:locale\" content=\"en_GB\" \/>\n<meta property=\"og:type\" content=\"article\" \/>\n<meta property=\"og:title\" content=\"Kezd\u0151lap - Garai Pince\" \/>\n<meta property=\"og:description\" content=\"A Garai csal\u00e1d 2013-ban v\u00e1s\u00e1rolta a kezdetben 1,5 hekt\u00e1r ter\u00fcletet a Ny\u00e9ki-hegyen. A sz\u0151l\u0151ter\u00fclet r\u00e9szben r\u00e9gi telep\u00edt\u00e9s\u0171 k\u00e9kfrankosb\u00f3l, r\u00e9szben \u00faj telep\u00edt\u00e9s\u0171 cabernet sauvignonb\u00f3l \u00e1ll. A t\u00f6bb mint 10 \u00e9ves, sz\u00e1mos borversenyen kiv\u00e1l\u00f3 eredm\u00e9nyeket el\u00e9rt hobbibor\u00e1szkod\u00e1s ut\u00e1n v\u00e9gre lehet\u0151s\u00e9g ny\u00edlt arra, hogy a kedvelt szeksz\u00e1rdi borvid\u00e9ken, saj\u00e1t k\u00e9zzel m\u0171velt sz\u0151l\u0151ter\u00fcletr\u0151l k\u00e9sz\u00edthess\u00fcnk, saj\u00e1t k\u00e9sz\u00edt\u00e9s\u0171 borokat.Mer\u00fclj el a [&hellip;]\" \/>\n<meta property=\"og:url\" content=\"https:\/\/garaipince.hu\/en\/\" \/>\n<meta property=\"og:site_name\" content=\"Garai Pince\" \/>\n<meta property=\"article:publisher\" content=\"https:\/\/www.facebook.com\/GaraiPince\" \/>\n<meta property=\"article:modified_time\" content=\"2026-02-12T16:54:15+00:00\" \/>\n<meta property=\"og:image\" content=\"https:\/\/garaipince.hu\/wp-content\/uploads\/2024\/11\/garai_mock.jpg\" \/>\n\t<meta property=\"og:image:width\" content=\"1200\" \/>\n\t<meta property=\"og:image:height\" content=\"630\" \/>\n\t<meta property=\"og:image:type\" content=\"image\/jpeg\" \/>\n<meta name=\"twitter:card\" content=\"summary_large_image\" \/>\n<meta name=\"twitter:label1\" content=\"Estimated reading time\" \/>\n\t<meta name=\"twitter:data1\" content=\"3 minutes\" \/>\n<script type=\"application\/ld+json\" class=\"yoast-schema-graph\">{\"@context\":\"https:\\\/\\\/schema.org\",\"@graph\":[{\"@type\":\"WebPage\",\"@id\":\"https:\\\/\\\/garaipince.hu\\\/\",\"url\":\"https:\\\/\\\/garaipince.hu\\\/\",\"name\":\"Kezd\u0151lap - Garai Pince\",\"isPartOf\":{\"@id\":\"https:\\\/\\\/garaipince.hu\\\/#website\"},\"primaryImageOfPage\":{\"@id\":\"https:\\\/\\\/garaipince.hu\\\/#primaryimage\"},\"image\":{\"@id\":\"https:\\\/\\\/garaipince.hu\\\/#primaryimage\"},\"thumbnailUrl\":\"https:\\\/\\\/garaipince.hu\\\/wp-content\\\/uploads\\\/2024\\\/11\\\/garai_mock.jpg\",\"datePublished\":\"2024-05-30T13:04:43+00:00\",\"dateModified\":\"2026-02-12T16:54:15+00:00\",\"breadcrumb\":{\"@id\":\"https:\\\/\\\/garaipince.hu\\\/#breadcrumb\"},\"inLanguage\":\"en-GB\",\"potentialAction\":[{\"@type\":\"ReadAction\",\"target\":[\"https:\\\/\\\/garaipince.hu\\\/\"]}]},{\"@type\":\"ImageObject\",\"inLanguage\":\"en-GB\",\"@id\":\"https:\\\/\\\/garaipince.hu\\\/#primaryimage\",\"url\":\"https:\\\/\\\/garaipince.hu\\\/wp-content\\\/uploads\\\/2024\\\/11\\\/garai_mock.jpg\",\"contentUrl\":\"https:\\\/\\\/garaipince.hu\\\/wp-content\\\/uploads\\\/2024\\\/11\\\/garai_mock.jpg\",\"width\":1200,\"height\":630},{\"@type\":\"BreadcrumbList\",\"@id\":\"https:\\\/\\\/garaipince.hu\\\/#breadcrumb\",\"itemListElement\":[{\"@type\":\"ListItem\",\"position\":1,\"name\":\"Kezd\u0151lap\",\"item\":\"https:\\\/\\\/garaipince.hu\\\/\"},{\"@type\":\"ListItem\",\"position\":2,\"name\":\"Kezd\u0151lap\"}]},{\"@type\":\"WebSite\",\"@id\":\"https:\\\/\\\/garaipince.hu\\\/#website\",\"url\":\"https:\\\/\\\/garaipince.hu\\\/\",\"name\":\"Garai Pinc\u00e9szet\",\"description\":\"Ny\u00e9kihegy - Szeksz\u00e1rdi borvid\u00e9k\",\"publisher\":{\"@id\":\"https:\\\/\\\/garaipince.hu\\\/#organization\"},\"potentialAction\":[{\"@type\":\"SearchAction\",\"target\":{\"@type\":\"EntryPoint\",\"urlTemplate\":\"https:\\\/\\\/garaipince.hu\\\/?s={search_term_string}\"},\"query-input\":{\"@type\":\"PropertyValueSpecification\",\"valueRequired\":true,\"valueName\":\"search_term_string\"}}],\"inLanguage\":\"en-GB\"},{\"@type\":\"Organization\",\"@id\":\"https:\\\/\\\/garaipince.hu\\\/#organization\",\"name\":\"Garai Pinc\u00e9szet\",\"url\":\"https:\\\/\\\/garaipince.hu\\\/\",\"logo\":{\"@type\":\"ImageObject\",\"inLanguage\":\"en-GB\",\"@id\":\"https:\\\/\\\/garaipince.hu\\\/#\\\/schema\\\/logo\\\/image\\\/\",\"url\":\"https:\\\/\\\/garaipince.hu\\\/wp-content\\\/uploads\\\/2024\\\/08\\\/TELJES_LOGO_FEKETE-BETU.png\",\"contentUrl\":\"https:\\\/\\\/garaipince.hu\\\/wp-content\\\/uploads\\\/2024\\\/08\\\/TELJES_LOGO_FEKETE-BETU.png\",\"width\":665,\"height\":1122,\"caption\":\"Garai Pinc\u00e9szet\"},\"image\":{\"@id\":\"https:\\\/\\\/garaipince.hu\\\/#\\\/schema\\\/logo\\\/image\\\/\"},\"sameAs\":[\"https:\\\/\\\/www.facebook.com\\\/GaraiPince\"]}]}<\/script>\n<!-- \/ Yoast SEO plugin. -->","yoast_head_json":{"title":"Kezd\u0151lap - Garai Pince","robots":{"index":"index","follow":"follow","max-snippet":"max-snippet:-1","max-image-preview":"max-image-preview:large","max-video-preview":"max-video-preview:-1"},"canonical":"https:\/\/garaipince.hu\/en\/","og_locale":"en_GB","og_type":"article","og_title":"Kezd\u0151lap - Garai Pince","og_description":"A Garai csal\u00e1d 2013-ban v\u00e1s\u00e1rolta a kezdetben 1,5 hekt\u00e1r ter\u00fcletet a Ny\u00e9ki-hegyen. A sz\u0151l\u0151ter\u00fclet r\u00e9szben r\u00e9gi telep\u00edt\u00e9s\u0171 k\u00e9kfrankosb\u00f3l, r\u00e9szben \u00faj telep\u00edt\u00e9s\u0171 cabernet sauvignonb\u00f3l \u00e1ll. A t\u00f6bb mint 10 \u00e9ves, sz\u00e1mos borversenyen kiv\u00e1l\u00f3 eredm\u00e9nyeket el\u00e9rt hobbibor\u00e1szkod\u00e1s ut\u00e1n v\u00e9gre lehet\u0151s\u00e9g ny\u00edlt arra, hogy a kedvelt szeksz\u00e1rdi borvid\u00e9ken, saj\u00e1t k\u00e9zzel m\u0171velt sz\u0151l\u0151ter\u00fcletr\u0151l k\u00e9sz\u00edthess\u00fcnk, saj\u00e1t k\u00e9sz\u00edt\u00e9s\u0171 borokat.Mer\u00fclj el a [&hellip;]","og_url":"https:\/\/garaipince.hu\/en\/","og_site_name":"Garai Pince","article_publisher":"https:\/\/www.facebook.com\/GaraiPince","article_modified_time":"2026-02-12T16:54:15+00:00","og_image":[{"width":1200,"height":630,"url":"https:\/\/garaipince.hu\/wp-content\/uploads\/2024\/11\/garai_mock.jpg","type":"image\/jpeg"}],"twitter_card":"summary_large_image","twitter_misc":{"Estimated reading time":"3 minutes"},"schema":{"@context":"https:\/\/schema.org","@graph":[{"@type":"WebPage","@id":"https:\/\/garaipince.hu\/","url":"https:\/\/garaipince.hu\/","name":"Kezd\u0151lap - Garai Pince","isPartOf":{"@id":"https:\/\/garaipince.hu\/#website"},"primaryImageOfPage":{"@id":"https:\/\/garaipince.hu\/#primaryimage"},"image":{"@id":"https:\/\/garaipince.hu\/#primaryimage"},"thumbnailUrl":"https:\/\/garaipince.hu\/wp-content\/uploads\/2024\/11\/garai_mock.jpg","datePublished":"2024-05-30T13:04:43+00:00","dateModified":"2026-02-12T16:54:15+00:00","breadcrumb":{"@id":"https:\/\/garaipince.hu\/#breadcrumb"},"inLanguage":"en-GB","potentialAction":[{"@type":"ReadAction","target":["https:\/\/garaipince.hu\/"]}]},{"@type":"ImageObject","inLanguage":"en-GB","@id":"https:\/\/garaipince.hu\/#primaryimage","url":"https:\/\/garaipince.hu\/wp-content\/uploads\/2024\/11\/garai_mock.jpg","contentUrl":"https:\/\/garaipince.hu\/wp-content\/uploads\/2024\/11\/garai_mock.jpg","width":1200,"height":630},{"@type":"BreadcrumbList","@id":"https:\/\/garaipince.hu\/#breadcrumb","itemListElement":[{"@type":"ListItem","position":1,"name":"Kezd\u0151lap","item":"https:\/\/garaipince.hu\/"},{"@type":"ListItem","position":2,"name":"Kezd\u0151lap"}]},{"@type":"WebSite","@id":"https:\/\/garaipince.hu\/#website","url":"https:\/\/garaipince.hu\/","name":"Garai Pinc\u00e9szet","description":"Ny\u00e9kihegy - Szeksz\u00e1rdi borvid\u00e9k","publisher":{"@id":"https:\/\/garaipince.hu\/#organization"},"potentialAction":[{"@type":"SearchAction","target":{"@type":"EntryPoint","urlTemplate":"https:\/\/garaipince.hu\/?s={search_term_string}"},"query-input":{"@type":"PropertyValueSpecification","valueRequired":true,"valueName":"search_term_string"}}],"inLanguage":"en-GB"},{"@type":"Organization","@id":"https:\/\/garaipince.hu\/#organization","name":"Garai Pinc\u00e9szet","url":"https:\/\/garaipince.hu\/","logo":{"@type":"ImageObject","inLanguage":"en-GB","@id":"https:\/\/garaipince.hu\/#\/schema\/logo\/image\/","url":"https:\/\/garaipince.hu\/wp-content\/uploads\/2024\/08\/TELJES_LOGO_FEKETE-BETU.png","contentUrl":"https:\/\/garaipince.hu\/wp-content\/uploads\/2024\/08\/TELJES_LOGO_FEKETE-BETU.png","width":665,"height":1122,"caption":"Garai Pinc\u00e9szet"},"image":{"@id":"https:\/\/garaipince.hu\/#\/schema\/logo\/image\/"},"sameAs":["https:\/\/www.facebook.com\/GaraiPince"]}]}},"_links":{"self":[{"href":"https:\/\/garaipince.hu\/en\/wp-json\/wp\/v2\/pages\/79","targetHints":{"allow":["GET"]}}],"collection":[{"href":"https:\/\/garaipince.hu\/en\/wp-json\/wp\/v2\/pages"}],"about":[{"href":"https:\/\/garaipince.hu\/en\/wp-json\/wp\/v2\/types\/page"}],"author":[{"embeddable":true,"href":"https:\/\/garaipince.hu\/en\/wp-json\/wp\/v2\/users\/1"}],"replies":[{"embeddable":true,"href":"https:\/\/garaipince.hu\/en\/wp-json\/wp\/v2\/comments?post=79"}],"version-history":[{"count":59,"href":"https:\/\/garaipince.hu\/en\/wp-json\/wp\/v2\/pages\/79\/revisions"}],"predecessor-version":[{"id":2270,"href":"https:\/\/garaipince.hu\/en\/wp-json\/wp\/v2\/pages\/79\/revisions\/2270"}],"wp:featuredmedia":[{"embeddable":true,"href":"https:\/\/garaipince.hu\/en\/wp-json\/wp\/v2\/media\/1523"}],"wp:attachment":[{"href":"https:\/\/garaipince.hu\/en\/wp-json\/wp\/v2\/media?parent=79"}],"curies":[{"name":"wp","href":"https:\/\/api.w.org\/{rel}","templated":true}]}}