{"id":1469,"date":"2024-10-30T08:54:03","date_gmt":"2024-10-30T08:54:03","guid":{"rendered":"https:\/\/garaipince.hu\/?post_type=product&#038;p=1469"},"modified":"2026-03-22T13:18:40","modified_gmt":"2026-03-22T13:18:40","slug":"syrah-2022","status":"publish","type":"product","link":"https:\/\/garaipince.hu\/en\/product\/syrah-2022\/","title":{"rendered":"Syrah 2022"},"content":{"rendered":"<p>[et_pb_section fb_built=&#8221;1&#8243; _builder_version=&#8221;4.16&#8243; custom_padding=&#8221;0px||||false|false&#8221; global_colors_info=&#8221;{}&#8221;][et_pb_row _builder_version=&#8221;4.16&#8243; background_size=&#8221;initial&#8221; background_position=&#8221;top_left&#8221; background_repeat=&#8221;repeat&#8221; width=&#8221;100%&#8221; custom_padding=&#8221;0px||0px||false|false&#8221; global_colors_info=&#8221;{}&#8221;][et_pb_column type=&#8221;4_4&#8243; _builder_version=&#8221;4.16&#8243; custom_padding=&#8221;|||&#8221; global_colors_info=&#8221;{}&#8221; custom_padding__hover=&#8221;|||&#8221;][et_pb_wc_breadcrumb _builder_version=&#8221;4.16&#8243; global_colors_info=&#8221;{}&#8221;][\/et_pb_wc_breadcrumb][et_pb_wc_cart_notice _builder_version=&#8221;4.16&#8243; global_colors_info=&#8221;{}&#8221;][\/et_pb_wc_cart_notice][\/et_pb_column][\/et_pb_row][et_pb_row column_structure=&#8221;1_2,1_2&#8243; _builder_version=&#8221;4.16&#8243; background_size=&#8221;initial&#8221; background_position=&#8221;top_left&#8221; background_repeat=&#8221;repeat&#8221; width=&#8221;100%&#8221; custom_padding=&#8221;0px||||false|false&#8221; global_colors_info=&#8221;{}&#8221;][et_pb_column type=&#8221;1_2&#8243; _builder_version=&#8221;4.16&#8243; custom_padding=&#8221;|||&#8221; global_colors_info=&#8221;{}&#8221; custom_padding__hover=&#8221;|||&#8221;][et_pb_wc_images _builder_version=&#8221;4.27.2&#8243; global_colors_info=&#8221;{}&#8221;][\/et_pb_wc_images][\/et_pb_column][et_pb_column type=&#8221;1_2&#8243; _builder_version=&#8221;4.16&#8243; custom_padding=&#8221;|||&#8221; global_colors_info=&#8221;{}&#8221; custom_padding__hover=&#8221;|||&#8221;][et_pb_wc_title _builder_version=&#8221;4.16&#8243; global_colors_info=&#8221;{}&#8221;][\/et_pb_wc_title][et_pb_wc_rating _builder_version=&#8221;4.16&#8243; global_colors_info=&#8221;{}&#8221;][\/et_pb_wc_rating][et_pb_wc_price _builder_version=&#8221;4.16&#8243; global_colors_info=&#8221;{}&#8221;][\/et_pb_wc_price][et_pb_wc_description _builder_version=&#8221;4.16&#8243; global_colors_info=&#8221;{}&#8221;][\/et_pb_wc_description][et_pb_wc_add_to_cart _builder_version=&#8221;4.16&#8243; global_colors_info=&#8221;{}&#8221;][\/et_pb_wc_add_to_cart][et_pb_wc_meta _builder_version=&#8221;4.16&#8243; global_colors_info=&#8221;{}&#8221;][\/et_pb_wc_meta][\/et_pb_column][\/et_pb_row][et_pb_row _builder_version=&#8221;4.16&#8243; background_size=&#8221;initial&#8221; background_position=&#8221;top_left&#8221; background_repeat=&#8221;repeat&#8221; width=&#8221;100%&#8221; global_colors_info=&#8221;{}&#8221;][et_pb_column type=&#8221;4_4&#8243; _builder_version=&#8221;4.16&#8243; custom_padding=&#8221;|||&#8221; global_colors_info=&#8221;{}&#8221; custom_padding__hover=&#8221;|||&#8221;][et_pb_wc_tabs _builder_version=&#8221;4.16&#8243; global_colors_info=&#8221;{}&#8221;]\t\t\t\t\t[\/et_pb_wc_tabs][et_pb_wc_upsells _builder_version=&#8221;4.16&#8243; global_colors_info=&#8221;{}&#8221;][\/et_pb_wc_upsells][et_pb_wc_related_products _builder_version=&#8221;4.16&#8243; global_colors_info=&#8221;{}&#8221;][\/et_pb_wc_related_products][\/et_pb_column][\/et_pb_row][\/et_pb_section]<\/p>\n","protected":false},"excerpt":{"rendered":"<div>S\u00f6t\u00e9t rubin sz\u00edn, enyhe lil\u00e1s \u00e1rnyalattal.Illata az \u00e9rett ribizlire eml\u00e9keztet.<\/div>\n<div>Els\u0151 t\u00f6lt\u00e9s\u0171 500 literes hord\u00f3ban \u00e9rlel\u0151d\u00f6tt 14 h\u00f3napig, \u00edgy\u00a0 \u00edz\u00e9ben j\u00f6nnek\u00a0 az er\u0151s hord\u00f3f\u0171szerek. Alacsony savtartalm\u00e1nak k\u00f6sz\u00f6nhet\u0151en\u00a0 b\u00e1rsonyos, kr\u00e9mes, hosszan kellemes a korty.<\/div>\n<div><\/div>\n<div>alkohol: 13,5%vol<\/div>\n<div>sav: 5 g\/l<\/div>","protected":false},"featured_media":1489,"template":"","meta":{"_et_pb_use_builder":"on","_et_pb_old_content":"<div>S\u00f6t\u00e9t rubin sz\u00edn, enyhe lil\u00e1s \u00e1rnyalattal.Illata az \u00e9rett ribizlire eml\u00e9keztet.<\/div>\r\n<div>Els\u0151 t\u00f6lt\u00e9s\u0171 500 literes hord\u00f3ban \u00e9rlel\u0151d\u00f6tt 14 h\u00f3napig, \u00edgy\u00a0 \u00edz\u00e9ben j\u00f6nnek\u00a0 az er\u0151s hord\u00f3f\u0171szerek. Alacsony savtartalm\u00e1nak k\u00f6sz\u00f6nhet\u0151en\u00a0 b\u00e1rsonyos, kr\u00e9mes, hosszan kellemes a korty.<\/div>\r\n<div><\/div>\r\n<div>alkohol: 13,5%vol<\/div>\r\n<div>sav: 5 g\/l<\/div>","_et_gb_content_width":""},"product_brand":[],"product_cat":[25],"product_tag":[],"class_list":{"0":"post-1469","1":"product","2":"type-product","3":"status-publish","4":"has-post-thumbnail","6":"product_cat-vorosbor","8":"first","9":"outofstock","10":"shipping-taxable","11":"purchasable","12":"product-type-simple"},"yoast_head":"<!-- This site is optimized with the Yoast SEO plugin v27.4 - https:\/\/yoast.com\/product\/yoast-seo-wordpress\/ -->\n<title>Syrah 2022 - Garai Pince<\/title>\n<meta name=\"robots\" content=\"index, follow, max-snippet:-1, max-image-preview:large, max-video-preview:-1\" \/>\n<link rel=\"canonical\" href=\"https:\/\/garaipince.hu\/en\/product\/syrah-2022\/\" \/>\n<meta property=\"og:locale\" content=\"en_GB\" \/>\n<meta property=\"og:type\" content=\"article\" \/>\n<meta property=\"og:title\" content=\"Syrah 2022 - Garai Pince\" \/>\n<meta property=\"og:description\" content=\"S\u00f6t\u00e9t rubin sz\u00edn, enyhe lil\u00e1s \u00e1rnyalattal.Illata az \u00e9rett ribizlire eml\u00e9keztet. Els\u0151 t\u00f6lt\u00e9s\u0171 500 literes hord\u00f3ban \u00e9rlel\u0151d\u00f6tt 14 h\u00f3napig, \u00edgy\u00a0 \u00edz\u00e9ben j\u00f6nnek\u00a0 az er\u0151s hord\u00f3f\u0171szerek. Alacsony savtartalm\u00e1nak k\u00f6sz\u00f6nhet\u0151en\u00a0 b\u00e1rsonyos, kr\u00e9mes, hosszan kellemes a korty.  alkohol: 13,5%vol sav: 5 g\/l\" \/>\n<meta property=\"og:url\" content=\"https:\/\/garaipince.hu\/en\/product\/syrah-2022\/\" \/>\n<meta property=\"og:site_name\" content=\"Garai Pince\" \/>\n<meta property=\"article:publisher\" content=\"https:\/\/www.facebook.com\/GaraiPince\" \/>\n<meta property=\"article:modified_time\" content=\"2026-03-22T13:18:40+00:00\" \/>\n<meta property=\"og:image\" content=\"https:\/\/garaipince.hu\/wp-content\/uploads\/2024\/10\/fekvok_webre_2_SYRAH_PREMIUM.png\" \/>\n\t<meta property=\"og:image:width\" content=\"931\" \/>\n\t<meta property=\"og:image:height\" content=\"623\" \/>\n\t<meta property=\"og:image:type\" content=\"image\/png\" \/>\n<meta name=\"twitter:card\" content=\"summary_large_image\" \/>\n<meta name=\"twitter:label1\" content=\"Estimated reading time\" \/>\n\t<meta name=\"twitter:data1\" content=\"1 minute\" \/>\n<script type=\"application\/ld+json\" class=\"yoast-schema-graph\">{\"@context\":\"https:\\\/\\\/schema.org\",\"@graph\":[{\"@type\":\"WebPage\",\"@id\":\"https:\\\/\\\/garaipince.hu\\\/termek\\\/syrah-2022\\\/\",\"url\":\"https:\\\/\\\/garaipince.hu\\\/termek\\\/syrah-2022\\\/\",\"name\":\"Syrah 2022 - Garai Pince\",\"isPartOf\":{\"@id\":\"https:\\\/\\\/garaipince.hu\\\/#website\"},\"primaryImageOfPage\":{\"@id\":\"https:\\\/\\\/garaipince.hu\\\/termek\\\/syrah-2022\\\/#primaryimage\"},\"image\":{\"@id\":\"https:\\\/\\\/garaipince.hu\\\/termek\\\/syrah-2022\\\/#primaryimage\"},\"thumbnailUrl\":\"https:\\\/\\\/garaipince.hu\\\/wp-content\\\/uploads\\\/2024\\\/10\\\/fekvok_webre_2_SYRAH_PREMIUM.png\",\"datePublished\":\"2024-10-30T08:54:03+00:00\",\"dateModified\":\"2026-03-22T13:18:40+00:00\",\"breadcrumb\":{\"@id\":\"https:\\\/\\\/garaipince.hu\\\/termek\\\/syrah-2022\\\/#breadcrumb\"},\"inLanguage\":\"en-GB\",\"potentialAction\":[{\"@type\":\"ReadAction\",\"target\":[\"https:\\\/\\\/garaipince.hu\\\/termek\\\/syrah-2022\\\/\"]}]},{\"@type\":\"ImageObject\",\"inLanguage\":\"en-GB\",\"@id\":\"https:\\\/\\\/garaipince.hu\\\/termek\\\/syrah-2022\\\/#primaryimage\",\"url\":\"https:\\\/\\\/garaipince.hu\\\/wp-content\\\/uploads\\\/2024\\\/10\\\/fekvok_webre_2_SYRAH_PREMIUM.png\",\"contentUrl\":\"https:\\\/\\\/garaipince.hu\\\/wp-content\\\/uploads\\\/2024\\\/10\\\/fekvok_webre_2_SYRAH_PREMIUM.png\",\"width\":931,\"height\":623},{\"@type\":\"BreadcrumbList\",\"@id\":\"https:\\\/\\\/garaipince.hu\\\/termek\\\/syrah-2022\\\/#breadcrumb\",\"itemListElement\":[{\"@type\":\"ListItem\",\"position\":1,\"name\":\"Kezd\u0151lap\",\"item\":\"https:\\\/\\\/garaipince.hu\\\/\"},{\"@type\":\"ListItem\",\"position\":2,\"name\":\"Webshop\",\"item\":\"https:\\\/\\\/garaipince.hu\\\/uzlet\\\/\"},{\"@type\":\"ListItem\",\"position\":3,\"name\":\"Syrah 2022\"}]},{\"@type\":\"WebSite\",\"@id\":\"https:\\\/\\\/garaipince.hu\\\/#website\",\"url\":\"https:\\\/\\\/garaipince.hu\\\/\",\"name\":\"Garai Pinc\u00e9szet\",\"description\":\"Ny\u00e9kihegy - Szeksz\u00e1rdi borvid\u00e9k\",\"publisher\":{\"@id\":\"https:\\\/\\\/garaipince.hu\\\/#organization\"},\"potentialAction\":[{\"@type\":\"SearchAction\",\"target\":{\"@type\":\"EntryPoint\",\"urlTemplate\":\"https:\\\/\\\/garaipince.hu\\\/?s={search_term_string}\"},\"query-input\":{\"@type\":\"PropertyValueSpecification\",\"valueRequired\":true,\"valueName\":\"search_term_string\"}}],\"inLanguage\":\"en-GB\"},{\"@type\":\"Organization\",\"@id\":\"https:\\\/\\\/garaipince.hu\\\/#organization\",\"name\":\"Garai Pinc\u00e9szet\",\"url\":\"https:\\\/\\\/garaipince.hu\\\/\",\"logo\":{\"@type\":\"ImageObject\",\"inLanguage\":\"en-GB\",\"@id\":\"https:\\\/\\\/garaipince.hu\\\/#\\\/schema\\\/logo\\\/image\\\/\",\"url\":\"https:\\\/\\\/garaipince.hu\\\/wp-content\\\/uploads\\\/2024\\\/08\\\/TELJES_LOGO_FEKETE-BETU.png\",\"contentUrl\":\"https:\\\/\\\/garaipince.hu\\\/wp-content\\\/uploads\\\/2024\\\/08\\\/TELJES_LOGO_FEKETE-BETU.png\",\"width\":665,\"height\":1122,\"caption\":\"Garai Pinc\u00e9szet\"},\"image\":{\"@id\":\"https:\\\/\\\/garaipince.hu\\\/#\\\/schema\\\/logo\\\/image\\\/\"},\"sameAs\":[\"https:\\\/\\\/www.facebook.com\\\/GaraiPince\"]}]}<\/script>\n<!-- \/ Yoast SEO plugin. -->","yoast_head_json":{"title":"Syrah 2022 - Garai Pince","robots":{"index":"index","follow":"follow","max-snippet":"max-snippet:-1","max-image-preview":"max-image-preview:large","max-video-preview":"max-video-preview:-1"},"canonical":"https:\/\/garaipince.hu\/en\/product\/syrah-2022\/","og_locale":"en_GB","og_type":"article","og_title":"Syrah 2022 - Garai Pince","og_description":"S\u00f6t\u00e9t rubin sz\u00edn, enyhe lil\u00e1s \u00e1rnyalattal.Illata az \u00e9rett ribizlire eml\u00e9keztet. Els\u0151 t\u00f6lt\u00e9s\u0171 500 literes hord\u00f3ban \u00e9rlel\u0151d\u00f6tt 14 h\u00f3napig, \u00edgy\u00a0 \u00edz\u00e9ben j\u00f6nnek\u00a0 az er\u0151s hord\u00f3f\u0171szerek. Alacsony savtartalm\u00e1nak k\u00f6sz\u00f6nhet\u0151en\u00a0 b\u00e1rsonyos, kr\u00e9mes, hosszan kellemes a korty.  alkohol: 13,5%vol sav: 5 g\/l","og_url":"https:\/\/garaipince.hu\/en\/product\/syrah-2022\/","og_site_name":"Garai Pince","article_publisher":"https:\/\/www.facebook.com\/GaraiPince","article_modified_time":"2026-03-22T13:18:40+00:00","og_image":[{"width":931,"height":623,"url":"https:\/\/garaipince.hu\/wp-content\/uploads\/2024\/10\/fekvok_webre_2_SYRAH_PREMIUM.png","type":"image\/png"}],"twitter_card":"summary_large_image","twitter_misc":{"Estimated reading time":"1 minute"},"schema":{"@context":"https:\/\/schema.org","@graph":[{"@type":"WebPage","@id":"https:\/\/garaipince.hu\/termek\/syrah-2022\/","url":"https:\/\/garaipince.hu\/termek\/syrah-2022\/","name":"Syrah 2022 - Garai Pince","isPartOf":{"@id":"https:\/\/garaipince.hu\/#website"},"primaryImageOfPage":{"@id":"https:\/\/garaipince.hu\/termek\/syrah-2022\/#primaryimage"},"image":{"@id":"https:\/\/garaipince.hu\/termek\/syrah-2022\/#primaryimage"},"thumbnailUrl":"https:\/\/garaipince.hu\/wp-content\/uploads\/2024\/10\/fekvok_webre_2_SYRAH_PREMIUM.png","datePublished":"2024-10-30T08:54:03+00:00","dateModified":"2026-03-22T13:18:40+00:00","breadcrumb":{"@id":"https:\/\/garaipince.hu\/termek\/syrah-2022\/#breadcrumb"},"inLanguage":"en-GB","potentialAction":[{"@type":"ReadAction","target":["https:\/\/garaipince.hu\/termek\/syrah-2022\/"]}]},{"@type":"ImageObject","inLanguage":"en-GB","@id":"https:\/\/garaipince.hu\/termek\/syrah-2022\/#primaryimage","url":"https:\/\/garaipince.hu\/wp-content\/uploads\/2024\/10\/fekvok_webre_2_SYRAH_PREMIUM.png","contentUrl":"https:\/\/garaipince.hu\/wp-content\/uploads\/2024\/10\/fekvok_webre_2_SYRAH_PREMIUM.png","width":931,"height":623},{"@type":"BreadcrumbList","@id":"https:\/\/garaipince.hu\/termek\/syrah-2022\/#breadcrumb","itemListElement":[{"@type":"ListItem","position":1,"name":"Kezd\u0151lap","item":"https:\/\/garaipince.hu\/"},{"@type":"ListItem","position":2,"name":"Webshop","item":"https:\/\/garaipince.hu\/uzlet\/"},{"@type":"ListItem","position":3,"name":"Syrah 2022"}]},{"@type":"WebSite","@id":"https:\/\/garaipince.hu\/#website","url":"https:\/\/garaipince.hu\/","name":"Garai Pinc\u00e9szet","description":"Ny\u00e9kihegy - Szeksz\u00e1rdi borvid\u00e9k","publisher":{"@id":"https:\/\/garaipince.hu\/#organization"},"potentialAction":[{"@type":"SearchAction","target":{"@type":"EntryPoint","urlTemplate":"https:\/\/garaipince.hu\/?s={search_term_string}"},"query-input":{"@type":"PropertyValueSpecification","valueRequired":true,"valueName":"search_term_string"}}],"inLanguage":"en-GB"},{"@type":"Organization","@id":"https:\/\/garaipince.hu\/#organization","name":"Garai Pinc\u00e9szet","url":"https:\/\/garaipince.hu\/","logo":{"@type":"ImageObject","inLanguage":"en-GB","@id":"https:\/\/garaipince.hu\/#\/schema\/logo\/image\/","url":"https:\/\/garaipince.hu\/wp-content\/uploads\/2024\/08\/TELJES_LOGO_FEKETE-BETU.png","contentUrl":"https:\/\/garaipince.hu\/wp-content\/uploads\/2024\/08\/TELJES_LOGO_FEKETE-BETU.png","width":665,"height":1122,"caption":"Garai Pinc\u00e9szet"},"image":{"@id":"https:\/\/garaipince.hu\/#\/schema\/logo\/image\/"},"sameAs":["https:\/\/www.facebook.com\/GaraiPince"]}]}},"_links":{"self":[{"href":"https:\/\/garaipince.hu\/en\/wp-json\/wp\/v2\/product\/1469","targetHints":{"allow":["GET"]}}],"collection":[{"href":"https:\/\/garaipince.hu\/en\/wp-json\/wp\/v2\/product"}],"about":[{"href":"https:\/\/garaipince.hu\/en\/wp-json\/wp\/v2\/types\/product"}],"wp:featuredmedia":[{"embeddable":true,"href":"https:\/\/garaipince.hu\/en\/wp-json\/wp\/v2\/media\/1489"}],"wp:attachment":[{"href":"https:\/\/garaipince.hu\/en\/wp-json\/wp\/v2\/media?parent=1469"}],"wp:term":[{"taxonomy":"product_brand","embeddable":true,"href":"https:\/\/garaipince.hu\/en\/wp-json\/wp\/v2\/product_brand?post=1469"},{"taxonomy":"product_cat","embeddable":true,"href":"https:\/\/garaipince.hu\/en\/wp-json\/wp\/v2\/product_cat?post=1469"},{"taxonomy":"product_tag","embeddable":true,"href":"https:\/\/garaipince.hu\/en\/wp-json\/wp\/v2\/product_tag?post=1469"}],"curies":[{"name":"wp","href":"https:\/\/api.w.org\/{rel}","templated":true}]}}