{"id":2103,"date":"2025-08-01T13:22:41","date_gmt":"2025-08-01T13:22:41","guid":{"rendered":"https:\/\/garaipince.hu\/?post_type=product&#038;p=2103"},"modified":"2025-12-22T09:15:29","modified_gmt":"2025-12-22T09:15:29","slug":"merlot-2023","status":"publish","type":"product","link":"https:\/\/garaipince.hu\/en\/product\/merlot-2023\/","title":{"rendered":"Merlot 2023"},"content":{"rendered":"<p>Deep red in colour, with notes of dark berries. The varietal character is well reflected both on the nose and the palate<br \/>\n500 literes magyar t\u00f6lgy hord\u00f3kban \u00e9rlelt\u00fck 18 h\u00f3napig, majd egy p\u00e1r h\u00f3napos palackos \u00e9rlel\u00e9s ut\u00e1n ker\u00fclt forgalomba.<\/p>\n<p>Alcohol: 14% vol<br \/>\nAcidity: 5,6g\/l<\/p>","protected":false},"excerpt":{"rendered":"<p>M\u00e9lyv\u00f6r\u00f6s sz\u00edn, feketebogy\u00f3s gy\u00fcm\u00f6lcs\u00f6s jegyek. Fajtajelleg j\u00f3l visszak\u00f6sz\u00f6n illat\u00e1ban \u00e9s \u00edz\u00e9ben. 500 literes magyar t\u00f6lgy hord\u00f3kban \u00e9rlelt\u00fck 18 h\u00f3napig, majd egy p\u00e1r h\u00f3napos palackos \u00e9rlel\u00e9s ut\u00e1n ker\u00fclt forgalomba. Alkohol: 14% Sav: 5,6 g\/l<\/p>","protected":false},"featured_media":785,"template":"","meta":{"_et_pb_use_builder":"on","_et_pb_old_content":"M\u00e9lyv\u00f6r\u00f6s sz\u00edn, feketebogy\u00f3s gy\u00fcm\u00f6lcs\u00f6s jegyek. Fajtajelleg j\u00f3l visszak\u00f6sz\u00f6n illat\u00e1ban \u00e9s \u00edz\u00e9ben.\r\n500 literes magyar t\u00f6lgy hord\u00f3kban \u00e9rlelt\u00fck 18 h\u00f3napig, majd egy p\u00e1r h\u00f3napos palackos \u00e9rlel\u00e9s ut\u00e1n ker\u00fclt forgalomba.\r\n\r\nAlkohol: 14%\r\nSav: 5,6 g\/l","_et_gb_content_width":""},"product_brand":[],"product_cat":[25],"product_tag":[],"class_list":{"0":"post-2103","1":"product","2":"type-product","3":"status-publish","4":"has-post-thumbnail","6":"product_cat-vorosbor","8":"first","9":"instock","10":"shipping-taxable","11":"purchasable","12":"product-type-simple"},"yoast_head":"<!-- This site is optimized with the Yoast SEO plugin v27.3 - https:\/\/yoast.com\/product\/yoast-seo-wordpress\/ -->\n<title>Merlot 2023 - Garai Pince<\/title>\n<meta name=\"robots\" content=\"index, follow, max-snippet:-1, max-image-preview:large, max-video-preview:-1\" \/>\n<link rel=\"canonical\" href=\"https:\/\/garaipince.hu\/en\/product\/merlot-2023\/\" \/>\n<meta property=\"og:locale\" content=\"en_GB\" \/>\n<meta property=\"og:type\" content=\"article\" \/>\n<meta property=\"og:title\" content=\"Merlot 2023 - Garai Pince\" \/>\n<meta property=\"og:description\" content=\"M\u00e9lyv\u00f6r\u00f6s sz\u00edn, feketebogy\u00f3s gy\u00fcm\u00f6lcs\u00f6s jegyek. Fajtajelleg j\u00f3l visszak\u00f6sz\u00f6n illat\u00e1ban \u00e9s \u00edz\u00e9ben. 500 literes magyar t\u00f6lgy hord\u00f3kban \u00e9rlelt\u00fck 18 h\u00f3napig, majd egy p\u00e1r h\u00f3napos palackos \u00e9rlel\u00e9s ut\u00e1n ker\u00fclt forgalomba. Alkohol: 14% Sav: 5,6 g\/l\" \/>\n<meta property=\"og:url\" content=\"https:\/\/garaipince.hu\/en\/product\/merlot-2023\/\" \/>\n<meta property=\"og:site_name\" content=\"Garai Pince\" \/>\n<meta property=\"article:publisher\" content=\"https:\/\/www.facebook.com\/GaraiPince\" \/>\n<meta property=\"article:modified_time\" content=\"2025-12-22T09:15:29+00:00\" \/>\n<meta property=\"og:image\" content=\"https:\/\/garaipince.hu\/wp-content\/uploads\/2024\/07\/fekvok_merlot21_webre_2.png\" \/>\n\t<meta property=\"og:image:width\" content=\"931\" \/>\n\t<meta property=\"og:image:height\" content=\"623\" \/>\n\t<meta property=\"og:image:type\" content=\"image\/png\" \/>\n<meta name=\"twitter:card\" content=\"summary_large_image\" \/>\n<meta name=\"twitter:label1\" content=\"Estimated reading time\" \/>\n\t<meta name=\"twitter:data1\" content=\"1 minute\" \/>\n<script type=\"application\/ld+json\" class=\"yoast-schema-graph\">{\"@context\":\"https:\\\/\\\/schema.org\",\"@graph\":[{\"@type\":\"WebPage\",\"@id\":\"https:\\\/\\\/garaipince.hu\\\/termek\\\/merlot-2023\\\/\",\"url\":\"https:\\\/\\\/garaipince.hu\\\/termek\\\/merlot-2023\\\/\",\"name\":\"Merlot 2023 - Garai Pince\",\"isPartOf\":{\"@id\":\"https:\\\/\\\/garaipince.hu\\\/#website\"},\"primaryImageOfPage\":{\"@id\":\"https:\\\/\\\/garaipince.hu\\\/termek\\\/merlot-2023\\\/#primaryimage\"},\"image\":{\"@id\":\"https:\\\/\\\/garaipince.hu\\\/termek\\\/merlot-2023\\\/#primaryimage\"},\"thumbnailUrl\":\"https:\\\/\\\/garaipince.hu\\\/wp-content\\\/uploads\\\/2024\\\/07\\\/fekvok_merlot21_webre_2.png\",\"datePublished\":\"2025-08-01T13:22:41+00:00\",\"dateModified\":\"2025-12-22T09:15:29+00:00\",\"breadcrumb\":{\"@id\":\"https:\\\/\\\/garaipince.hu\\\/termek\\\/merlot-2023\\\/#breadcrumb\"},\"inLanguage\":\"en-GB\",\"potentialAction\":[{\"@type\":\"ReadAction\",\"target\":[\"https:\\\/\\\/garaipince.hu\\\/termek\\\/merlot-2023\\\/\"]}]},{\"@type\":\"ImageObject\",\"inLanguage\":\"en-GB\",\"@id\":\"https:\\\/\\\/garaipince.hu\\\/termek\\\/merlot-2023\\\/#primaryimage\",\"url\":\"https:\\\/\\\/garaipince.hu\\\/wp-content\\\/uploads\\\/2024\\\/07\\\/fekvok_merlot21_webre_2.png\",\"contentUrl\":\"https:\\\/\\\/garaipince.hu\\\/wp-content\\\/uploads\\\/2024\\\/07\\\/fekvok_merlot21_webre_2.png\",\"width\":931,\"height\":623},{\"@type\":\"BreadcrumbList\",\"@id\":\"https:\\\/\\\/garaipince.hu\\\/termek\\\/merlot-2023\\\/#breadcrumb\",\"itemListElement\":[{\"@type\":\"ListItem\",\"position\":1,\"name\":\"Kezd\u0151lap\",\"item\":\"https:\\\/\\\/garaipince.hu\\\/\"},{\"@type\":\"ListItem\",\"position\":2,\"name\":\"Webshop\",\"item\":\"https:\\\/\\\/garaipince.hu\\\/uzlet\\\/\"},{\"@type\":\"ListItem\",\"position\":3,\"name\":\"Merlot 2023\"}]},{\"@type\":\"WebSite\",\"@id\":\"https:\\\/\\\/garaipince.hu\\\/#website\",\"url\":\"https:\\\/\\\/garaipince.hu\\\/\",\"name\":\"Garai Pinc\u00e9szet\",\"description\":\"Ny\u00e9kihegy - Szeksz\u00e1rdi borvid\u00e9k\",\"publisher\":{\"@id\":\"https:\\\/\\\/garaipince.hu\\\/#organization\"},\"potentialAction\":[{\"@type\":\"SearchAction\",\"target\":{\"@type\":\"EntryPoint\",\"urlTemplate\":\"https:\\\/\\\/garaipince.hu\\\/?s={search_term_string}\"},\"query-input\":{\"@type\":\"PropertyValueSpecification\",\"valueRequired\":true,\"valueName\":\"search_term_string\"}}],\"inLanguage\":\"en-GB\"},{\"@type\":\"Organization\",\"@id\":\"https:\\\/\\\/garaipince.hu\\\/#organization\",\"name\":\"Garai Pinc\u00e9szet\",\"url\":\"https:\\\/\\\/garaipince.hu\\\/\",\"logo\":{\"@type\":\"ImageObject\",\"inLanguage\":\"en-GB\",\"@id\":\"https:\\\/\\\/garaipince.hu\\\/#\\\/schema\\\/logo\\\/image\\\/\",\"url\":\"https:\\\/\\\/garaipince.hu\\\/wp-content\\\/uploads\\\/2024\\\/08\\\/TELJES_LOGO_FEKETE-BETU.png\",\"contentUrl\":\"https:\\\/\\\/garaipince.hu\\\/wp-content\\\/uploads\\\/2024\\\/08\\\/TELJES_LOGO_FEKETE-BETU.png\",\"width\":665,\"height\":1122,\"caption\":\"Garai Pinc\u00e9szet\"},\"image\":{\"@id\":\"https:\\\/\\\/garaipince.hu\\\/#\\\/schema\\\/logo\\\/image\\\/\"},\"sameAs\":[\"https:\\\/\\\/www.facebook.com\\\/GaraiPince\"]}]}<\/script>\n<!-- \/ Yoast SEO plugin. -->","yoast_head_json":{"title":"Merlot 2023 - Garai Pince","robots":{"index":"index","follow":"follow","max-snippet":"max-snippet:-1","max-image-preview":"max-image-preview:large","max-video-preview":"max-video-preview:-1"},"canonical":"https:\/\/garaipince.hu\/en\/product\/merlot-2023\/","og_locale":"en_GB","og_type":"article","og_title":"Merlot 2023 - Garai Pince","og_description":"M\u00e9lyv\u00f6r\u00f6s sz\u00edn, feketebogy\u00f3s gy\u00fcm\u00f6lcs\u00f6s jegyek. Fajtajelleg j\u00f3l visszak\u00f6sz\u00f6n illat\u00e1ban \u00e9s \u00edz\u00e9ben. 500 literes magyar t\u00f6lgy hord\u00f3kban \u00e9rlelt\u00fck 18 h\u00f3napig, majd egy p\u00e1r h\u00f3napos palackos \u00e9rlel\u00e9s ut\u00e1n ker\u00fclt forgalomba. Alkohol: 14% Sav: 5,6 g\/l","og_url":"https:\/\/garaipince.hu\/en\/product\/merlot-2023\/","og_site_name":"Garai Pince","article_publisher":"https:\/\/www.facebook.com\/GaraiPince","article_modified_time":"2025-12-22T09:15:29+00:00","og_image":[{"width":931,"height":623,"url":"https:\/\/garaipince.hu\/wp-content\/uploads\/2024\/07\/fekvok_merlot21_webre_2.png","type":"image\/png"}],"twitter_card":"summary_large_image","twitter_misc":{"Estimated reading time":"1 minute"},"schema":{"@context":"https:\/\/schema.org","@graph":[{"@type":"WebPage","@id":"https:\/\/garaipince.hu\/termek\/merlot-2023\/","url":"https:\/\/garaipince.hu\/termek\/merlot-2023\/","name":"Merlot 2023 - Garai Pince","isPartOf":{"@id":"https:\/\/garaipince.hu\/#website"},"primaryImageOfPage":{"@id":"https:\/\/garaipince.hu\/termek\/merlot-2023\/#primaryimage"},"image":{"@id":"https:\/\/garaipince.hu\/termek\/merlot-2023\/#primaryimage"},"thumbnailUrl":"https:\/\/garaipince.hu\/wp-content\/uploads\/2024\/07\/fekvok_merlot21_webre_2.png","datePublished":"2025-08-01T13:22:41+00:00","dateModified":"2025-12-22T09:15:29+00:00","breadcrumb":{"@id":"https:\/\/garaipince.hu\/termek\/merlot-2023\/#breadcrumb"},"inLanguage":"en-GB","potentialAction":[{"@type":"ReadAction","target":["https:\/\/garaipince.hu\/termek\/merlot-2023\/"]}]},{"@type":"ImageObject","inLanguage":"en-GB","@id":"https:\/\/garaipince.hu\/termek\/merlot-2023\/#primaryimage","url":"https:\/\/garaipince.hu\/wp-content\/uploads\/2024\/07\/fekvok_merlot21_webre_2.png","contentUrl":"https:\/\/garaipince.hu\/wp-content\/uploads\/2024\/07\/fekvok_merlot21_webre_2.png","width":931,"height":623},{"@type":"BreadcrumbList","@id":"https:\/\/garaipince.hu\/termek\/merlot-2023\/#breadcrumb","itemListElement":[{"@type":"ListItem","position":1,"name":"Kezd\u0151lap","item":"https:\/\/garaipince.hu\/"},{"@type":"ListItem","position":2,"name":"Webshop","item":"https:\/\/garaipince.hu\/uzlet\/"},{"@type":"ListItem","position":3,"name":"Merlot 2023"}]},{"@type":"WebSite","@id":"https:\/\/garaipince.hu\/#website","url":"https:\/\/garaipince.hu\/","name":"Garai Pinc\u00e9szet","description":"Ny\u00e9kihegy - Szeksz\u00e1rdi borvid\u00e9k","publisher":{"@id":"https:\/\/garaipince.hu\/#organization"},"potentialAction":[{"@type":"SearchAction","target":{"@type":"EntryPoint","urlTemplate":"https:\/\/garaipince.hu\/?s={search_term_string}"},"query-input":{"@type":"PropertyValueSpecification","valueRequired":true,"valueName":"search_term_string"}}],"inLanguage":"en-GB"},{"@type":"Organization","@id":"https:\/\/garaipince.hu\/#organization","name":"Garai Pinc\u00e9szet","url":"https:\/\/garaipince.hu\/","logo":{"@type":"ImageObject","inLanguage":"en-GB","@id":"https:\/\/garaipince.hu\/#\/schema\/logo\/image\/","url":"https:\/\/garaipince.hu\/wp-content\/uploads\/2024\/08\/TELJES_LOGO_FEKETE-BETU.png","contentUrl":"https:\/\/garaipince.hu\/wp-content\/uploads\/2024\/08\/TELJES_LOGO_FEKETE-BETU.png","width":665,"height":1122,"caption":"Garai Pinc\u00e9szet"},"image":{"@id":"https:\/\/garaipince.hu\/#\/schema\/logo\/image\/"},"sameAs":["https:\/\/www.facebook.com\/GaraiPince"]}]}},"_links":{"self":[{"href":"https:\/\/garaipince.hu\/en\/wp-json\/wp\/v2\/product\/2103","targetHints":{"allow":["GET"]}}],"collection":[{"href":"https:\/\/garaipince.hu\/en\/wp-json\/wp\/v2\/product"}],"about":[{"href":"https:\/\/garaipince.hu\/en\/wp-json\/wp\/v2\/types\/product"}],"wp:featuredmedia":[{"embeddable":true,"href":"https:\/\/garaipince.hu\/en\/wp-json\/wp\/v2\/media\/785"}],"wp:attachment":[{"href":"https:\/\/garaipince.hu\/en\/wp-json\/wp\/v2\/media?parent=2103"}],"wp:term":[{"taxonomy":"product_brand","embeddable":true,"href":"https:\/\/garaipince.hu\/en\/wp-json\/wp\/v2\/product_brand?post=2103"},{"taxonomy":"product_cat","embeddable":true,"href":"https:\/\/garaipince.hu\/en\/wp-json\/wp\/v2\/product_cat?post=2103"},{"taxonomy":"product_tag","embeddable":true,"href":"https:\/\/garaipince.hu\/en\/wp-json\/wp\/v2\/product_tag?post=2103"}],"curies":[{"name":"wp","href":"https:\/\/api.w.org\/{rel}","templated":true}]}}