{"id":2169,"date":"2025-10-05T07:08:58","date_gmt":"2025-10-05T07:08:58","guid":{"rendered":"https:\/\/garaipince.hu\/?post_type=product&#038;p=2169"},"modified":"2026-03-16T16:53:42","modified_gmt":"2026-03-16T16:53:42","slug":"chardonnay-2024","status":"publish","type":"product","link":"https:\/\/garaipince.hu\/en\/product\/chardonnay-2024\/","title":{"rendered":"Chardonnay 2024"},"content":{"rendered":"<p data-start=\"858\" data-end=\"1064\"><strong data-start=\"858\" data-end=\"883\">Szeksz\u00e1rdi Chardonnay<\/strong>, amely a fajta eleganci\u00e1j\u00e1t \u00e9s frissess\u00e9g\u00e9t mutatja meg tiszta, gy\u00fcm\u00f6lcs\u00f6s form\u00e1ban.<br data-start=\"968\" data-end=\"971\" \/>Ac\u00e9ltart\u00e1lyban, <strong data-start=\"987\" data-end=\"1009\">reduk\u00edv elj\u00e1r\u00e1ssal<\/strong> k\u00e9sz\u00fclt, hogy meg\u0151rizze a sz\u0151l\u0151 term\u00e9szetes arom\u00e1it.<\/p>\n<p data-start=\"1066\" data-end=\"1351\">Illat\u00e1ban <strong data-start=\"1076\" data-end=\"1113\">z\u00f6ldalma, citrus \u00e9s feh\u00e9r vir\u00e1gok<\/strong> jelennek meg, \u00edz\u00e9ben <strong data-start=\"1135\" data-end=\"1150\">friss savak<\/strong> \u00e9s <strong data-start=\"1154\" data-end=\"1185\">gy\u00fcm\u00f6lcs\u00f6s, kerek lecseng\u00e9s<\/strong> jellemzi.<br data-start=\"1195\" data-end=\"1198\" \/>K\u00f6nnyed, m\u00e9gis karakteres feh\u00e9rbor, amely \u00f6nmag\u00e1ban \u00e9s k\u00f6nny\u0171 \u00e9telekhez \u2013 p\u00e9ld\u00e1ul <strong data-start=\"1280\" data-end=\"1323\">halakhoz, sal\u00e1t\u00e1khoz vagy sz\u00e1rnyasokhoz<\/strong> \u2013 is t\u00f6k\u00e9letes v\u00e1laszt\u00e1s.<\/p>\n<p data-start=\"1353\" data-end=\"1494\"><strong data-start=\"1353\" data-end=\"1381\">Fogyaszt\u00e1si h\u0151m\u00e9rs\u00e9klet:<\/strong> 9\u201311 \u00b0C<br data-start=\"1389\" data-end=\"1392\" \/><strong data-start=\"1392\" data-end=\"1412\">Alkoholtartalom:<\/strong> ~12\u201313%<br data-start=\"1420\" data-end=\"1423\" \/><strong data-start=\"1423\" data-end=\"1439\">Technol\u00f3gia:<\/strong> ac\u00e9ltart\u00e1lyos erjeszt\u00e9s \u00e9s \u00e9rlel\u00e9s, redukt\u00edv elj\u00e1r\u00e1s<\/p>","protected":false},"excerpt":{"rendered":"<p>Szeksz\u00e1rdi Chardonnay, amely a fajta eleganci\u00e1j\u00e1t \u00e9s frissess\u00e9g\u00e9t mutatja meg tiszta, gy\u00fcm\u00f6lcs\u00f6s form\u00e1ban.Ac\u00e9ltart\u00e1lyban, reduk\u00edv elj\u00e1r\u00e1ssal k\u00e9sz\u00fclt, hogy meg\u0151rizze a sz\u0151l\u0151 term\u00e9szetes arom\u00e1it. Illat\u00e1ban z\u00f6ldalma, citrus \u00e9s feh\u00e9r vir\u00e1gok jelennek meg, \u00edz\u00e9ben friss savak \u00e9s gy\u00fcm\u00f6lcs\u00f6s, kerek lecseng\u00e9s jellemzi.K\u00f6nnyed, m\u00e9gis karakteres feh\u00e9rbor, amely \u00f6nmag\u00e1ban \u00e9s k\u00f6nny\u0171 \u00e9telekhez \u2013 p\u00e9ld\u00e1ul halakhoz, sal\u00e1t\u00e1khoz vagy sz\u00e1rnyasokhoz \u2013 is t\u00f6k\u00e9letes [&hellip;]<\/p>\n","protected":false},"featured_media":2185,"template":"","meta":{"_et_pb_use_builder":"","_et_pb_old_content":"","_et_gb_content_width":""},"product_brand":[],"product_cat":[24],"product_tag":[],"class_list":{"0":"post-2169","1":"product","2":"type-product","3":"status-publish","4":"has-post-thumbnail","6":"product_cat-feherbor","8":"first","9":"outofstock","10":"shipping-taxable","11":"purchasable","12":"product-type-simple"},"yoast_head":"<!-- This site is optimized with the Yoast SEO plugin v27.4 - https:\/\/yoast.com\/product\/yoast-seo-wordpress\/ -->\n<title>Chardonnay 2024 - Garai Pince<\/title>\n<meta name=\"robots\" content=\"index, follow, max-snippet:-1, max-image-preview:large, max-video-preview:-1\" \/>\n<link rel=\"canonical\" href=\"https:\/\/garaipince.hu\/en\/product\/chardonnay-2024\/\" \/>\n<meta property=\"og:locale\" content=\"en_GB\" \/>\n<meta property=\"og:type\" content=\"article\" \/>\n<meta property=\"og:title\" content=\"Chardonnay 2024 - Garai Pince\" \/>\n<meta property=\"og:description\" content=\"Szeksz\u00e1rdi Chardonnay, amely a fajta eleganci\u00e1j\u00e1t \u00e9s frissess\u00e9g\u00e9t mutatja meg tiszta, gy\u00fcm\u00f6lcs\u00f6s form\u00e1ban.Ac\u00e9ltart\u00e1lyban, reduk\u00edv elj\u00e1r\u00e1ssal k\u00e9sz\u00fclt, hogy meg\u0151rizze a sz\u0151l\u0151 term\u00e9szetes arom\u00e1it. Illat\u00e1ban z\u00f6ldalma, citrus \u00e9s feh\u00e9r vir\u00e1gok jelennek meg, \u00edz\u00e9ben friss savak \u00e9s gy\u00fcm\u00f6lcs\u00f6s, kerek lecseng\u00e9s jellemzi.K\u00f6nnyed, m\u00e9gis karakteres feh\u00e9rbor, amely \u00f6nmag\u00e1ban \u00e9s k\u00f6nny\u0171 \u00e9telekhez \u2013 p\u00e9ld\u00e1ul halakhoz, sal\u00e1t\u00e1khoz vagy sz\u00e1rnyasokhoz \u2013 is t\u00f6k\u00e9letes [&hellip;]\" \/>\n<meta property=\"og:url\" content=\"https:\/\/garaipince.hu\/en\/product\/chardonnay-2024\/\" \/>\n<meta property=\"og:site_name\" content=\"Garai Pince\" \/>\n<meta property=\"article:publisher\" content=\"https:\/\/www.facebook.com\/GaraiPince\" \/>\n<meta property=\"article:modified_time\" content=\"2026-03-16T16:53:42+00:00\" \/>\n<meta property=\"og:image\" content=\"https:\/\/garaipince.hu\/wp-content\/uploads\/2025\/09\/chardonnay24termekkep.png\" \/>\n\t<meta property=\"og:image:width\" content=\"1000\" \/>\n\t<meta property=\"og:image:height\" content=\"1000\" \/>\n\t<meta property=\"og:image:type\" content=\"image\/png\" \/>\n<meta name=\"twitter:card\" content=\"summary_large_image\" \/>\n<meta name=\"twitter:label1\" content=\"Estimated reading time\" \/>\n\t<meta name=\"twitter:data1\" content=\"1 minute\" \/>\n<script type=\"application\/ld+json\" class=\"yoast-schema-graph\">{\"@context\":\"https:\\\/\\\/schema.org\",\"@graph\":[{\"@type\":\"WebPage\",\"@id\":\"https:\\\/\\\/garaipince.hu\\\/termek\\\/chardonnay-2024\\\/\",\"url\":\"https:\\\/\\\/garaipince.hu\\\/termek\\\/chardonnay-2024\\\/\",\"name\":\"Chardonnay 2024 - Garai Pince\",\"isPartOf\":{\"@id\":\"https:\\\/\\\/garaipince.hu\\\/#website\"},\"primaryImageOfPage\":{\"@id\":\"https:\\\/\\\/garaipince.hu\\\/termek\\\/chardonnay-2024\\\/#primaryimage\"},\"image\":{\"@id\":\"https:\\\/\\\/garaipince.hu\\\/termek\\\/chardonnay-2024\\\/#primaryimage\"},\"thumbnailUrl\":\"https:\\\/\\\/garaipince.hu\\\/wp-content\\\/uploads\\\/2025\\\/09\\\/chardonnay24termekkep.png\",\"datePublished\":\"2025-10-05T07:08:58+00:00\",\"dateModified\":\"2026-03-16T16:53:42+00:00\",\"breadcrumb\":{\"@id\":\"https:\\\/\\\/garaipince.hu\\\/termek\\\/chardonnay-2024\\\/#breadcrumb\"},\"inLanguage\":\"en-GB\",\"potentialAction\":[{\"@type\":\"ReadAction\",\"target\":[\"https:\\\/\\\/garaipince.hu\\\/termek\\\/chardonnay-2024\\\/\"]}]},{\"@type\":\"ImageObject\",\"inLanguage\":\"en-GB\",\"@id\":\"https:\\\/\\\/garaipince.hu\\\/termek\\\/chardonnay-2024\\\/#primaryimage\",\"url\":\"https:\\\/\\\/garaipince.hu\\\/wp-content\\\/uploads\\\/2025\\\/09\\\/chardonnay24termekkep.png\",\"contentUrl\":\"https:\\\/\\\/garaipince.hu\\\/wp-content\\\/uploads\\\/2025\\\/09\\\/chardonnay24termekkep.png\",\"width\":1000,\"height\":1000},{\"@type\":\"BreadcrumbList\",\"@id\":\"https:\\\/\\\/garaipince.hu\\\/termek\\\/chardonnay-2024\\\/#breadcrumb\",\"itemListElement\":[{\"@type\":\"ListItem\",\"position\":1,\"name\":\"Kezd\u0151lap\",\"item\":\"https:\\\/\\\/garaipince.hu\\\/\"},{\"@type\":\"ListItem\",\"position\":2,\"name\":\"Webshop\",\"item\":\"https:\\\/\\\/garaipince.hu\\\/uzlet\\\/\"},{\"@type\":\"ListItem\",\"position\":3,\"name\":\"Chardonnay 2024\"}]},{\"@type\":\"WebSite\",\"@id\":\"https:\\\/\\\/garaipince.hu\\\/#website\",\"url\":\"https:\\\/\\\/garaipince.hu\\\/\",\"name\":\"Garai Pinc\u00e9szet\",\"description\":\"Ny\u00e9kihegy - Szeksz\u00e1rdi borvid\u00e9k\",\"publisher\":{\"@id\":\"https:\\\/\\\/garaipince.hu\\\/#organization\"},\"potentialAction\":[{\"@type\":\"SearchAction\",\"target\":{\"@type\":\"EntryPoint\",\"urlTemplate\":\"https:\\\/\\\/garaipince.hu\\\/?s={search_term_string}\"},\"query-input\":{\"@type\":\"PropertyValueSpecification\",\"valueRequired\":true,\"valueName\":\"search_term_string\"}}],\"inLanguage\":\"en-GB\"},{\"@type\":\"Organization\",\"@id\":\"https:\\\/\\\/garaipince.hu\\\/#organization\",\"name\":\"Garai Pinc\u00e9szet\",\"url\":\"https:\\\/\\\/garaipince.hu\\\/\",\"logo\":{\"@type\":\"ImageObject\",\"inLanguage\":\"en-GB\",\"@id\":\"https:\\\/\\\/garaipince.hu\\\/#\\\/schema\\\/logo\\\/image\\\/\",\"url\":\"https:\\\/\\\/garaipince.hu\\\/wp-content\\\/uploads\\\/2024\\\/08\\\/TELJES_LOGO_FEKETE-BETU.png\",\"contentUrl\":\"https:\\\/\\\/garaipince.hu\\\/wp-content\\\/uploads\\\/2024\\\/08\\\/TELJES_LOGO_FEKETE-BETU.png\",\"width\":665,\"height\":1122,\"caption\":\"Garai Pinc\u00e9szet\"},\"image\":{\"@id\":\"https:\\\/\\\/garaipince.hu\\\/#\\\/schema\\\/logo\\\/image\\\/\"},\"sameAs\":[\"https:\\\/\\\/www.facebook.com\\\/GaraiPince\"]}]}<\/script>\n<!-- \/ Yoast SEO plugin. -->","yoast_head_json":{"title":"Chardonnay 2024 - Garai Pince","robots":{"index":"index","follow":"follow","max-snippet":"max-snippet:-1","max-image-preview":"max-image-preview:large","max-video-preview":"max-video-preview:-1"},"canonical":"https:\/\/garaipince.hu\/en\/product\/chardonnay-2024\/","og_locale":"en_GB","og_type":"article","og_title":"Chardonnay 2024 - Garai Pince","og_description":"Szeksz\u00e1rdi Chardonnay, amely a fajta eleganci\u00e1j\u00e1t \u00e9s frissess\u00e9g\u00e9t mutatja meg tiszta, gy\u00fcm\u00f6lcs\u00f6s form\u00e1ban.Ac\u00e9ltart\u00e1lyban, reduk\u00edv elj\u00e1r\u00e1ssal k\u00e9sz\u00fclt, hogy meg\u0151rizze a sz\u0151l\u0151 term\u00e9szetes arom\u00e1it. Illat\u00e1ban z\u00f6ldalma, citrus \u00e9s feh\u00e9r vir\u00e1gok jelennek meg, \u00edz\u00e9ben friss savak \u00e9s gy\u00fcm\u00f6lcs\u00f6s, kerek lecseng\u00e9s jellemzi.K\u00f6nnyed, m\u00e9gis karakteres feh\u00e9rbor, amely \u00f6nmag\u00e1ban \u00e9s k\u00f6nny\u0171 \u00e9telekhez \u2013 p\u00e9ld\u00e1ul halakhoz, sal\u00e1t\u00e1khoz vagy sz\u00e1rnyasokhoz \u2013 is t\u00f6k\u00e9letes [&hellip;]","og_url":"https:\/\/garaipince.hu\/en\/product\/chardonnay-2024\/","og_site_name":"Garai Pince","article_publisher":"https:\/\/www.facebook.com\/GaraiPince","article_modified_time":"2026-03-16T16:53:42+00:00","og_image":[{"width":1000,"height":1000,"url":"https:\/\/garaipince.hu\/wp-content\/uploads\/2025\/09\/chardonnay24termekkep.png","type":"image\/png"}],"twitter_card":"summary_large_image","twitter_misc":{"Estimated reading time":"1 minute"},"schema":{"@context":"https:\/\/schema.org","@graph":[{"@type":"WebPage","@id":"https:\/\/garaipince.hu\/termek\/chardonnay-2024\/","url":"https:\/\/garaipince.hu\/termek\/chardonnay-2024\/","name":"Chardonnay 2024 - Garai Pince","isPartOf":{"@id":"https:\/\/garaipince.hu\/#website"},"primaryImageOfPage":{"@id":"https:\/\/garaipince.hu\/termek\/chardonnay-2024\/#primaryimage"},"image":{"@id":"https:\/\/garaipince.hu\/termek\/chardonnay-2024\/#primaryimage"},"thumbnailUrl":"https:\/\/garaipince.hu\/wp-content\/uploads\/2025\/09\/chardonnay24termekkep.png","datePublished":"2025-10-05T07:08:58+00:00","dateModified":"2026-03-16T16:53:42+00:00","breadcrumb":{"@id":"https:\/\/garaipince.hu\/termek\/chardonnay-2024\/#breadcrumb"},"inLanguage":"en-GB","potentialAction":[{"@type":"ReadAction","target":["https:\/\/garaipince.hu\/termek\/chardonnay-2024\/"]}]},{"@type":"ImageObject","inLanguage":"en-GB","@id":"https:\/\/garaipince.hu\/termek\/chardonnay-2024\/#primaryimage","url":"https:\/\/garaipince.hu\/wp-content\/uploads\/2025\/09\/chardonnay24termekkep.png","contentUrl":"https:\/\/garaipince.hu\/wp-content\/uploads\/2025\/09\/chardonnay24termekkep.png","width":1000,"height":1000},{"@type":"BreadcrumbList","@id":"https:\/\/garaipince.hu\/termek\/chardonnay-2024\/#breadcrumb","itemListElement":[{"@type":"ListItem","position":1,"name":"Kezd\u0151lap","item":"https:\/\/garaipince.hu\/"},{"@type":"ListItem","position":2,"name":"Webshop","item":"https:\/\/garaipince.hu\/uzlet\/"},{"@type":"ListItem","position":3,"name":"Chardonnay 2024"}]},{"@type":"WebSite","@id":"https:\/\/garaipince.hu\/#website","url":"https:\/\/garaipince.hu\/","name":"Garai Pinc\u00e9szet","description":"Ny\u00e9kihegy - Szeksz\u00e1rdi borvid\u00e9k","publisher":{"@id":"https:\/\/garaipince.hu\/#organization"},"potentialAction":[{"@type":"SearchAction","target":{"@type":"EntryPoint","urlTemplate":"https:\/\/garaipince.hu\/?s={search_term_string}"},"query-input":{"@type":"PropertyValueSpecification","valueRequired":true,"valueName":"search_term_string"}}],"inLanguage":"en-GB"},{"@type":"Organization","@id":"https:\/\/garaipince.hu\/#organization","name":"Garai Pinc\u00e9szet","url":"https:\/\/garaipince.hu\/","logo":{"@type":"ImageObject","inLanguage":"en-GB","@id":"https:\/\/garaipince.hu\/#\/schema\/logo\/image\/","url":"https:\/\/garaipince.hu\/wp-content\/uploads\/2024\/08\/TELJES_LOGO_FEKETE-BETU.png","contentUrl":"https:\/\/garaipince.hu\/wp-content\/uploads\/2024\/08\/TELJES_LOGO_FEKETE-BETU.png","width":665,"height":1122,"caption":"Garai Pinc\u00e9szet"},"image":{"@id":"https:\/\/garaipince.hu\/#\/schema\/logo\/image\/"},"sameAs":["https:\/\/www.facebook.com\/GaraiPince"]}]}},"_links":{"self":[{"href":"https:\/\/garaipince.hu\/en\/wp-json\/wp\/v2\/product\/2169","targetHints":{"allow":["GET"]}}],"collection":[{"href":"https:\/\/garaipince.hu\/en\/wp-json\/wp\/v2\/product"}],"about":[{"href":"https:\/\/garaipince.hu\/en\/wp-json\/wp\/v2\/types\/product"}],"wp:featuredmedia":[{"embeddable":true,"href":"https:\/\/garaipince.hu\/en\/wp-json\/wp\/v2\/media\/2185"}],"wp:attachment":[{"href":"https:\/\/garaipince.hu\/en\/wp-json\/wp\/v2\/media?parent=2169"}],"wp:term":[{"taxonomy":"product_brand","embeddable":true,"href":"https:\/\/garaipince.hu\/en\/wp-json\/wp\/v2\/product_brand?post=2169"},{"taxonomy":"product_cat","embeddable":true,"href":"https:\/\/garaipince.hu\/en\/wp-json\/wp\/v2\/product_cat?post=2169"},{"taxonomy":"product_tag","embeddable":true,"href":"https:\/\/garaipince.hu\/en\/wp-json\/wp\/v2\/product_tag?post=2169"}],"curies":[{"name":"wp","href":"https:\/\/api.w.org\/{rel}","templated":true}]}}