{"id":2209,"date":"2025-11-14T07:32:26","date_gmt":"2025-11-14T07:32:26","guid":{"rendered":"https:\/\/garaipince.hu\/?post_type=product&#038;p=2209"},"modified":"2026-02-05T19:18:06","modified_gmt":"2026-02-05T19:18:06","slug":"szekszard-2023","status":"publish","type":"product","link":"https:\/\/garaipince.hu\/en\/product\/szekszard-2023\/","title":{"rendered":"Szeksz\u00e1rd 2023"},"content":{"rendered":"<h2 data-start=\"171\" data-end=\"198\"><strong data-start=\"174\" data-end=\"198\">Szeksz\u00e1rdi H\u00e1zas\u00edt\u00e1s<\/strong><\/h2>\n<p data-start=\"200\" data-end=\"472\">Borunk h\u00e1rom nemes fajta egyenl\u0151 ar\u00e1ny\u00fa, harmonikus h\u00e1zas\u00edt\u00e1sa. A szeksz\u00e1rdi K\u00e9kfrankos adja a bor karakteres, helyi jelleg\u00e9t. Ehhez t\u00e1rsul k\u00e9t vil\u00e1gszerte elismert fajta: a Cabernet Sauvignon \u00e9s a Cabernet Franc. A h\u00e1zas\u00edt\u00e1s \u00edgy egyszerre eleg\u00e1ns, gy\u00fcm\u00f6lcs\u00f6s \u00e9s f\u0171szeres.<\/p>\n<h2 data-start=\"474\" data-end=\"507\"><strong data-start=\"477\" data-end=\"507\">Egyedi szeksz\u00e1rdi karakter<\/strong><\/h2>\n<p data-start=\"509\" data-end=\"766\">A K\u00e9kfrankos f\u0171szeress\u00e9ge \u00e9s \u00e9l\u00e9nk savai adj\u00e1k a bor egyedis\u00e9g\u00e9t. A Cabernet Sauvignon m\u00e9lys\u00e9get \u00e9s fekete bogy\u00f3s arom\u00e1kat hoz. A Cabernet Franc finom f\u0171szerekkel \u00e9s eleg\u00e1ns szerkezettel eg\u00e9sz\u00edti ki a bort. Ezek egy\u00fctt adj\u00e1k a harmonikus szeksz\u00e1rdi st\u00edlust.<\/p>\n<h2 data-start=\"768\" data-end=\"782\"><strong data-start=\"771\" data-end=\"782\">\u00c9rlel\u00e9s<\/strong><\/h2>\n<p data-start=\"784\" data-end=\"903\">A bort 14 h\u00f3napig \u00e9rlelt\u00fck \u00faj \u00e9s m\u00e1sodt\u00f6lt\u00e9s\u0171 t\u00f6lgyfahord\u00f3kban. Ez teszi b\u00e1rsonyoss\u00e1, \u00f6sszetett\u00e9 \u00e9s hosszan lecseng\u0151v\u00e9.<\/p>","protected":false},"excerpt":{"rendered":"<p>Szeksz\u00e1rdi H\u00e1zas\u00edt\u00e1s Borunk h\u00e1rom nemes fajta egyenl\u0151 ar\u00e1ny\u00fa, harmonikus h\u00e1zas\u00edt\u00e1sa. A szeksz\u00e1rdi K\u00e9kfrankos adja a bor karakteres, helyi jelleg\u00e9t. Ehhez t\u00e1rsul k\u00e9t vil\u00e1gszerte elismert fajta: a Cabernet Sauvignon \u00e9s a Cabernet Franc. A h\u00e1zas\u00edt\u00e1s \u00edgy egyszerre eleg\u00e1ns, gy\u00fcm\u00f6lcs\u00f6s \u00e9s f\u0171szeres. Egyedi szeksz\u00e1rdi karakter A K\u00e9kfrankos f\u0171szeress\u00e9ge \u00e9s \u00e9l\u00e9nk savai adj\u00e1k a bor egyedis\u00e9g\u00e9t. A Cabernet [&hellip;]<\/p>\n","protected":false},"featured_media":2211,"template":"","meta":{"_et_pb_use_builder":"","_et_pb_old_content":"","_et_gb_content_width":""},"product_brand":[],"product_cat":[25],"product_tag":[],"class_list":{"0":"post-2209","1":"product","2":"type-product","3":"status-publish","4":"has-post-thumbnail","6":"product_cat-vorosbor","8":"first","9":"instock","10":"shipping-taxable","11":"purchasable","12":"product-type-simple"},"yoast_head":"<!-- This site is optimized with the Yoast SEO plugin v27.3 - https:\/\/yoast.com\/product\/yoast-seo-wordpress\/ -->\n<title>Szeksz\u00e1rd 2023 - Garai Pince<\/title>\n<meta name=\"description\" content=\"Pr\u00e9mium szeksz\u00e1rdi v\u00f6r\u00f6s h\u00e1zas\u00edt\u00e1s K\u00e9kfrankos, Cabernet Sauvignon \u00e9s Cabernet Franc fajt\u00e1kb\u00f3l. 14 h\u00f3nap hord\u00f3s \u00e9rlel\u00e9s, karakteres, eleg\u00e1ns bor.\" \/>\n<meta name=\"robots\" content=\"index, follow, max-snippet:-1, max-image-preview:large, max-video-preview:-1\" \/>\n<link rel=\"canonical\" href=\"https:\/\/garaipince.hu\/en\/product\/szekszard-2023\/\" \/>\n<meta property=\"og:locale\" content=\"en_GB\" \/>\n<meta property=\"og:type\" content=\"article\" \/>\n<meta property=\"og:title\" content=\"Szeksz\u00e1rd 2023 - Garai Pince\" \/>\n<meta property=\"og:description\" content=\"Pr\u00e9mium szeksz\u00e1rdi v\u00f6r\u00f6s h\u00e1zas\u00edt\u00e1s K\u00e9kfrankos, Cabernet Sauvignon \u00e9s Cabernet Franc fajt\u00e1kb\u00f3l. 14 h\u00f3nap hord\u00f3s \u00e9rlel\u00e9s, karakteres, eleg\u00e1ns bor.\" \/>\n<meta property=\"og:url\" content=\"https:\/\/garaipince.hu\/en\/product\/szekszard-2023\/\" \/>\n<meta property=\"og:site_name\" content=\"Garai Pince\" \/>\n<meta property=\"article:publisher\" content=\"https:\/\/www.facebook.com\/GaraiPince\" \/>\n<meta property=\"article:modified_time\" content=\"2026-02-05T19:18:06+00:00\" \/>\n<meta property=\"og:image\" content=\"https:\/\/garaipince.hu\/wp-content\/uploads\/2025\/10\/szekszard23termekkep.png\" \/>\n\t<meta property=\"og:image:width\" content=\"1000\" \/>\n\t<meta property=\"og:image:height\" content=\"1000\" \/>\n\t<meta property=\"og:image:type\" content=\"image\/png\" \/>\n<meta name=\"twitter:card\" content=\"summary_large_image\" \/>\n<meta name=\"twitter:label1\" content=\"Estimated reading time\" \/>\n\t<meta name=\"twitter:data1\" content=\"1 minute\" \/>\n<script type=\"application\/ld+json\" class=\"yoast-schema-graph\">{\"@context\":\"https:\\\/\\\/schema.org\",\"@graph\":[{\"@type\":\"WebPage\",\"@id\":\"https:\\\/\\\/garaipince.hu\\\/termek\\\/szekszard-2023\\\/\",\"url\":\"https:\\\/\\\/garaipince.hu\\\/termek\\\/szekszard-2023\\\/\",\"name\":\"Szeksz\u00e1rd 2023 - Garai Pince\",\"isPartOf\":{\"@id\":\"https:\\\/\\\/garaipince.hu\\\/#website\"},\"primaryImageOfPage\":{\"@id\":\"https:\\\/\\\/garaipince.hu\\\/termek\\\/szekszard-2023\\\/#primaryimage\"},\"image\":{\"@id\":\"https:\\\/\\\/garaipince.hu\\\/termek\\\/szekszard-2023\\\/#primaryimage\"},\"thumbnailUrl\":\"https:\\\/\\\/garaipince.hu\\\/wp-content\\\/uploads\\\/2025\\\/10\\\/szekszard23termekkep.png\",\"datePublished\":\"2025-11-14T07:32:26+00:00\",\"dateModified\":\"2026-02-05T19:18:06+00:00\",\"description\":\"Pr\u00e9mium szeksz\u00e1rdi v\u00f6r\u00f6s h\u00e1zas\u00edt\u00e1s K\u00e9kfrankos, Cabernet Sauvignon \u00e9s Cabernet Franc fajt\u00e1kb\u00f3l. 14 h\u00f3nap hord\u00f3s \u00e9rlel\u00e9s, karakteres, eleg\u00e1ns bor.\",\"breadcrumb\":{\"@id\":\"https:\\\/\\\/garaipince.hu\\\/termek\\\/szekszard-2023\\\/#breadcrumb\"},\"inLanguage\":\"en-GB\",\"potentialAction\":[{\"@type\":\"ReadAction\",\"target\":[\"https:\\\/\\\/garaipince.hu\\\/termek\\\/szekszard-2023\\\/\"]}]},{\"@type\":\"ImageObject\",\"inLanguage\":\"en-GB\",\"@id\":\"https:\\\/\\\/garaipince.hu\\\/termek\\\/szekszard-2023\\\/#primaryimage\",\"url\":\"https:\\\/\\\/garaipince.hu\\\/wp-content\\\/uploads\\\/2025\\\/10\\\/szekszard23termekkep.png\",\"contentUrl\":\"https:\\\/\\\/garaipince.hu\\\/wp-content\\\/uploads\\\/2025\\\/10\\\/szekszard23termekkep.png\",\"width\":1000,\"height\":1000},{\"@type\":\"BreadcrumbList\",\"@id\":\"https:\\\/\\\/garaipince.hu\\\/termek\\\/szekszard-2023\\\/#breadcrumb\",\"itemListElement\":[{\"@type\":\"ListItem\",\"position\":1,\"name\":\"Kezd\u0151lap\",\"item\":\"https:\\\/\\\/garaipince.hu\\\/\"},{\"@type\":\"ListItem\",\"position\":2,\"name\":\"Webshop\",\"item\":\"https:\\\/\\\/garaipince.hu\\\/uzlet\\\/\"},{\"@type\":\"ListItem\",\"position\":3,\"name\":\"Szeksz\u00e1rd 2023\"}]},{\"@type\":\"WebSite\",\"@id\":\"https:\\\/\\\/garaipince.hu\\\/#website\",\"url\":\"https:\\\/\\\/garaipince.hu\\\/\",\"name\":\"Garai Pinc\u00e9szet\",\"description\":\"Ny\u00e9kihegy - Szeksz\u00e1rdi borvid\u00e9k\",\"publisher\":{\"@id\":\"https:\\\/\\\/garaipince.hu\\\/#organization\"},\"potentialAction\":[{\"@type\":\"SearchAction\",\"target\":{\"@type\":\"EntryPoint\",\"urlTemplate\":\"https:\\\/\\\/garaipince.hu\\\/?s={search_term_string}\"},\"query-input\":{\"@type\":\"PropertyValueSpecification\",\"valueRequired\":true,\"valueName\":\"search_term_string\"}}],\"inLanguage\":\"en-GB\"},{\"@type\":\"Organization\",\"@id\":\"https:\\\/\\\/garaipince.hu\\\/#organization\",\"name\":\"Garai Pinc\u00e9szet\",\"url\":\"https:\\\/\\\/garaipince.hu\\\/\",\"logo\":{\"@type\":\"ImageObject\",\"inLanguage\":\"en-GB\",\"@id\":\"https:\\\/\\\/garaipince.hu\\\/#\\\/schema\\\/logo\\\/image\\\/\",\"url\":\"https:\\\/\\\/garaipince.hu\\\/wp-content\\\/uploads\\\/2024\\\/08\\\/TELJES_LOGO_FEKETE-BETU.png\",\"contentUrl\":\"https:\\\/\\\/garaipince.hu\\\/wp-content\\\/uploads\\\/2024\\\/08\\\/TELJES_LOGO_FEKETE-BETU.png\",\"width\":665,\"height\":1122,\"caption\":\"Garai Pinc\u00e9szet\"},\"image\":{\"@id\":\"https:\\\/\\\/garaipince.hu\\\/#\\\/schema\\\/logo\\\/image\\\/\"},\"sameAs\":[\"https:\\\/\\\/www.facebook.com\\\/GaraiPince\"]}]}<\/script>\n<!-- \/ Yoast SEO plugin. -->","yoast_head_json":{"title":"Szeksz\u00e1rd 2023 - Garai Pince","description":"Pr\u00e9mium szeksz\u00e1rdi v\u00f6r\u00f6s h\u00e1zas\u00edt\u00e1s K\u00e9kfrankos, Cabernet Sauvignon \u00e9s Cabernet Franc fajt\u00e1kb\u00f3l. 14 h\u00f3nap hord\u00f3s \u00e9rlel\u00e9s, karakteres, eleg\u00e1ns bor.","robots":{"index":"index","follow":"follow","max-snippet":"max-snippet:-1","max-image-preview":"max-image-preview:large","max-video-preview":"max-video-preview:-1"},"canonical":"https:\/\/garaipince.hu\/en\/product\/szekszard-2023\/","og_locale":"en_GB","og_type":"article","og_title":"Szeksz\u00e1rd 2023 - Garai Pince","og_description":"Pr\u00e9mium szeksz\u00e1rdi v\u00f6r\u00f6s h\u00e1zas\u00edt\u00e1s K\u00e9kfrankos, Cabernet Sauvignon \u00e9s Cabernet Franc fajt\u00e1kb\u00f3l. 14 h\u00f3nap hord\u00f3s \u00e9rlel\u00e9s, karakteres, eleg\u00e1ns bor.","og_url":"https:\/\/garaipince.hu\/en\/product\/szekszard-2023\/","og_site_name":"Garai Pince","article_publisher":"https:\/\/www.facebook.com\/GaraiPince","article_modified_time":"2026-02-05T19:18:06+00:00","og_image":[{"width":1000,"height":1000,"url":"https:\/\/garaipince.hu\/wp-content\/uploads\/2025\/10\/szekszard23termekkep.png","type":"image\/png"}],"twitter_card":"summary_large_image","twitter_misc":{"Estimated reading time":"1 minute"},"schema":{"@context":"https:\/\/schema.org","@graph":[{"@type":"WebPage","@id":"https:\/\/garaipince.hu\/termek\/szekszard-2023\/","url":"https:\/\/garaipince.hu\/termek\/szekszard-2023\/","name":"Szeksz\u00e1rd 2023 - Garai Pince","isPartOf":{"@id":"https:\/\/garaipince.hu\/#website"},"primaryImageOfPage":{"@id":"https:\/\/garaipince.hu\/termek\/szekszard-2023\/#primaryimage"},"image":{"@id":"https:\/\/garaipince.hu\/termek\/szekszard-2023\/#primaryimage"},"thumbnailUrl":"https:\/\/garaipince.hu\/wp-content\/uploads\/2025\/10\/szekszard23termekkep.png","datePublished":"2025-11-14T07:32:26+00:00","dateModified":"2026-02-05T19:18:06+00:00","description":"Pr\u00e9mium szeksz\u00e1rdi v\u00f6r\u00f6s h\u00e1zas\u00edt\u00e1s K\u00e9kfrankos, Cabernet Sauvignon \u00e9s Cabernet Franc fajt\u00e1kb\u00f3l. 14 h\u00f3nap hord\u00f3s \u00e9rlel\u00e9s, karakteres, eleg\u00e1ns bor.","breadcrumb":{"@id":"https:\/\/garaipince.hu\/termek\/szekszard-2023\/#breadcrumb"},"inLanguage":"en-GB","potentialAction":[{"@type":"ReadAction","target":["https:\/\/garaipince.hu\/termek\/szekszard-2023\/"]}]},{"@type":"ImageObject","inLanguage":"en-GB","@id":"https:\/\/garaipince.hu\/termek\/szekszard-2023\/#primaryimage","url":"https:\/\/garaipince.hu\/wp-content\/uploads\/2025\/10\/szekszard23termekkep.png","contentUrl":"https:\/\/garaipince.hu\/wp-content\/uploads\/2025\/10\/szekszard23termekkep.png","width":1000,"height":1000},{"@type":"BreadcrumbList","@id":"https:\/\/garaipince.hu\/termek\/szekszard-2023\/#breadcrumb","itemListElement":[{"@type":"ListItem","position":1,"name":"Kezd\u0151lap","item":"https:\/\/garaipince.hu\/"},{"@type":"ListItem","position":2,"name":"Webshop","item":"https:\/\/garaipince.hu\/uzlet\/"},{"@type":"ListItem","position":3,"name":"Szeksz\u00e1rd 2023"}]},{"@type":"WebSite","@id":"https:\/\/garaipince.hu\/#website","url":"https:\/\/garaipince.hu\/","name":"Garai Pinc\u00e9szet","description":"Ny\u00e9kihegy - Szeksz\u00e1rdi borvid\u00e9k","publisher":{"@id":"https:\/\/garaipince.hu\/#organization"},"potentialAction":[{"@type":"SearchAction","target":{"@type":"EntryPoint","urlTemplate":"https:\/\/garaipince.hu\/?s={search_term_string}"},"query-input":{"@type":"PropertyValueSpecification","valueRequired":true,"valueName":"search_term_string"}}],"inLanguage":"en-GB"},{"@type":"Organization","@id":"https:\/\/garaipince.hu\/#organization","name":"Garai Pinc\u00e9szet","url":"https:\/\/garaipince.hu\/","logo":{"@type":"ImageObject","inLanguage":"en-GB","@id":"https:\/\/garaipince.hu\/#\/schema\/logo\/image\/","url":"https:\/\/garaipince.hu\/wp-content\/uploads\/2024\/08\/TELJES_LOGO_FEKETE-BETU.png","contentUrl":"https:\/\/garaipince.hu\/wp-content\/uploads\/2024\/08\/TELJES_LOGO_FEKETE-BETU.png","width":665,"height":1122,"caption":"Garai Pinc\u00e9szet"},"image":{"@id":"https:\/\/garaipince.hu\/#\/schema\/logo\/image\/"},"sameAs":["https:\/\/www.facebook.com\/GaraiPince"]}]}},"_links":{"self":[{"href":"https:\/\/garaipince.hu\/en\/wp-json\/wp\/v2\/product\/2209","targetHints":{"allow":["GET"]}}],"collection":[{"href":"https:\/\/garaipince.hu\/en\/wp-json\/wp\/v2\/product"}],"about":[{"href":"https:\/\/garaipince.hu\/en\/wp-json\/wp\/v2\/types\/product"}],"wp:featuredmedia":[{"embeddable":true,"href":"https:\/\/garaipince.hu\/en\/wp-json\/wp\/v2\/media\/2211"}],"wp:attachment":[{"href":"https:\/\/garaipince.hu\/en\/wp-json\/wp\/v2\/media?parent=2209"}],"wp:term":[{"taxonomy":"product_brand","embeddable":true,"href":"https:\/\/garaipince.hu\/en\/wp-json\/wp\/v2\/product_brand?post=2209"},{"taxonomy":"product_cat","embeddable":true,"href":"https:\/\/garaipince.hu\/en\/wp-json\/wp\/v2\/product_cat?post=2209"},{"taxonomy":"product_tag","embeddable":true,"href":"https:\/\/garaipince.hu\/en\/wp-json\/wp\/v2\/product_tag?post=2209"}],"curies":[{"name":"wp","href":"https:\/\/api.w.org\/{rel}","templated":true}]}}