{"id":2214,"date":"2025-12-22T09:12:43","date_gmt":"2025-12-22T09:12:43","guid":{"rendered":"https:\/\/garaipince.hu\/?post_type=product&#038;p=2214"},"modified":"2026-04-10T14:37:21","modified_gmt":"2026-04-10T14:37:21","slug":"tauninger-merlot-2022","status":"publish","type":"product","link":"https:\/\/garaipince.hu\/en\/product\/tauninger-merlot-2022\/","title":{"rendered":"Tauninger Merlot 2022"},"content":{"rendered":"","protected":false},"excerpt":{"rendered":"","protected":false},"featured_media":2213,"template":"","meta":{"_et_pb_use_builder":"","_et_pb_old_content":"","_et_gb_content_width":""},"product_brand":[],"product_cat":[39,25],"product_tag":[],"class_list":{"0":"post-2214","1":"product","2":"type-product","3":"status-publish","4":"has-post-thumbnail","6":"product_cat-tauninger-sorozat","7":"product_cat-vorosbor","9":"first","10":"instock","11":"shipping-taxable","12":"purchasable","13":"product-type-simple"},"yoast_head":"<!-- This site is optimized with the Yoast SEO plugin v27.3 - https:\/\/yoast.com\/product\/yoast-seo-wordpress\/ -->\n<title>Tauninger Merlot 2022 - Garai Pince<\/title>\n<meta name=\"robots\" content=\"index, follow, max-snippet:-1, max-image-preview:large, max-video-preview:-1\" \/>\n<link rel=\"canonical\" href=\"https:\/\/garaipince.hu\/en\/product\/tauninger-merlot-2022\/\" \/>\n<meta property=\"og:locale\" content=\"en_GB\" \/>\n<meta property=\"og:type\" content=\"article\" \/>\n<meta property=\"og:title\" content=\"Tauninger Merlot 2022 - Garai Pince\" \/>\n<meta property=\"og:url\" content=\"https:\/\/garaipince.hu\/en\/product\/tauninger-merlot-2022\/\" \/>\n<meta property=\"og:site_name\" content=\"Garai Pince\" \/>\n<meta property=\"article:publisher\" content=\"https:\/\/www.facebook.com\/GaraiPince\" \/>\n<meta property=\"article:modified_time\" content=\"2026-04-10T14:37:21+00:00\" \/>\n<meta property=\"og:image\" content=\"https:\/\/garaipince.hu\/wp-content\/uploads\/2025\/10\/tauningermerlot22termekkep.png\" \/>\n\t<meta property=\"og:image:width\" content=\"1000\" \/>\n\t<meta property=\"og:image:height\" content=\"1000\" \/>\n\t<meta property=\"og:image:type\" content=\"image\/png\" \/>\n<meta name=\"twitter:card\" content=\"summary_large_image\" \/>\n<meta name=\"twitter:label1\" content=\"Estimated reading time\" \/>\n\t<meta name=\"twitter:data1\" content=\"1 minute\" \/>\n<script type=\"application\/ld+json\" class=\"yoast-schema-graph\">{\"@context\":\"https:\\\/\\\/schema.org\",\"@graph\":[{\"@type\":\"WebPage\",\"@id\":\"https:\\\/\\\/garaipince.hu\\\/termek\\\/tauninger-merlot-2022\\\/\",\"url\":\"https:\\\/\\\/garaipince.hu\\\/termek\\\/tauninger-merlot-2022\\\/\",\"name\":\"Tauninger Merlot 2022 - Garai Pince\",\"isPartOf\":{\"@id\":\"https:\\\/\\\/garaipince.hu\\\/#website\"},\"primaryImageOfPage\":{\"@id\":\"https:\\\/\\\/garaipince.hu\\\/termek\\\/tauninger-merlot-2022\\\/#primaryimage\"},\"image\":{\"@id\":\"https:\\\/\\\/garaipince.hu\\\/termek\\\/tauninger-merlot-2022\\\/#primaryimage\"},\"thumbnailUrl\":\"https:\\\/\\\/garaipince.hu\\\/wp-content\\\/uploads\\\/2025\\\/10\\\/tauningermerlot22termekkep.png\",\"datePublished\":\"2025-12-22T09:12:43+00:00\",\"dateModified\":\"2026-04-10T14:37:21+00:00\",\"breadcrumb\":{\"@id\":\"https:\\\/\\\/garaipince.hu\\\/termek\\\/tauninger-merlot-2022\\\/#breadcrumb\"},\"inLanguage\":\"en-GB\",\"potentialAction\":[{\"@type\":\"ReadAction\",\"target\":[\"https:\\\/\\\/garaipince.hu\\\/termek\\\/tauninger-merlot-2022\\\/\"]}]},{\"@type\":\"ImageObject\",\"inLanguage\":\"en-GB\",\"@id\":\"https:\\\/\\\/garaipince.hu\\\/termek\\\/tauninger-merlot-2022\\\/#primaryimage\",\"url\":\"https:\\\/\\\/garaipince.hu\\\/wp-content\\\/uploads\\\/2025\\\/10\\\/tauningermerlot22termekkep.png\",\"contentUrl\":\"https:\\\/\\\/garaipince.hu\\\/wp-content\\\/uploads\\\/2025\\\/10\\\/tauningermerlot22termekkep.png\",\"width\":1000,\"height\":1000},{\"@type\":\"BreadcrumbList\",\"@id\":\"https:\\\/\\\/garaipince.hu\\\/termek\\\/tauninger-merlot-2022\\\/#breadcrumb\",\"itemListElement\":[{\"@type\":\"ListItem\",\"position\":1,\"name\":\"Kezd\u0151lap\",\"item\":\"https:\\\/\\\/garaipince.hu\\\/\"},{\"@type\":\"ListItem\",\"position\":2,\"name\":\"Webshop\",\"item\":\"https:\\\/\\\/garaipince.hu\\\/uzlet\\\/\"},{\"@type\":\"ListItem\",\"position\":3,\"name\":\"Tauninger Merlot 2022\"}]},{\"@type\":\"WebSite\",\"@id\":\"https:\\\/\\\/garaipince.hu\\\/#website\",\"url\":\"https:\\\/\\\/garaipince.hu\\\/\",\"name\":\"Garai Pinc\u00e9szet\",\"description\":\"Ny\u00e9kihegy - Szeksz\u00e1rdi borvid\u00e9k\",\"publisher\":{\"@id\":\"https:\\\/\\\/garaipince.hu\\\/#organization\"},\"potentialAction\":[{\"@type\":\"SearchAction\",\"target\":{\"@type\":\"EntryPoint\",\"urlTemplate\":\"https:\\\/\\\/garaipince.hu\\\/?s={search_term_string}\"},\"query-input\":{\"@type\":\"PropertyValueSpecification\",\"valueRequired\":true,\"valueName\":\"search_term_string\"}}],\"inLanguage\":\"en-GB\"},{\"@type\":\"Organization\",\"@id\":\"https:\\\/\\\/garaipince.hu\\\/#organization\",\"name\":\"Garai Pinc\u00e9szet\",\"url\":\"https:\\\/\\\/garaipince.hu\\\/\",\"logo\":{\"@type\":\"ImageObject\",\"inLanguage\":\"en-GB\",\"@id\":\"https:\\\/\\\/garaipince.hu\\\/#\\\/schema\\\/logo\\\/image\\\/\",\"url\":\"https:\\\/\\\/garaipince.hu\\\/wp-content\\\/uploads\\\/2024\\\/08\\\/TELJES_LOGO_FEKETE-BETU.png\",\"contentUrl\":\"https:\\\/\\\/garaipince.hu\\\/wp-content\\\/uploads\\\/2024\\\/08\\\/TELJES_LOGO_FEKETE-BETU.png\",\"width\":665,\"height\":1122,\"caption\":\"Garai Pinc\u00e9szet\"},\"image\":{\"@id\":\"https:\\\/\\\/garaipince.hu\\\/#\\\/schema\\\/logo\\\/image\\\/\"},\"sameAs\":[\"https:\\\/\\\/www.facebook.com\\\/GaraiPince\"]}]}<\/script>\n<!-- \/ Yoast SEO plugin. -->","yoast_head_json":{"title":"Tauninger Merlot 2022 - Garai Pince","robots":{"index":"index","follow":"follow","max-snippet":"max-snippet:-1","max-image-preview":"max-image-preview:large","max-video-preview":"max-video-preview:-1"},"canonical":"https:\/\/garaipince.hu\/en\/product\/tauninger-merlot-2022\/","og_locale":"en_GB","og_type":"article","og_title":"Tauninger Merlot 2022 - Garai Pince","og_url":"https:\/\/garaipince.hu\/en\/product\/tauninger-merlot-2022\/","og_site_name":"Garai Pince","article_publisher":"https:\/\/www.facebook.com\/GaraiPince","article_modified_time":"2026-04-10T14:37:21+00:00","og_image":[{"width":1000,"height":1000,"url":"https:\/\/garaipince.hu\/wp-content\/uploads\/2025\/10\/tauningermerlot22termekkep.png","type":"image\/png"}],"twitter_card":"summary_large_image","twitter_misc":{"Estimated reading time":"1 minute"},"schema":{"@context":"https:\/\/schema.org","@graph":[{"@type":"WebPage","@id":"https:\/\/garaipince.hu\/termek\/tauninger-merlot-2022\/","url":"https:\/\/garaipince.hu\/termek\/tauninger-merlot-2022\/","name":"Tauninger Merlot 2022 - Garai Pince","isPartOf":{"@id":"https:\/\/garaipince.hu\/#website"},"primaryImageOfPage":{"@id":"https:\/\/garaipince.hu\/termek\/tauninger-merlot-2022\/#primaryimage"},"image":{"@id":"https:\/\/garaipince.hu\/termek\/tauninger-merlot-2022\/#primaryimage"},"thumbnailUrl":"https:\/\/garaipince.hu\/wp-content\/uploads\/2025\/10\/tauningermerlot22termekkep.png","datePublished":"2025-12-22T09:12:43+00:00","dateModified":"2026-04-10T14:37:21+00:00","breadcrumb":{"@id":"https:\/\/garaipince.hu\/termek\/tauninger-merlot-2022\/#breadcrumb"},"inLanguage":"en-GB","potentialAction":[{"@type":"ReadAction","target":["https:\/\/garaipince.hu\/termek\/tauninger-merlot-2022\/"]}]},{"@type":"ImageObject","inLanguage":"en-GB","@id":"https:\/\/garaipince.hu\/termek\/tauninger-merlot-2022\/#primaryimage","url":"https:\/\/garaipince.hu\/wp-content\/uploads\/2025\/10\/tauningermerlot22termekkep.png","contentUrl":"https:\/\/garaipince.hu\/wp-content\/uploads\/2025\/10\/tauningermerlot22termekkep.png","width":1000,"height":1000},{"@type":"BreadcrumbList","@id":"https:\/\/garaipince.hu\/termek\/tauninger-merlot-2022\/#breadcrumb","itemListElement":[{"@type":"ListItem","position":1,"name":"Kezd\u0151lap","item":"https:\/\/garaipince.hu\/"},{"@type":"ListItem","position":2,"name":"Webshop","item":"https:\/\/garaipince.hu\/uzlet\/"},{"@type":"ListItem","position":3,"name":"Tauninger Merlot 2022"}]},{"@type":"WebSite","@id":"https:\/\/garaipince.hu\/#website","url":"https:\/\/garaipince.hu\/","name":"Garai Pinc\u00e9szet","description":"Ny\u00e9kihegy - Szeksz\u00e1rdi borvid\u00e9k","publisher":{"@id":"https:\/\/garaipince.hu\/#organization"},"potentialAction":[{"@type":"SearchAction","target":{"@type":"EntryPoint","urlTemplate":"https:\/\/garaipince.hu\/?s={search_term_string}"},"query-input":{"@type":"PropertyValueSpecification","valueRequired":true,"valueName":"search_term_string"}}],"inLanguage":"en-GB"},{"@type":"Organization","@id":"https:\/\/garaipince.hu\/#organization","name":"Garai Pinc\u00e9szet","url":"https:\/\/garaipince.hu\/","logo":{"@type":"ImageObject","inLanguage":"en-GB","@id":"https:\/\/garaipince.hu\/#\/schema\/logo\/image\/","url":"https:\/\/garaipince.hu\/wp-content\/uploads\/2024\/08\/TELJES_LOGO_FEKETE-BETU.png","contentUrl":"https:\/\/garaipince.hu\/wp-content\/uploads\/2024\/08\/TELJES_LOGO_FEKETE-BETU.png","width":665,"height":1122,"caption":"Garai Pinc\u00e9szet"},"image":{"@id":"https:\/\/garaipince.hu\/#\/schema\/logo\/image\/"},"sameAs":["https:\/\/www.facebook.com\/GaraiPince"]}]}},"_links":{"self":[{"href":"https:\/\/garaipince.hu\/en\/wp-json\/wp\/v2\/product\/2214","targetHints":{"allow":["GET"]}}],"collection":[{"href":"https:\/\/garaipince.hu\/en\/wp-json\/wp\/v2\/product"}],"about":[{"href":"https:\/\/garaipince.hu\/en\/wp-json\/wp\/v2\/types\/product"}],"wp:featuredmedia":[{"embeddable":true,"href":"https:\/\/garaipince.hu\/en\/wp-json\/wp\/v2\/media\/2213"}],"wp:attachment":[{"href":"https:\/\/garaipince.hu\/en\/wp-json\/wp\/v2\/media?parent=2214"}],"wp:term":[{"taxonomy":"product_brand","embeddable":true,"href":"https:\/\/garaipince.hu\/en\/wp-json\/wp\/v2\/product_brand?post=2214"},{"taxonomy":"product_cat","embeddable":true,"href":"https:\/\/garaipince.hu\/en\/wp-json\/wp\/v2\/product_cat?post=2214"},{"taxonomy":"product_tag","embeddable":true,"href":"https:\/\/garaipince.hu\/en\/wp-json\/wp\/v2\/product_tag?post=2214"}],"curies":[{"name":"wp","href":"https:\/\/api.w.org\/{rel}","templated":true}]}}