{"id":2271,"date":"2026-02-17T17:44:59","date_gmt":"2026-02-17T17:44:59","guid":{"rendered":"https:\/\/garaipince.hu\/?post_type=product&#038;p=2271"},"modified":"2026-03-19T16:10:18","modified_gmt":"2026-03-19T16:10:18","slug":"kulonleges-tauninger-evjaratkostolo-2026-03-21-15-00-ora","status":"publish","type":"product","link":"https:\/\/garaipince.hu\/en\/product\/kulonleges-tauninger-evjaratkostolo-2026-03-21-15-00-ora\/","title":{"rendered":"K\u00fcl\u00f6nleges T\u00e4uninger \u00e9vj\u00e1ratk\u00f3stol\u00f3 2026.03.21. 15.00 \u00f3ra"},"content":{"rendered":"<h1 style=\"text-align: center;\"><\/h1>\n<div><\/div>\n<div>Kiz\u00e1r\u00f3lag T\u00e4uninger borok t\u00f6bb \u00e9vj\u00e1ratb\u00f3l, limit\u00e1lt palacksz\u00e1m\u00fa, m\u00e1r nem forgalomban l\u00e9v\u0151 t\u00e9telek<\/div>\n<div>-ritka hord\u00f3mint\u00e1k<\/div>\n<div>-gyertyaf\u00e9nyes pincehangulat<\/div>\n<div>-besz\u00e9lget\u0151s este<\/div>\n<div><\/div>\n<div>Ez egy lass\u00fa elm\u00e9ly\u00fcl\u0151s k\u00f3stol\u00f3 azoknak, akiket \u00e9rdekel, hogyan mes\u00e9l egy d\u0171l\u0151 \u00e9vr\u0151l \u00e9vre m\u00e1s t\u00f6rt\u00e9netet<\/div>\n<div>-K\u00f3stolhat\u00f3 borok:<\/div>\n<div>-T\u00e4uninger Syrah 2024 hord\u00f3minta<\/div>\n<div>-T\u00e4uninger Merlot 2024 hord\u00f3minta<\/div>\n<div>-T\u00e4uninger Cuv\u00e9e 2024<\/div>\n<div>-T\u00e4uninger Cabernet franc 2023<\/div>\n<div>-T\u00e4uninger Cabernet sauvignon 2023<\/div>\n<div>-T\u00e4uninger Merlot 2022<\/div>\n<div>-T\u00e4uninger Cabernet franc 2021<\/div>\n<div>-T\u00e4uninger Cabernet sauvignon 2021<\/div>\n<div>-T\u00e4uninger Bord\u00f3i cuv\u00e9e 2021<\/div>\n<div>-T\u00e4uninger Cabernet franc 2020<\/div>\n<div>-Limit\u00e1lt, m\u00e1r nem rendelhet\u0151\u00a0 Cabernet Sauvignon hord\u00f3v\u00e1logat\u00e1s 2018<\/div>\n<div><\/div>\n<div><\/div>\n<div><\/div>\n<div>Az esem\u00e9nyen max.20 f\u0151 tud r\u00e9szt venni.<\/div>\n<div>A r\u00e9szv\u00e9tel el\u0151re v\u00e1ltott jeggyel lehets\u00e9ges.<\/div>\n<div><\/div>\n<div><\/div>\n<div><\/div>\n<div>\n<div class=\"yj6qo\"><\/div>\n<div class=\"adL\"><\/div>\n<\/div>","protected":false},"excerpt":{"rendered":"<p>Kiz\u00e1r\u00f3lag T\u00e4uninger borok t\u00f6bb \u00e9vj\u00e1ratb\u00f3l, limit\u00e1lt palacksz\u00e1m\u00fa, m\u00e1r nem forgalomban l\u00e9v\u0151 t\u00e9telek -ritka hord\u00f3mint\u00e1k -gyertyaf\u00e9nyes pincehangulat -besz\u00e9lget\u0151s este Ez egy lass\u00fa elm\u00e9ly\u00fcl\u0151s k\u00f3stol\u00f3 azoknak, akiket \u00e9rdekel, hogyan mes\u00e9l egy d\u0171l\u0151 \u00e9vr\u0151l \u00e9vre m\u00e1s t\u00f6rt\u00e9netet -K\u00f3stolhat\u00f3 borok: -T\u00e4uninger Syrah 2024 hord\u00f3minta -T\u00e4uninger Merlot 2024 hord\u00f3minta -T\u00e4uninger Cuv\u00e9e 2024 -T\u00e4uninger Cabernet franc 2023 -T\u00e4uninger Cabernet sauvignon 2023 [&hellip;]<\/p>\n","protected":false},"featured_media":2232,"template":"","meta":{"_et_pb_use_builder":"off","_et_pb_old_content":"<h1 style=\"text-align: center\"><strong>K\u00fcl\u00f6nleges T\u00e4uninger \u00e9vj\u00e1ratk\u00f3stol\u00f3<\/strong><\/h1>\r\n<h1 style=\"text-align: center\"><strong>2026.03.21. 15.00 \u00f3ra<\/strong><\/h1>\r\n<div><\/div>\r\n<div>Kiz\u00e1r\u00f3lag T\u00e4uninger borok t\u00f6bb \u00e9vj\u00e1ratb\u00f3l, limit\u00e1lt palacksz\u00e1m\u00fa, m\u00e1r nem forgalomban l\u00e9v\u0151 t\u00e9telek<\/div>\r\n<div>-ritka hord\u00f3mint\u00e1k<\/div>\r\n<div>-gyertyaf\u00e9nyes pincehangulat<\/div>\r\n<div>-besz\u00e9lget\u0151s este<\/div>\r\n<div><\/div>\r\n<div>Ez egy lass\u00fa elm\u00e9ly\u00fcl\u0151s k\u00f3stol\u00f3 azoknak, akiket \u00e9rdekel, hogyan mes\u00e9l egy d\u0171l\u0151 \u00e9vr\u0151l \u00e9vre m\u00e1s t\u00f6rt\u00e9netet<\/div>\r\n<div>-K\u00f3stolhat\u00f3 borok:<\/div>\r\n<div>-T\u00e4uninger Syrah 2024 hord\u00f3minta<\/div>\r\n<div>-T\u00e4uninger Merlot 2024 hord\u00f3minta<\/div>\r\n<div>-T\u00e4uninger Cuv\u00e9e 2024<\/div>\r\n<div>-T\u00e4uninger Cabernet franc 2023<\/div>\r\n<div>-T\u00e4uninger Cabernet sauvignon 2023<\/div>\r\n<div>-T\u00e4uninger Merlot 2022<\/div>\r\n<div>-T\u00e4uninger Cabernet franc 2021<\/div>\r\n<div>-T\u00e4uninger Cabernet sauvignon 2021<\/div>\r\n<div>-T\u00e4uninger Bord\u00f3i cuv\u00e9e 2021<\/div>\r\n<div>-T\u00e4uninger Cabernet franc 2020<\/div>\r\n<div>-Limit\u00e1lt, m\u00e1r nem rendelhet\u0151\u00a0 Cabernet Sauvignon hord\u00f3v\u00e1logat\u00e1s 2018<\/div>\r\n<div><\/div>\r\n<div><\/div>\r\n<div><\/div>\r\n<div>Az esem\u00e9nyen max.20 f\u0151 tud r\u00e9szt venni.<\/div>\r\n<div>A r\u00e9szv\u00e9tel el\u0151re v\u00e1ltott jeggyel lehets\u00e9ges.<\/div>\r\n<div><\/div>\r\n<div><\/div>\r\n<div><\/div>\r\n<div>\r\n<div class=\"yj6qo\"><\/div>\r\n<div class=\"adL\"><\/div>\r\n<\/div>","_et_gb_content_width":""},"product_brand":[],"product_cat":[23,38],"product_tag":[],"class_list":{"0":"post-2271","1":"product","2":"type-product","3":"status-publish","4":"has-post-thumbnail","6":"product_cat-egyeb","7":"product_cat-foglalas","9":"first","10":"outofstock","11":"virtual","12":"purchasable","13":"product-type-simple"},"yoast_head":"<!-- This site is optimized with the Yoast SEO plugin v27.3 - https:\/\/yoast.com\/product\/yoast-seo-wordpress\/ -->\n<title>K\u00fcl\u00f6nleges T\u00e4uninger \u00e9vj\u00e1ratk\u00f3stol\u00f3 2026.03.21. 15.00 \u00f3ra - Garai Pince<\/title>\n<meta name=\"robots\" content=\"index, follow, max-snippet:-1, max-image-preview:large, max-video-preview:-1\" \/>\n<link rel=\"canonical\" href=\"https:\/\/garaipince.hu\/en\/product\/kulonleges-tauninger-evjaratkostolo-2026-03-21-15-00-ora\/\" \/>\n<meta property=\"og:locale\" content=\"en_GB\" \/>\n<meta property=\"og:type\" content=\"article\" \/>\n<meta property=\"og:title\" content=\"K\u00fcl\u00f6nleges T\u00e4uninger \u00e9vj\u00e1ratk\u00f3stol\u00f3 2026.03.21. 15.00 \u00f3ra - Garai Pince\" \/>\n<meta property=\"og:description\" content=\"Kiz\u00e1r\u00f3lag T\u00e4uninger borok t\u00f6bb \u00e9vj\u00e1ratb\u00f3l, limit\u00e1lt palacksz\u00e1m\u00fa, m\u00e1r nem forgalomban l\u00e9v\u0151 t\u00e9telek -ritka hord\u00f3mint\u00e1k -gyertyaf\u00e9nyes pincehangulat -besz\u00e9lget\u0151s este Ez egy lass\u00fa elm\u00e9ly\u00fcl\u0151s k\u00f3stol\u00f3 azoknak, akiket \u00e9rdekel, hogyan mes\u00e9l egy d\u0171l\u0151 \u00e9vr\u0151l \u00e9vre m\u00e1s t\u00f6rt\u00e9netet -K\u00f3stolhat\u00f3 borok: -T\u00e4uninger Syrah 2024 hord\u00f3minta -T\u00e4uninger Merlot 2024 hord\u00f3minta -T\u00e4uninger Cuv\u00e9e 2024 -T\u00e4uninger Cabernet franc 2023 -T\u00e4uninger Cabernet sauvignon 2023 [&hellip;]\" \/>\n<meta property=\"og:url\" content=\"https:\/\/garaipince.hu\/en\/product\/kulonleges-tauninger-evjaratkostolo-2026-03-21-15-00-ora\/\" \/>\n<meta property=\"og:site_name\" content=\"Garai Pince\" \/>\n<meta property=\"article:publisher\" content=\"https:\/\/www.facebook.com\/GaraiPince\" \/>\n<meta property=\"article:modified_time\" content=\"2026-03-19T16:10:18+00:00\" \/>\n<meta property=\"og:image\" content=\"https:\/\/garaipince.hu\/wp-content\/uploads\/2025\/11\/20251108_152613-scaled-e1773853216947.jpg\" \/>\n\t<meta property=\"og:image:width\" content=\"1280\" \/>\n\t<meta property=\"og:image:height\" content=\"2035\" \/>\n\t<meta property=\"og:image:type\" content=\"image\/jpeg\" \/>\n<meta name=\"twitter:card\" content=\"summary_large_image\" \/>\n<meta name=\"twitter:label1\" content=\"Estimated reading time\" \/>\n\t<meta name=\"twitter:data1\" content=\"1 minute\" \/>\n<script type=\"application\/ld+json\" class=\"yoast-schema-graph\">{\"@context\":\"https:\\\/\\\/schema.org\",\"@graph\":[{\"@type\":\"WebPage\",\"@id\":\"https:\\\/\\\/garaipince.hu\\\/termek\\\/kulonleges-tauninger-evjaratkostolo-2026-03-21-15-00-ora\\\/\",\"url\":\"https:\\\/\\\/garaipince.hu\\\/termek\\\/kulonleges-tauninger-evjaratkostolo-2026-03-21-15-00-ora\\\/\",\"name\":\"K\u00fcl\u00f6nleges T\u00e4uninger \u00e9vj\u00e1ratk\u00f3stol\u00f3 2026.03.21. 15.00 \u00f3ra - Garai Pince\",\"isPartOf\":{\"@id\":\"https:\\\/\\\/garaipince.hu\\\/#website\"},\"primaryImageOfPage\":{\"@id\":\"https:\\\/\\\/garaipince.hu\\\/termek\\\/kulonleges-tauninger-evjaratkostolo-2026-03-21-15-00-ora\\\/#primaryimage\"},\"image\":{\"@id\":\"https:\\\/\\\/garaipince.hu\\\/termek\\\/kulonleges-tauninger-evjaratkostolo-2026-03-21-15-00-ora\\\/#primaryimage\"},\"thumbnailUrl\":\"https:\\\/\\\/garaipince.hu\\\/wp-content\\\/uploads\\\/2025\\\/11\\\/20251108_152613-scaled-e1773853216947.jpg\",\"datePublished\":\"2026-02-17T17:44:59+00:00\",\"dateModified\":\"2026-03-19T16:10:18+00:00\",\"breadcrumb\":{\"@id\":\"https:\\\/\\\/garaipince.hu\\\/termek\\\/kulonleges-tauninger-evjaratkostolo-2026-03-21-15-00-ora\\\/#breadcrumb\"},\"inLanguage\":\"en-GB\",\"potentialAction\":[{\"@type\":\"ReadAction\",\"target\":[\"https:\\\/\\\/garaipince.hu\\\/termek\\\/kulonleges-tauninger-evjaratkostolo-2026-03-21-15-00-ora\\\/\"]}]},{\"@type\":\"ImageObject\",\"inLanguage\":\"en-GB\",\"@id\":\"https:\\\/\\\/garaipince.hu\\\/termek\\\/kulonleges-tauninger-evjaratkostolo-2026-03-21-15-00-ora\\\/#primaryimage\",\"url\":\"https:\\\/\\\/garaipince.hu\\\/wp-content\\\/uploads\\\/2025\\\/11\\\/20251108_152613-scaled-e1773853216947.jpg\",\"contentUrl\":\"https:\\\/\\\/garaipince.hu\\\/wp-content\\\/uploads\\\/2025\\\/11\\\/20251108_152613-scaled-e1773853216947.jpg\",\"width\":1280,\"height\":2035},{\"@type\":\"BreadcrumbList\",\"@id\":\"https:\\\/\\\/garaipince.hu\\\/termek\\\/kulonleges-tauninger-evjaratkostolo-2026-03-21-15-00-ora\\\/#breadcrumb\",\"itemListElement\":[{\"@type\":\"ListItem\",\"position\":1,\"name\":\"Kezd\u0151lap\",\"item\":\"https:\\\/\\\/garaipince.hu\\\/\"},{\"@type\":\"ListItem\",\"position\":2,\"name\":\"Webshop\",\"item\":\"https:\\\/\\\/garaipince.hu\\\/uzlet\\\/\"},{\"@type\":\"ListItem\",\"position\":3,\"name\":\"K\u00fcl\u00f6nleges T\u00e4uninger \u00e9vj\u00e1ratk\u00f3stol\u00f3 2026.03.21. 15.00 \u00f3ra\"}]},{\"@type\":\"WebSite\",\"@id\":\"https:\\\/\\\/garaipince.hu\\\/#website\",\"url\":\"https:\\\/\\\/garaipince.hu\\\/\",\"name\":\"Garai Pinc\u00e9szet\",\"description\":\"Ny\u00e9kihegy - Szeksz\u00e1rdi borvid\u00e9k\",\"publisher\":{\"@id\":\"https:\\\/\\\/garaipince.hu\\\/#organization\"},\"potentialAction\":[{\"@type\":\"SearchAction\",\"target\":{\"@type\":\"EntryPoint\",\"urlTemplate\":\"https:\\\/\\\/garaipince.hu\\\/?s={search_term_string}\"},\"query-input\":{\"@type\":\"PropertyValueSpecification\",\"valueRequired\":true,\"valueName\":\"search_term_string\"}}],\"inLanguage\":\"en-GB\"},{\"@type\":\"Organization\",\"@id\":\"https:\\\/\\\/garaipince.hu\\\/#organization\",\"name\":\"Garai Pinc\u00e9szet\",\"url\":\"https:\\\/\\\/garaipince.hu\\\/\",\"logo\":{\"@type\":\"ImageObject\",\"inLanguage\":\"en-GB\",\"@id\":\"https:\\\/\\\/garaipince.hu\\\/#\\\/schema\\\/logo\\\/image\\\/\",\"url\":\"https:\\\/\\\/garaipince.hu\\\/wp-content\\\/uploads\\\/2024\\\/08\\\/TELJES_LOGO_FEKETE-BETU.png\",\"contentUrl\":\"https:\\\/\\\/garaipince.hu\\\/wp-content\\\/uploads\\\/2024\\\/08\\\/TELJES_LOGO_FEKETE-BETU.png\",\"width\":665,\"height\":1122,\"caption\":\"Garai Pinc\u00e9szet\"},\"image\":{\"@id\":\"https:\\\/\\\/garaipince.hu\\\/#\\\/schema\\\/logo\\\/image\\\/\"},\"sameAs\":[\"https:\\\/\\\/www.facebook.com\\\/GaraiPince\"]}]}<\/script>\n<!-- \/ Yoast SEO plugin. -->","yoast_head_json":{"title":"K\u00fcl\u00f6nleges T\u00e4uninger \u00e9vj\u00e1ratk\u00f3stol\u00f3 2026.03.21. 15.00 \u00f3ra - Garai Pince","robots":{"index":"index","follow":"follow","max-snippet":"max-snippet:-1","max-image-preview":"max-image-preview:large","max-video-preview":"max-video-preview:-1"},"canonical":"https:\/\/garaipince.hu\/en\/product\/kulonleges-tauninger-evjaratkostolo-2026-03-21-15-00-ora\/","og_locale":"en_GB","og_type":"article","og_title":"K\u00fcl\u00f6nleges T\u00e4uninger \u00e9vj\u00e1ratk\u00f3stol\u00f3 2026.03.21. 15.00 \u00f3ra - Garai Pince","og_description":"Kiz\u00e1r\u00f3lag T\u00e4uninger borok t\u00f6bb \u00e9vj\u00e1ratb\u00f3l, limit\u00e1lt palacksz\u00e1m\u00fa, m\u00e1r nem forgalomban l\u00e9v\u0151 t\u00e9telek -ritka hord\u00f3mint\u00e1k -gyertyaf\u00e9nyes pincehangulat -besz\u00e9lget\u0151s este Ez egy lass\u00fa elm\u00e9ly\u00fcl\u0151s k\u00f3stol\u00f3 azoknak, akiket \u00e9rdekel, hogyan mes\u00e9l egy d\u0171l\u0151 \u00e9vr\u0151l \u00e9vre m\u00e1s t\u00f6rt\u00e9netet -K\u00f3stolhat\u00f3 borok: -T\u00e4uninger Syrah 2024 hord\u00f3minta -T\u00e4uninger Merlot 2024 hord\u00f3minta -T\u00e4uninger Cuv\u00e9e 2024 -T\u00e4uninger Cabernet franc 2023 -T\u00e4uninger Cabernet sauvignon 2023 [&hellip;]","og_url":"https:\/\/garaipince.hu\/en\/product\/kulonleges-tauninger-evjaratkostolo-2026-03-21-15-00-ora\/","og_site_name":"Garai Pince","article_publisher":"https:\/\/www.facebook.com\/GaraiPince","article_modified_time":"2026-03-19T16:10:18+00:00","og_image":[{"width":1280,"height":2035,"url":"https:\/\/garaipince.hu\/wp-content\/uploads\/2025\/11\/20251108_152613-scaled-e1773853216947.jpg","type":"image\/jpeg"}],"twitter_card":"summary_large_image","twitter_misc":{"Estimated reading time":"1 minute"},"schema":{"@context":"https:\/\/schema.org","@graph":[{"@type":"WebPage","@id":"https:\/\/garaipince.hu\/termek\/kulonleges-tauninger-evjaratkostolo-2026-03-21-15-00-ora\/","url":"https:\/\/garaipince.hu\/termek\/kulonleges-tauninger-evjaratkostolo-2026-03-21-15-00-ora\/","name":"K\u00fcl\u00f6nleges T\u00e4uninger \u00e9vj\u00e1ratk\u00f3stol\u00f3 2026.03.21. 15.00 \u00f3ra - Garai Pince","isPartOf":{"@id":"https:\/\/garaipince.hu\/#website"},"primaryImageOfPage":{"@id":"https:\/\/garaipince.hu\/termek\/kulonleges-tauninger-evjaratkostolo-2026-03-21-15-00-ora\/#primaryimage"},"image":{"@id":"https:\/\/garaipince.hu\/termek\/kulonleges-tauninger-evjaratkostolo-2026-03-21-15-00-ora\/#primaryimage"},"thumbnailUrl":"https:\/\/garaipince.hu\/wp-content\/uploads\/2025\/11\/20251108_152613-scaled-e1773853216947.jpg","datePublished":"2026-02-17T17:44:59+00:00","dateModified":"2026-03-19T16:10:18+00:00","breadcrumb":{"@id":"https:\/\/garaipince.hu\/termek\/kulonleges-tauninger-evjaratkostolo-2026-03-21-15-00-ora\/#breadcrumb"},"inLanguage":"en-GB","potentialAction":[{"@type":"ReadAction","target":["https:\/\/garaipince.hu\/termek\/kulonleges-tauninger-evjaratkostolo-2026-03-21-15-00-ora\/"]}]},{"@type":"ImageObject","inLanguage":"en-GB","@id":"https:\/\/garaipince.hu\/termek\/kulonleges-tauninger-evjaratkostolo-2026-03-21-15-00-ora\/#primaryimage","url":"https:\/\/garaipince.hu\/wp-content\/uploads\/2025\/11\/20251108_152613-scaled-e1773853216947.jpg","contentUrl":"https:\/\/garaipince.hu\/wp-content\/uploads\/2025\/11\/20251108_152613-scaled-e1773853216947.jpg","width":1280,"height":2035},{"@type":"BreadcrumbList","@id":"https:\/\/garaipince.hu\/termek\/kulonleges-tauninger-evjaratkostolo-2026-03-21-15-00-ora\/#breadcrumb","itemListElement":[{"@type":"ListItem","position":1,"name":"Kezd\u0151lap","item":"https:\/\/garaipince.hu\/"},{"@type":"ListItem","position":2,"name":"Webshop","item":"https:\/\/garaipince.hu\/uzlet\/"},{"@type":"ListItem","position":3,"name":"K\u00fcl\u00f6nleges T\u00e4uninger \u00e9vj\u00e1ratk\u00f3stol\u00f3 2026.03.21. 15.00 \u00f3ra"}]},{"@type":"WebSite","@id":"https:\/\/garaipince.hu\/#website","url":"https:\/\/garaipince.hu\/","name":"Garai Pinc\u00e9szet","description":"Ny\u00e9kihegy - Szeksz\u00e1rdi borvid\u00e9k","publisher":{"@id":"https:\/\/garaipince.hu\/#organization"},"potentialAction":[{"@type":"SearchAction","target":{"@type":"EntryPoint","urlTemplate":"https:\/\/garaipince.hu\/?s={search_term_string}"},"query-input":{"@type":"PropertyValueSpecification","valueRequired":true,"valueName":"search_term_string"}}],"inLanguage":"en-GB"},{"@type":"Organization","@id":"https:\/\/garaipince.hu\/#organization","name":"Garai Pinc\u00e9szet","url":"https:\/\/garaipince.hu\/","logo":{"@type":"ImageObject","inLanguage":"en-GB","@id":"https:\/\/garaipince.hu\/#\/schema\/logo\/image\/","url":"https:\/\/garaipince.hu\/wp-content\/uploads\/2024\/08\/TELJES_LOGO_FEKETE-BETU.png","contentUrl":"https:\/\/garaipince.hu\/wp-content\/uploads\/2024\/08\/TELJES_LOGO_FEKETE-BETU.png","width":665,"height":1122,"caption":"Garai Pinc\u00e9szet"},"image":{"@id":"https:\/\/garaipince.hu\/#\/schema\/logo\/image\/"},"sameAs":["https:\/\/www.facebook.com\/GaraiPince"]}]}},"_links":{"self":[{"href":"https:\/\/garaipince.hu\/en\/wp-json\/wp\/v2\/product\/2271","targetHints":{"allow":["GET"]}}],"collection":[{"href":"https:\/\/garaipince.hu\/en\/wp-json\/wp\/v2\/product"}],"about":[{"href":"https:\/\/garaipince.hu\/en\/wp-json\/wp\/v2\/types\/product"}],"wp:featuredmedia":[{"embeddable":true,"href":"https:\/\/garaipince.hu\/en\/wp-json\/wp\/v2\/media\/2232"}],"wp:attachment":[{"href":"https:\/\/garaipince.hu\/en\/wp-json\/wp\/v2\/media?parent=2271"}],"wp:term":[{"taxonomy":"product_brand","embeddable":true,"href":"https:\/\/garaipince.hu\/en\/wp-json\/wp\/v2\/product_brand?post=2271"},{"taxonomy":"product_cat","embeddable":true,"href":"https:\/\/garaipince.hu\/en\/wp-json\/wp\/v2\/product_cat?post=2271"},{"taxonomy":"product_tag","embeddable":true,"href":"https:\/\/garaipince.hu\/en\/wp-json\/wp\/v2\/product_tag?post=2271"}],"curies":[{"name":"wp","href":"https:\/\/api.w.org\/{rel}","templated":true}]}}